{"id":86563,"date":"2021-12-24T03:51:20","date_gmt":"2021-12-24T03:51:20","guid":{"rendered":"https:\/\/garudasupplies.com\/?page_id=86563"},"modified":"2021-12-24T03:53:01","modified_gmt":"2021-12-24T03:53:01","slug":"sante-securite-environnement","status":"publish","type":"page","link":"https:\/\/garudasupplies.com\/fr\/a-propos-de-nous\/nos-fournisseurs\/sante-securite-environnement\/","title":{"rendered":"Sant\u00e9, S\u00e9curit\u00e9 &#038; Environnement"},"content":{"rendered":"\t\t<div data-elementor-type=\"wp-page\" data-elementor-id=\"86563\" class=\"elementor elementor-86563 elementor-85723\" data-elementor-post-type=\"page\">\n\t\t\t\t\t\t<section class=\"elementor-section elementor-top-section elementor-element elementor-element-869492a elementor-section-content-middle elementor-section-stretched elementor-section-boxed elementor-section-height-default elementor-section-height-default elementor-invisible\" data-id=\"869492a\" data-element_type=\"section\" data-settings=\"{&quot;background_background&quot;:&quot;classic&quot;,&quot;stretch_section&quot;:&quot;section-stretched&quot;,&quot;animation&quot;:&quot;fadeIn&quot;}\">\n\t\t\t\t\t\t\t<div class=\"elementor-background-overlay\"><\/div>\n\t\t\t\t\t\t\t<div class=\"elementor-container elementor-column-gap-wider\">\n\t\t\t\t\t<div class=\"elementor-column elementor-col-100 elementor-top-column elementor-element elementor-element-33bab83\" data-id=\"33bab83\" data-element_type=\"column\">\n\t\t\t<div class=\"elementor-widget-wrap elementor-element-populated\">\n\t\t\t\t\t<div class=\"elementor-background-overlay\"><\/div>\n\t\t\t\t\t\t<section class=\"elementor-section elementor-inner-section elementor-element elementor-element-101b134 elementor-section-full_width elementor-section-height-default elementor-section-height-default\" data-id=\"101b134\" data-element_type=\"section\">\n\t\t\t\t\t\t<div class=\"elementor-container elementor-column-gap-default\">\n\t\t\t\t\t<div class=\"elementor-column elementor-col-100 elementor-inner-column elementor-element elementor-element-9e8d857\" data-id=\"9e8d857\" data-element_type=\"column\">\n\t\t\t<div class=\"elementor-widget-wrap elementor-element-populated\">\n\t\t\t\t\t\t<div class=\"elementor-element elementor-element-a7126a5 elementor-widget elementor-widget-heading\" data-id=\"a7126a5\" data-element_type=\"widget\" data-widget_type=\"heading.default\">\n\t\t\t\t<div class=\"elementor-widget-container\">\n\t\t\t\t\t<h1 class=\"elementor-heading-title elementor-size-default\">Sant\u00e9, S\u00e9curit\u00e9 &amp; Environnement<\/h1>\t\t\t\t<\/div>\n\t\t\t\t<\/div>\n\t\t\t\t\t<\/div>\n\t\t<\/div>\n\t\t\t\t\t<\/div>\n\t\t<\/section>\n\t\t\t\t\t<\/div>\n\t\t<\/div>\n\t\t\t\t\t<\/div>\n\t\t<\/section>\n\t\t\t\t<section class=\"elementor-section elementor-top-section elementor-element elementor-element-e4a8a9d elementor-section-content-middle elementor-section-boxed elementor-section-height-default elementor-section-height-default elementor-invisible\" data-id=\"e4a8a9d\" data-element_type=\"section\" data-settings=\"{&quot;background_background&quot;:&quot;classic&quot;,&quot;animation&quot;:&quot;fadeIn&quot;}\">\n\t\t\t\t\t\t\t<div class=\"elementor-background-overlay\"><\/div>\n\t\t\t\t\t\t\t<div class=\"elementor-container elementor-column-gap-no\">\n\t\t\t\t\t<div class=\"elementor-column elementor-col-100 elementor-top-column elementor-element elementor-element-a3ef14d\" data-id=\"a3ef14d\" data-element_type=\"column\">\n\t\t\t<div class=\"elementor-widget-wrap elementor-element-populated\">\n\t\t\t\t\t\t<div class=\"elementor-element elementor-element-2d4006d elementor-widget elementor-widget-text-editor\" data-id=\"2d4006d\" data-element_type=\"widget\" data-widget_type=\"text-editor.default\">\n\t\t\t\t<div class=\"elementor-widget-container\">\n\t\t\t\t\t\t\t\t\t<p>Indonesian Supplies s&#8217;efforce toujours d&#8217;am\u00e9liorer la qualit\u00e9 de nos services et produits tout en prot\u00e9geant les personnes et l&#8217;environnement. Ceci est fait chez Indonesia Supplies en garantissant la sant\u00e9 humaine, la s\u00e9curit\u00e9, la protection de l&#8217;environnement et la bonne volont\u00e9 du public. Cet engagement est dans le meilleur int\u00e9r\u00eat des vendeurs, acheteurs, consultants et employ\u00e9s lorsqu&#8217;ils travaillent ou effectuent des transactions.<\/p><p>Indonesian Supplies s&#8217;engage \u00e0 prot\u00e9ger et \u00e0 travailler pour am\u00e9liorer la sant\u00e9, la s\u00fbret\u00e9, la s\u00e9curit\u00e9 des employ\u00e9s au travail et l&#8217;environnement affect\u00e9 par une entreprise. Dans le domaine de la Sant\u00e9, les salari\u00e9s doivent avoir acc\u00e8s \u00e0 la Sant\u00e9 et le droit \u00e0 la Sant\u00e9 id\u00e9ale. Dans le domaine de l&#8217;environnement, l&#8217;emplacement de l&#8217;entreprise doit \u00eatre exempt de pollution, doit r\u00e9duire la consommation et les \u00e9missions de ressources naturelles, ainsi que r\u00e9duire et recycler les d\u00e9chets. Tout cela ne peut certainement pas \u00eatre fait seul, car Indonesia Supplies exige un engagement et une responsabilit\u00e9 actifs en mati\u00e8re de HSE (sant\u00e9, s\u00e9curit\u00e9 et environnement) de la part de toutes les parties, ce qui peut \u00eatre illustr\u00e9 par ISO 14001 (pour l&#8217;environnement) et OHSAS 18001 (pour la s\u00e9curit\u00e9 au travail). .<\/p><p>Cette politique sera revue p\u00e9riodiquement pour s&#8217;adapter dans une entreprise durable. Un engagement qui s&#8217;ajoute \u00e0 notre obligation fondamentale de nous conformer aux normes d&#8217;\u00e9quipement indon\u00e9siennes et \u00e0 toutes les lois ou r\u00e9glementations applicables en Indon\u00e9sie. Ceci est tr\u00e8s important pour le succ\u00e8s de notre entreprise car cela nous aide \u00e0 couvrir toutes les pertes de mani\u00e8re syst\u00e9matique et \u00e0 ajouter de la valeur \u00e0 toutes nos parties prenantes.<\/p><p>Si vous poss\u00e9dez un certificat HSE (OHSAS 18001 et ISO 14001), veuillez remplir le formulaire en ligne fourni sur le site Web Indonesian Supplies.<\/p>\t\t\t\t\t\t\t\t<\/div>\n\t\t\t\t<\/div>\n\t\t\t\t\t<\/div>\n\t\t<\/div>\n\t\t\t\t\t<\/div>\n\t\t<\/section>\n\t\t\t\t<\/div>\n\t\t","protected":false},"excerpt":{"rendered":"<p>Sant\u00e9, S\u00e9curit\u00e9 &#038; Environnement Indonesian Supplies s&#8217;efforce toujours d&#8217;am\u00e9liorer la qualit\u00e9 de nos services et produits tout en prot\u00e9geant les personnes et l&#8217;environnement. Ceci est fait chez Indonesia Supplies en garantissant la sant\u00e9 humaine, la s\u00e9curit\u00e9, la protection de l&#8217;environnement et la bonne volont\u00e9 du public. Cet engagement est dans le meilleur int\u00e9r\u00eat des vendeurs, [&hellip;]<\/p>\n","protected":false},"author":4096,"featured_media":0,"parent":27718,"menu_order":0,"comment_status":"closed","ping_status":"closed","template":"","meta":{"_acf_changed":false,"ocean_post_layout":"","ocean_both_sidebars_style":"","ocean_both_sidebars_content_width":0,"ocean_both_sidebars_sidebars_width":0,"ocean_sidebar":"0","ocean_second_sidebar":"0","ocean_disable_margins":"enable","ocean_add_body_class":"","ocean_shortcode_before_top_bar":"","ocean_shortcode_after_top_bar":"","ocean_shortcode_before_header":"","ocean_shortcode_after_header":"","ocean_has_shortcode":"","ocean_shortcode_after_title":"","ocean_shortcode_before_footer_widgets":"","ocean_shortcode_after_footer_widgets":"","ocean_shortcode_before_footer_bottom":"","ocean_shortcode_after_footer_bottom":"","ocean_display_top_bar":"default","ocean_display_header":"default","ocean_header_style":"","ocean_center_header_left_menu":"0","ocean_custom_header_template":"0","ocean_custom_logo":0,"ocean_custom_retina_logo":0,"ocean_custom_logo_max_width":0,"ocean_custom_logo_tablet_max_width":0,"ocean_custom_logo_mobile_max_width":0,"ocean_custom_logo_max_height":0,"ocean_custom_logo_tablet_max_height":0,"ocean_custom_logo_mobile_max_height":0,"ocean_header_custom_menu":"0","ocean_menu_typo_font_family":"0","ocean_menu_typo_font_subset":"","ocean_menu_typo_font_size":0,"ocean_menu_typo_font_size_tablet":0,"ocean_menu_typo_font_size_mobile":0,"ocean_menu_typo_font_size_unit":"px","ocean_menu_typo_font_weight":"","ocean_menu_typo_font_weight_tablet":"","ocean_menu_typo_font_weight_mobile":"","ocean_menu_typo_transform":"","ocean_menu_typo_transform_tablet":"","ocean_menu_typo_transform_mobile":"","ocean_menu_typo_line_height":0,"ocean_menu_typo_line_height_tablet":0,"ocean_menu_typo_line_height_mobile":0,"ocean_menu_typo_line_height_unit":"","ocean_menu_typo_spacing":0,"ocean_menu_typo_spacing_tablet":0,"ocean_menu_typo_spacing_mobile":0,"ocean_menu_typo_spacing_unit":"","ocean_menu_link_color":"","ocean_menu_link_color_hover":"","ocean_menu_link_color_active":"","ocean_menu_link_background":"","ocean_menu_link_hover_background":"","ocean_menu_link_active_background":"","ocean_menu_social_links_bg":"","ocean_menu_social_hover_links_bg":"","ocean_menu_social_links_color":"","ocean_menu_social_hover_links_color":"","ocean_disable_title":"default","ocean_disable_heading":"default","ocean_post_title":"","ocean_post_subheading":"","ocean_post_title_style":"","ocean_post_title_background_color":"","ocean_post_title_background":0,"ocean_post_title_bg_image_position":"","ocean_post_title_bg_image_attachment":"","ocean_post_title_bg_image_repeat":"","ocean_post_title_bg_image_size":"","ocean_post_title_height":0,"ocean_post_title_bg_overlay":0.5,"ocean_post_title_bg_overlay_color":"","ocean_disable_breadcrumbs":"default","ocean_breadcrumbs_color":"","ocean_breadcrumbs_separator_color":"","ocean_breadcrumbs_links_color":"","ocean_breadcrumbs_links_hover_color":"","ocean_display_footer_widgets":"default","ocean_display_footer_bottom":"default","ocean_custom_footer_template":"0","footnotes":""},"simple-restrict-permission":[],"class_list":["post-86563","page","type-page","status-publish","hentry","entry","owp-thumbs-layout-vertical","owp-btn-normal","owp-tabs-layout-horizontal","has-no-thumbnails","has-product-nav"],"acf":[],"yoast_head":"<!-- This site is optimized with the Yoast SEO plugin v26.9 - https:\/\/yoast.com\/product\/yoast-seo-wordpress\/ -->\n<title>Sant\u00e9, S\u00e9curit\u00e9 &amp; Environnement<\/title>\n<meta name=\"robots\" content=\"index, follow, max-snippet:-1, max-image-preview:large, max-video-preview:-1\" \/>\n<link rel=\"canonical\" href=\"https:\/\/garudasupplies.com\/en\/about-us\/our-suppliers-2\/health-safety-and-environment\/\" \/>\n<meta name=\"twitter:card\" content=\"summary_large_image\" \/>\n<meta name=\"twitter:title\" content=\"Sant\u00e9, S\u00e9curit\u00e9 &amp; Environnement\" \/>\n<meta name=\"twitter:description\" content=\"Sant\u00e9, S\u00e9curit\u00e9 &amp; Environnement Indonesian Supplies s&#039;efforce toujours d&#039;am\u00e9liorer la qualit\u00e9 de nos services et produits tout en prot\u00e9geant les personnes et l&#039;environnement. Ceci est fait chez Indonesia Supplies en garantissant la sant\u00e9 humaine, la s\u00e9curit\u00e9, la protection de l&#039;environnement et la bonne volont\u00e9 du public. Cet engagement est dans le meilleur int\u00e9r\u00eat des vendeurs, [&hellip;]\" \/>\n<meta name=\"twitter:label1\" content=\"Est. reading time\" \/>\n\t<meta name=\"twitter:data1\" content=\"2 minutes\" \/>\n<script type=\"application\/ld+json\" class=\"yoast-schema-graph\">{\"@context\":\"https:\/\/schema.org\",\"@graph\":[{\"@type\":\"WebPage\",\"@id\":\"https:\/\/garudasupplies.com\/en\/about-us\/our-suppliers-2\/health-safety-and-environment\/\",\"url\":\"https:\/\/garudasupplies.com\/en\/about-us\/our-suppliers-2\/health-safety-and-environment\/\",\"name\":\"Sant\u00e9, S\u00e9curit\u00e9 & Environnement\",\"isPartOf\":{\"@id\":\"https:\/\/garudasupplies.com\/en\/#website\"},\"datePublished\":\"2021-12-24T03:51:20+00:00\",\"dateModified\":\"2021-12-24T03:53:01+00:00\",\"breadcrumb\":{\"@id\":\"https:\/\/garudasupplies.com\/en\/about-us\/our-suppliers-2\/health-safety-and-environment\/#breadcrumb\"},\"inLanguage\":\"fr-FR\",\"potentialAction\":[{\"@type\":\"ReadAction\",\"target\":[\"https:\/\/garudasupplies.com\/en\/about-us\/our-suppliers-2\/health-safety-and-environment\/\"]}]},{\"@type\":\"BreadcrumbList\",\"@id\":\"https:\/\/garudasupplies.com\/en\/about-us\/our-suppliers-2\/health-safety-and-environment\/#breadcrumb\",\"itemListElement\":[{\"@type\":\"ListItem\",\"position\":1,\"name\":\"Home\",\"item\":\"https:\/\/garudasupplies.com\/en\/\"},{\"@type\":\"ListItem\",\"position\":2,\"name\":\"\u00c0 Propos De Nous\",\"item\":\"https:\/\/garudasupplies.com\/en\/about-us\/\"},{\"@type\":\"ListItem\",\"position\":3,\"name\":\"Nos Fournisseurs\",\"item\":\"https:\/\/garudasupplies.com\/en\/about-us\/our-suppliers-2\/\"},{\"@type\":\"ListItem\",\"position\":4,\"name\":\"Sant\u00e9, S\u00e9curit\u00e9 &#038; Environnement\"}]},{\"@type\":\"WebSite\",\"@id\":\"https:\/\/garudasupplies.com\/en\/#website\",\"url\":\"https:\/\/garudasupplies.com\/en\/\",\"name\":\"Garuda Supplies\",\"description\":\"Garuda Supplies\",\"publisher\":{\"@id\":\"https:\/\/garudasupplies.com\/en\/#organization\"},\"potentialAction\":[{\"@type\":\"SearchAction\",\"target\":{\"@type\":\"EntryPoint\",\"urlTemplate\":\"https:\/\/garudasupplies.com\/en\/?s={search_term_string}\"},\"query-input\":{\"@type\":\"PropertyValueSpecification\",\"valueRequired\":true,\"valueName\":\"search_term_string\"}}],\"inLanguage\":\"fr-FR\"},{\"@type\":\"Organization\",\"@id\":\"https:\/\/garudasupplies.com\/en\/#organization\",\"name\":\"PT Indonesian Supplies\",\"url\":\"https:\/\/garudasupplies.com\/en\/\",\"logo\":{\"@type\":\"ImageObject\",\"inLanguage\":\"fr-FR\",\"@id\":\"https:\/\/garudasupplies.com\/en\/#\/schema\/logo\/image\/\",\"url\":\"https:\/\/garudasupplies.com\/wp-content\/uploads\/2021\/05\/Logo-Indonesian-Supplies-300x352-1.png\",\"contentUrl\":\"https:\/\/garudasupplies.com\/wp-content\/uploads\/2021\/05\/Logo-Indonesian-Supplies-300x352-1.png\",\"width\":300,\"height\":253,\"caption\":\"PT Indonesian Supplies\"},\"image\":{\"@id\":\"https:\/\/garudasupplies.com\/en\/#\/schema\/logo\/image\/\"},\"sameAs\":[\"https:\/\/www.facebook.com\/Indonesian-Supplies-110227014847832\"]}]}<\/script>\n<!-- \/ Yoast SEO plugin. -->","yoast_head_json":{"title":"Sant\u00e9, S\u00e9curit\u00e9 & Environnement","robots":{"index":"index","follow":"follow","max-snippet":"max-snippet:-1","max-image-preview":"max-image-preview:large","max-video-preview":"max-video-preview:-1"},"canonical":"https:\/\/garudasupplies.com\/en\/about-us\/our-suppliers-2\/health-safety-and-environment\/","twitter_card":"summary_large_image","twitter_title":"Sant\u00e9, S\u00e9curit\u00e9 & Environnement","twitter_description":"Sant\u00e9, S\u00e9curit\u00e9 & Environnement Indonesian Supplies s'efforce toujours d'am\u00e9liorer la qualit\u00e9 de nos services et produits tout en prot\u00e9geant les personnes et l'environnement. Ceci est fait chez Indonesia Supplies en garantissant la sant\u00e9 humaine, la s\u00e9curit\u00e9, la protection de l'environnement et la bonne volont\u00e9 du public. Cet engagement est dans le meilleur int\u00e9r\u00eat des vendeurs, [&hellip;]","twitter_misc":{"Est. reading time":"2 minutes"},"schema":{"@context":"https:\/\/schema.org","@graph":[{"@type":"WebPage","@id":"https:\/\/garudasupplies.com\/en\/about-us\/our-suppliers-2\/health-safety-and-environment\/","url":"https:\/\/garudasupplies.com\/en\/about-us\/our-suppliers-2\/health-safety-and-environment\/","name":"Sant\u00e9, S\u00e9curit\u00e9 & Environnement","isPartOf":{"@id":"https:\/\/garudasupplies.com\/en\/#website"},"datePublished":"2021-12-24T03:51:20+00:00","dateModified":"2021-12-24T03:53:01+00:00","breadcrumb":{"@id":"https:\/\/garudasupplies.com\/en\/about-us\/our-suppliers-2\/health-safety-and-environment\/#breadcrumb"},"inLanguage":"fr-FR","potentialAction":[{"@type":"ReadAction","target":["https:\/\/garudasupplies.com\/en\/about-us\/our-suppliers-2\/health-safety-and-environment\/"]}]},{"@type":"BreadcrumbList","@id":"https:\/\/garudasupplies.com\/en\/about-us\/our-suppliers-2\/health-safety-and-environment\/#breadcrumb","itemListElement":[{"@type":"ListItem","position":1,"name":"Home","item":"https:\/\/garudasupplies.com\/en\/"},{"@type":"ListItem","position":2,"name":"\u00c0 Propos De Nous","item":"https:\/\/garudasupplies.com\/en\/about-us\/"},{"@type":"ListItem","position":3,"name":"Nos Fournisseurs","item":"https:\/\/garudasupplies.com\/en\/about-us\/our-suppliers-2\/"},{"@type":"ListItem","position":4,"name":"Sant\u00e9, S\u00e9curit\u00e9 &#038; Environnement"}]},{"@type":"WebSite","@id":"https:\/\/garudasupplies.com\/en\/#website","url":"https:\/\/garudasupplies.com\/en\/","name":"Garuda Supplies","description":"Garuda Supplies","publisher":{"@id":"https:\/\/garudasupplies.com\/en\/#organization"},"potentialAction":[{"@type":"SearchAction","target":{"@type":"EntryPoint","urlTemplate":"https:\/\/garudasupplies.com\/en\/?s={search_term_string}"},"query-input":{"@type":"PropertyValueSpecification","valueRequired":true,"valueName":"search_term_string"}}],"inLanguage":"fr-FR"},{"@type":"Organization","@id":"https:\/\/garudasupplies.com\/en\/#organization","name":"PT Indonesian Supplies","url":"https:\/\/garudasupplies.com\/en\/","logo":{"@type":"ImageObject","inLanguage":"fr-FR","@id":"https:\/\/garudasupplies.com\/en\/#\/schema\/logo\/image\/","url":"https:\/\/garudasupplies.com\/wp-content\/uploads\/2021\/05\/Logo-Indonesian-Supplies-300x352-1.png","contentUrl":"https:\/\/garudasupplies.com\/wp-content\/uploads\/2021\/05\/Logo-Indonesian-Supplies-300x352-1.png","width":300,"height":253,"caption":"PT Indonesian Supplies"},"image":{"@id":"https:\/\/garudasupplies.com\/en\/#\/schema\/logo\/image\/"},"sameAs":["https:\/\/www.facebook.com\/Indonesian-Supplies-110227014847832"]}]}},"_links":{"self":[{"href":"https:\/\/garudasupplies.com\/fr\/wp-json\/wp\/v2\/pages\/86563","targetHints":{"allow":["GET"]}}],"collection":[{"href":"https:\/\/garudasupplies.com\/fr\/wp-json\/wp\/v2\/pages"}],"about":[{"href":"https:\/\/garudasupplies.com\/fr\/wp-json\/wp\/v2\/types\/page"}],"author":[{"embeddable":true,"href":"https:\/\/garudasupplies.com\/fr\/wp-json\/wp\/v2\/users\/4096"}],"replies":[{"embeddable":true,"href":"https:\/\/garudasupplies.com\/fr\/wp-json\/wp\/v2\/comments?post=86563"}],"version-history":[{"count":0,"href":"https:\/\/garudasupplies.com\/fr\/wp-json\/wp\/v2\/pages\/86563\/revisions"}],"up":[{"embeddable":true,"href":"https:\/\/garudasupplies.com\/fr\/wp-json\/wp\/v2\/pages\/27718"}],"wp:attachment":[{"href":"https:\/\/garudasupplies.com\/fr\/wp-json\/wp\/v2\/media?parent=86563"}],"wp:term":[{"taxonomy":"simple-restrict-permission","embeddable":true,"href":"https:\/\/garudasupplies.com\/fr\/wp-json\/wp\/v2\/simple-restrict-permission?post=86563"}],"curies":[{"name":"wp","href":"https:\/\/api.w.org\/{rel}","templated":true}]}}