{"id":86535,"date":"2021-12-24T03:43:12","date_gmt":"2021-12-24T03:43:12","guid":{"rendered":"https:\/\/garudasupplies.com\/?page_id=86535"},"modified":"2021-12-24T03:44:36","modified_gmt":"2021-12-24T03:44:36","slug":"politique-procedures","status":"publish","type":"page","link":"https:\/\/garudasupplies.com\/fr\/a-propos-de-nous\/nos-fournisseurs\/politique-procedures\/","title":{"rendered":"Politique &#038; Proc\u00e9dures"},"content":{"rendered":"\t\t<div data-elementor-type=\"wp-page\" data-elementor-id=\"86535\" class=\"elementor elementor-86535 elementor-84929\" data-elementor-post-type=\"page\">\n\t\t\t\t\t\t<section class=\"elementor-section elementor-top-section elementor-element elementor-element-13d6461 elementor-section-content-middle elementor-section-stretched elementor-section-boxed elementor-section-height-default elementor-section-height-default elementor-invisible\" data-id=\"13d6461\" data-element_type=\"section\" data-settings=\"{&quot;background_background&quot;:&quot;classic&quot;,&quot;stretch_section&quot;:&quot;section-stretched&quot;,&quot;animation&quot;:&quot;fadeIn&quot;}\">\n\t\t\t\t\t\t\t<div class=\"elementor-background-overlay\"><\/div>\n\t\t\t\t\t\t\t<div class=\"elementor-container elementor-column-gap-wider\">\n\t\t\t\t\t<div class=\"elementor-column elementor-col-100 elementor-top-column elementor-element elementor-element-9055b80\" data-id=\"9055b80\" data-element_type=\"column\">\n\t\t\t<div class=\"elementor-widget-wrap elementor-element-populated\">\n\t\t\t\t\t<div class=\"elementor-background-overlay\"><\/div>\n\t\t\t\t\t\t<section class=\"elementor-section elementor-inner-section elementor-element elementor-element-f7b7dae elementor-section-full_width elementor-section-height-default elementor-section-height-default\" data-id=\"f7b7dae\" data-element_type=\"section\">\n\t\t\t\t\t\t<div class=\"elementor-container elementor-column-gap-default\">\n\t\t\t\t\t<div class=\"elementor-column elementor-col-100 elementor-inner-column elementor-element elementor-element-090812d\" data-id=\"090812d\" data-element_type=\"column\">\n\t\t\t<div class=\"elementor-widget-wrap elementor-element-populated\">\n\t\t\t\t\t\t<div class=\"elementor-element elementor-element-118589d elementor-widget elementor-widget-heading\" data-id=\"118589d\" data-element_type=\"widget\" data-widget_type=\"heading.default\">\n\t\t\t\t<div class=\"elementor-widget-container\">\n\t\t\t\t\t<h1 class=\"elementor-heading-title elementor-size-default\">Politique and Proc\u00e9dures<\/h1>\t\t\t\t<\/div>\n\t\t\t\t<\/div>\n\t\t\t\t\t<\/div>\n\t\t<\/div>\n\t\t\t\t\t<\/div>\n\t\t<\/section>\n\t\t\t\t\t<\/div>\n\t\t<\/div>\n\t\t\t\t\t<\/div>\n\t\t<\/section>\n\t\t\t\t<section class=\"elementor-section elementor-top-section elementor-element elementor-element-ae0b4f8 elementor-section-content-middle elementor-section-stretched elementor-section-boxed elementor-section-height-default elementor-section-height-default elementor-invisible\" data-id=\"ae0b4f8\" data-element_type=\"section\" data-settings=\"{&quot;background_background&quot;:&quot;classic&quot;,&quot;animation&quot;:&quot;fadeIn&quot;,&quot;stretch_section&quot;:&quot;section-stretched&quot;}\">\n\t\t\t\t\t\t\t<div class=\"elementor-background-overlay\"><\/div>\n\t\t\t\t\t\t\t<div class=\"elementor-container elementor-column-gap-no\">\n\t\t\t\t\t<div class=\"elementor-column elementor-col-100 elementor-top-column elementor-element elementor-element-f776efe\" data-id=\"f776efe\" data-element_type=\"column\">\n\t\t\t<div class=\"elementor-widget-wrap elementor-element-populated\">\n\t\t\t\t\t\t<div class=\"elementor-element elementor-element-d8e4070 elementor-widget elementor-widget-text-editor\" data-id=\"d8e4070\" data-element_type=\"widget\" data-widget_type=\"text-editor.default\">\n\t\t\t\t<div class=\"elementor-widget-container\">\n\t\t\t\t\t\t\t\t\t<p>Dans la gestion de son entreprise, Indonesian Supplies se conforme toujours aux r\u00e8gles qui s&#8217;appliquent en Indon\u00e9sie sans exception. Lors de la cr\u00e9ation de cette soci\u00e9t\u00e9, Indonesian Supplies s&#8217;est conform\u00e9e \u00e0 la loi num\u00e9ro 40 de 2007 concernant les soci\u00e9t\u00e9s \u00e0 responsabilit\u00e9 limit\u00e9e et \u00e0 diverses autres r\u00e9glementations connexes.<\/p><p>Les donn\u00e9es ont \u00e9t\u00e9 r\u00e9glement\u00e9es de cette mani\u00e8re par Indonesian Supplies qui s&#8217;est conform\u00e9e aux r\u00e9glementations en vigueur (R\u00e8glement du ministre de la Communication et de l&#8217;Information de la R\u00e9publique d&#8217;Indon\u00e9sie) \u00e0 la fois en Indon\u00e9sie et \u00e0 l&#8217;\u00e9tranger, telles que GDPR (R\u00e8glement g\u00e9n\u00e9ral sur la protection des donn\u00e9es), Californie Consumer Privacy Act (CCPA) ou d&#8217;autres r\u00e9glementations afin qu&#8217;il attache une grande importance et maintienne la confidentialit\u00e9 des donn\u00e9es du client qui ont \u00e9t\u00e9 saisies dans le syst\u00e8me ou le site Web de Indonesian Supplies.<\/p><p>En termes d&#8217;emploi, Indonesian Supplies a et essaiera toujours de respecter toutes les r\u00e8gles \u00e9crites dans la loi num\u00e9ro 13 de 2003 concernant la main-d&#8217;\u0153uvre et la loi num\u00e9ro 11 de 2020 concernant la cr\u00e9ation d&#8217;emplois, ce qui signifie qu&#8217;elle a rempli les droits et obligations des employ\u00e9s conform\u00e9ment \u00e0 la loi. &#8211; loi.<\/p><p>Dans le domaine de la sant\u00e9, Indonesian Supplies accorde \u00e9galement des droits \u00e0 la sant\u00e9 aux employ\u00e9s conform\u00e9ment \u00e0 la loi num\u00e9ro 36 de 2009 concernant la sant\u00e9 et \u00e0 la loi num\u00e9ro 24 de 2011 concernant l&#8217;organisme d&#8217;administration de la s\u00e9curit\u00e9 sociale.<\/p><p>Pour fournir divers types de services num\u00e9riques aux clients, Indonesian Supplies s&#8217;est \u00e9galement conform\u00e9 \u00e0 diverses r\u00e9glementations telles que la loi num\u00e9ro 7 de 2014 concernant le commerce, la loi num\u00e9ro 11 de 2008 concernant l&#8217;information et les transactions \u00e9lectroniques, la loi num\u00e9ro 19 de 2016 concernant l&#8217;amendement de la loi num\u00e9ro 11 de 2008 concernant l&#8217;Information et les Transactions Electroniques et diverses r\u00e9glementations y aff\u00e9rentes.<\/p><p>Toutes les proc\u00e9dures qui se produisent et sont r\u00e9glement\u00e9es par Indonesian Supplies sont conformes \u00e0 toutes sortes de r\u00e8gles afin que chaque transaction et activit\u00e9 commerciale effectu\u00e9e par Indonesian Supplies se d\u00e9roule toujours sans heurts.<\/p>\t\t\t\t\t\t\t\t<\/div>\n\t\t\t\t<\/div>\n\t\t\t\t\t<\/div>\n\t\t<\/div>\n\t\t\t\t\t<\/div>\n\t\t<\/section>\n\t\t\t\t<\/div>\n\t\t","protected":false},"excerpt":{"rendered":"<p>Politique and Proc\u00e9dures Dans la gestion de son entreprise, Indonesian Supplies se conforme toujours aux r\u00e8gles qui s&#8217;appliquent en Indon\u00e9sie sans exception. Lors de la cr\u00e9ation de cette soci\u00e9t\u00e9, Indonesian Supplies s&#8217;est conform\u00e9e \u00e0 la loi num\u00e9ro 40 de 2007 concernant les soci\u00e9t\u00e9s \u00e0 responsabilit\u00e9 limit\u00e9e et \u00e0 diverses autres r\u00e9glementations connexes. Les donn\u00e9es ont [&hellip;]<\/p>\n","protected":false},"author":4096,"featured_media":0,"parent":27718,"menu_order":0,"comment_status":"closed","ping_status":"closed","template":"","meta":{"_acf_changed":false,"ocean_post_layout":"","ocean_both_sidebars_style":"","ocean_both_sidebars_content_width":0,"ocean_both_sidebars_sidebars_width":0,"ocean_sidebar":"0","ocean_second_sidebar":"0","ocean_disable_margins":"enable","ocean_add_body_class":"","ocean_shortcode_before_top_bar":"","ocean_shortcode_after_top_bar":"","ocean_shortcode_before_header":"","ocean_shortcode_after_header":"","ocean_has_shortcode":"","ocean_shortcode_after_title":"","ocean_shortcode_before_footer_widgets":"","ocean_shortcode_after_footer_widgets":"","ocean_shortcode_before_footer_bottom":"","ocean_shortcode_after_footer_bottom":"","ocean_display_top_bar":"default","ocean_display_header":"default","ocean_header_style":"","ocean_center_header_left_menu":"0","ocean_custom_header_template":"0","ocean_custom_logo":0,"ocean_custom_retina_logo":0,"ocean_custom_logo_max_width":0,"ocean_custom_logo_tablet_max_width":0,"ocean_custom_logo_mobile_max_width":0,"ocean_custom_logo_max_height":0,"ocean_custom_logo_tablet_max_height":0,"ocean_custom_logo_mobile_max_height":0,"ocean_header_custom_menu":"0","ocean_menu_typo_font_family":"0","ocean_menu_typo_font_subset":"","ocean_menu_typo_font_size":0,"ocean_menu_typo_font_size_tablet":0,"ocean_menu_typo_font_size_mobile":0,"ocean_menu_typo_font_size_unit":"px","ocean_menu_typo_font_weight":"","ocean_menu_typo_font_weight_tablet":"","ocean_menu_typo_font_weight_mobile":"","ocean_menu_typo_transform":"","ocean_menu_typo_transform_tablet":"","ocean_menu_typo_transform_mobile":"","ocean_menu_typo_line_height":0,"ocean_menu_typo_line_height_tablet":0,"ocean_menu_typo_line_height_mobile":0,"ocean_menu_typo_line_height_unit":"","ocean_menu_typo_spacing":0,"ocean_menu_typo_spacing_tablet":0,"ocean_menu_typo_spacing_mobile":0,"ocean_menu_typo_spacing_unit":"","ocean_menu_link_color":"","ocean_menu_link_color_hover":"","ocean_menu_link_color_active":"","ocean_menu_link_background":"","ocean_menu_link_hover_background":"","ocean_menu_link_active_background":"","ocean_menu_social_links_bg":"","ocean_menu_social_hover_links_bg":"","ocean_menu_social_links_color":"","ocean_menu_social_hover_links_color":"","ocean_disable_title":"default","ocean_disable_heading":"default","ocean_post_title":"","ocean_post_subheading":"","ocean_post_title_style":"","ocean_post_title_background_color":"","ocean_post_title_background":0,"ocean_post_title_bg_image_position":"","ocean_post_title_bg_image_attachment":"","ocean_post_title_bg_image_repeat":"","ocean_post_title_bg_image_size":"","ocean_post_title_height":0,"ocean_post_title_bg_overlay":0.5,"ocean_post_title_bg_overlay_color":"","ocean_disable_breadcrumbs":"default","ocean_breadcrumbs_color":"","ocean_breadcrumbs_separator_color":"","ocean_breadcrumbs_links_color":"","ocean_breadcrumbs_links_hover_color":"","ocean_display_footer_widgets":"default","ocean_display_footer_bottom":"default","ocean_custom_footer_template":"0","footnotes":""},"simple-restrict-permission":[],"class_list":["post-86535","page","type-page","status-publish","hentry","entry","owp-thumbs-layout-vertical","owp-btn-normal","owp-tabs-layout-horizontal","has-no-thumbnails","has-product-nav"],"acf":[],"yoast_head":"<!-- This site is optimized with the Yoast SEO plugin v26.9 - https:\/\/yoast.com\/product\/yoast-seo-wordpress\/ -->\n<title>Politique &amp; Proc\u00e9dures<\/title>\n<meta name=\"robots\" content=\"index, follow, max-snippet:-1, max-image-preview:large, max-video-preview:-1\" \/>\n<link rel=\"canonical\" href=\"https:\/\/garudasupplies.com\/en\/about-us\/our-suppliers-2\/policies-and-procedures\/\" \/>\n<meta name=\"twitter:card\" content=\"summary_large_image\" \/>\n<meta name=\"twitter:title\" content=\"Politique &amp; Proc\u00e9dures\" \/>\n<meta name=\"twitter:description\" content=\"Politique and Proc\u00e9dures Dans la gestion de son entreprise, Indonesian Supplies se conforme toujours aux r\u00e8gles qui s&#039;appliquent en Indon\u00e9sie sans exception. Lors de la cr\u00e9ation de cette soci\u00e9t\u00e9, Indonesian Supplies s&#039;est conform\u00e9e \u00e0 la loi num\u00e9ro 40 de 2007 concernant les soci\u00e9t\u00e9s \u00e0 responsabilit\u00e9 limit\u00e9e et \u00e0 diverses autres r\u00e9glementations connexes. Les donn\u00e9es ont [&hellip;]\" \/>\n<meta name=\"twitter:label1\" content=\"Est. reading time\" \/>\n\t<meta name=\"twitter:data1\" content=\"2 minutes\" \/>\n<script type=\"application\/ld+json\" class=\"yoast-schema-graph\">{\"@context\":\"https:\/\/schema.org\",\"@graph\":[{\"@type\":\"WebPage\",\"@id\":\"https:\/\/garudasupplies.com\/en\/about-us\/our-suppliers-2\/policies-and-procedures\/\",\"url\":\"https:\/\/garudasupplies.com\/en\/about-us\/our-suppliers-2\/policies-and-procedures\/\",\"name\":\"Politique & Proc\u00e9dures\",\"isPartOf\":{\"@id\":\"https:\/\/garudasupplies.com\/en\/#website\"},\"datePublished\":\"2021-12-24T03:43:12+00:00\",\"dateModified\":\"2021-12-24T03:44:36+00:00\",\"breadcrumb\":{\"@id\":\"https:\/\/garudasupplies.com\/en\/about-us\/our-suppliers-2\/policies-and-procedures\/#breadcrumb\"},\"inLanguage\":\"fr-FR\",\"potentialAction\":[{\"@type\":\"ReadAction\",\"target\":[\"https:\/\/garudasupplies.com\/en\/about-us\/our-suppliers-2\/policies-and-procedures\/\"]}]},{\"@type\":\"BreadcrumbList\",\"@id\":\"https:\/\/garudasupplies.com\/en\/about-us\/our-suppliers-2\/policies-and-procedures\/#breadcrumb\",\"itemListElement\":[{\"@type\":\"ListItem\",\"position\":1,\"name\":\"Home\",\"item\":\"https:\/\/garudasupplies.com\/en\/\"},{\"@type\":\"ListItem\",\"position\":2,\"name\":\"\u00c0 Propos De Nous\",\"item\":\"https:\/\/garudasupplies.com\/en\/about-us\/\"},{\"@type\":\"ListItem\",\"position\":3,\"name\":\"Nos Fournisseurs\",\"item\":\"https:\/\/garudasupplies.com\/en\/about-us\/our-suppliers-2\/\"},{\"@type\":\"ListItem\",\"position\":4,\"name\":\"Politique &#038; Proc\u00e9dures\"}]},{\"@type\":\"WebSite\",\"@id\":\"https:\/\/garudasupplies.com\/en\/#website\",\"url\":\"https:\/\/garudasupplies.com\/en\/\",\"name\":\"Garuda Supplies\",\"description\":\"Garuda Supplies\",\"publisher\":{\"@id\":\"https:\/\/garudasupplies.com\/en\/#organization\"},\"potentialAction\":[{\"@type\":\"SearchAction\",\"target\":{\"@type\":\"EntryPoint\",\"urlTemplate\":\"https:\/\/garudasupplies.com\/en\/?s={search_term_string}\"},\"query-input\":{\"@type\":\"PropertyValueSpecification\",\"valueRequired\":true,\"valueName\":\"search_term_string\"}}],\"inLanguage\":\"fr-FR\"},{\"@type\":\"Organization\",\"@id\":\"https:\/\/garudasupplies.com\/en\/#organization\",\"name\":\"PT Indonesian Supplies\",\"url\":\"https:\/\/garudasupplies.com\/en\/\",\"logo\":{\"@type\":\"ImageObject\",\"inLanguage\":\"fr-FR\",\"@id\":\"https:\/\/garudasupplies.com\/en\/#\/schema\/logo\/image\/\",\"url\":\"https:\/\/garudasupplies.com\/wp-content\/uploads\/2021\/05\/Logo-Indonesian-Supplies-300x352-1.png\",\"contentUrl\":\"https:\/\/garudasupplies.com\/wp-content\/uploads\/2021\/05\/Logo-Indonesian-Supplies-300x352-1.png\",\"width\":300,\"height\":253,\"caption\":\"PT Indonesian Supplies\"},\"image\":{\"@id\":\"https:\/\/garudasupplies.com\/en\/#\/schema\/logo\/image\/\"},\"sameAs\":[\"https:\/\/www.facebook.com\/Indonesian-Supplies-110227014847832\"]}]}<\/script>\n<!-- \/ Yoast SEO plugin. -->","yoast_head_json":{"title":"Politique & Proc\u00e9dures","robots":{"index":"index","follow":"follow","max-snippet":"max-snippet:-1","max-image-preview":"max-image-preview:large","max-video-preview":"max-video-preview:-1"},"canonical":"https:\/\/garudasupplies.com\/en\/about-us\/our-suppliers-2\/policies-and-procedures\/","twitter_card":"summary_large_image","twitter_title":"Politique & Proc\u00e9dures","twitter_description":"Politique and Proc\u00e9dures Dans la gestion de son entreprise, Indonesian Supplies se conforme toujours aux r\u00e8gles qui s'appliquent en Indon\u00e9sie sans exception. Lors de la cr\u00e9ation de cette soci\u00e9t\u00e9, Indonesian Supplies s'est conform\u00e9e \u00e0 la loi num\u00e9ro 40 de 2007 concernant les soci\u00e9t\u00e9s \u00e0 responsabilit\u00e9 limit\u00e9e et \u00e0 diverses autres r\u00e9glementations connexes. Les donn\u00e9es ont [&hellip;]","twitter_misc":{"Est. reading time":"2 minutes"},"schema":{"@context":"https:\/\/schema.org","@graph":[{"@type":"WebPage","@id":"https:\/\/garudasupplies.com\/en\/about-us\/our-suppliers-2\/policies-and-procedures\/","url":"https:\/\/garudasupplies.com\/en\/about-us\/our-suppliers-2\/policies-and-procedures\/","name":"Politique & Proc\u00e9dures","isPartOf":{"@id":"https:\/\/garudasupplies.com\/en\/#website"},"datePublished":"2021-12-24T03:43:12+00:00","dateModified":"2021-12-24T03:44:36+00:00","breadcrumb":{"@id":"https:\/\/garudasupplies.com\/en\/about-us\/our-suppliers-2\/policies-and-procedures\/#breadcrumb"},"inLanguage":"fr-FR","potentialAction":[{"@type":"ReadAction","target":["https:\/\/garudasupplies.com\/en\/about-us\/our-suppliers-2\/policies-and-procedures\/"]}]},{"@type":"BreadcrumbList","@id":"https:\/\/garudasupplies.com\/en\/about-us\/our-suppliers-2\/policies-and-procedures\/#breadcrumb","itemListElement":[{"@type":"ListItem","position":1,"name":"Home","item":"https:\/\/garudasupplies.com\/en\/"},{"@type":"ListItem","position":2,"name":"\u00c0 Propos De Nous","item":"https:\/\/garudasupplies.com\/en\/about-us\/"},{"@type":"ListItem","position":3,"name":"Nos Fournisseurs","item":"https:\/\/garudasupplies.com\/en\/about-us\/our-suppliers-2\/"},{"@type":"ListItem","position":4,"name":"Politique &#038; Proc\u00e9dures"}]},{"@type":"WebSite","@id":"https:\/\/garudasupplies.com\/en\/#website","url":"https:\/\/garudasupplies.com\/en\/","name":"Garuda Supplies","description":"Garuda Supplies","publisher":{"@id":"https:\/\/garudasupplies.com\/en\/#organization"},"potentialAction":[{"@type":"SearchAction","target":{"@type":"EntryPoint","urlTemplate":"https:\/\/garudasupplies.com\/en\/?s={search_term_string}"},"query-input":{"@type":"PropertyValueSpecification","valueRequired":true,"valueName":"search_term_string"}}],"inLanguage":"fr-FR"},{"@type":"Organization","@id":"https:\/\/garudasupplies.com\/en\/#organization","name":"PT Indonesian Supplies","url":"https:\/\/garudasupplies.com\/en\/","logo":{"@type":"ImageObject","inLanguage":"fr-FR","@id":"https:\/\/garudasupplies.com\/en\/#\/schema\/logo\/image\/","url":"https:\/\/garudasupplies.com\/wp-content\/uploads\/2021\/05\/Logo-Indonesian-Supplies-300x352-1.png","contentUrl":"https:\/\/garudasupplies.com\/wp-content\/uploads\/2021\/05\/Logo-Indonesian-Supplies-300x352-1.png","width":300,"height":253,"caption":"PT Indonesian Supplies"},"image":{"@id":"https:\/\/garudasupplies.com\/en\/#\/schema\/logo\/image\/"},"sameAs":["https:\/\/www.facebook.com\/Indonesian-Supplies-110227014847832"]}]}},"_links":{"self":[{"href":"https:\/\/garudasupplies.com\/fr\/wp-json\/wp\/v2\/pages\/86535","targetHints":{"allow":["GET"]}}],"collection":[{"href":"https:\/\/garudasupplies.com\/fr\/wp-json\/wp\/v2\/pages"}],"about":[{"href":"https:\/\/garudasupplies.com\/fr\/wp-json\/wp\/v2\/types\/page"}],"author":[{"embeddable":true,"href":"https:\/\/garudasupplies.com\/fr\/wp-json\/wp\/v2\/users\/4096"}],"replies":[{"embeddable":true,"href":"https:\/\/garudasupplies.com\/fr\/wp-json\/wp\/v2\/comments?post=86535"}],"version-history":[{"count":0,"href":"https:\/\/garudasupplies.com\/fr\/wp-json\/wp\/v2\/pages\/86535\/revisions"}],"up":[{"embeddable":true,"href":"https:\/\/garudasupplies.com\/fr\/wp-json\/wp\/v2\/pages\/27718"}],"wp:attachment":[{"href":"https:\/\/garudasupplies.com\/fr\/wp-json\/wp\/v2\/media?parent=86535"}],"wp:term":[{"taxonomy":"simple-restrict-permission","embeddable":true,"href":"https:\/\/garudasupplies.com\/fr\/wp-json\/wp\/v2\/simple-restrict-permission?post=86535"}],"curies":[{"name":"wp","href":"https:\/\/api.w.org\/{rel}","templated":true}]}}