{"id":55428,"date":"2021-01-13T04:10:29","date_gmt":"2021-01-13T04:10:29","guid":{"rendered":"https:\/\/garudasupplies.com\/?page_id=55428"},"modified":"2021-12-21T09:52:06","modified_gmt":"2021-12-21T09:52:06","slug":"contactez-nous","status":"publish","type":"page","link":"https:\/\/garudasupplies.com\/fr\/a-propos-de-nous\/contactez-nous\/","title":{"rendered":"Contactez Nous"},"content":{"rendered":"\t\t<div data-elementor-type=\"wp-page\" data-elementor-id=\"55428\" class=\"elementor elementor-55428 elementor-373\" data-elementor-post-type=\"page\">\n\t\t\t\t\t\t<section class=\"elementor-section elementor-top-section elementor-element elementor-element-1e98201 elementor-section-height-min-height elementor-section-stretched animated-slow elementor-section-boxed elementor-section-height-default elementor-section-items-middle elementor-invisible\" data-id=\"1e98201\" data-element_type=\"section\" data-settings=\"{&quot;background_background&quot;:&quot;classic&quot;,&quot;stretch_section&quot;:&quot;section-stretched&quot;,&quot;animation&quot;:&quot;fadeIn&quot;}\">\n\t\t\t\t\t\t\t<div class=\"elementor-background-overlay\"><\/div>\n\t\t\t\t\t\t\t<div class=\"elementor-container elementor-column-gap-default\">\n\t\t\t\t\t<div class=\"elementor-column elementor-col-100 elementor-top-column elementor-element elementor-element-1534812\" data-id=\"1534812\" data-element_type=\"column\">\n\t\t\t<div class=\"elementor-widget-wrap elementor-element-populated\">\n\t\t\t\t\t\t<div class=\"elementor-element elementor-element-624b3cd animated-slow elementor-invisible elementor-widget elementor-widget-heading\" data-id=\"624b3cd\" data-element_type=\"widget\" data-settings=\"{&quot;_animation&quot;:&quot;fadeIn&quot;,&quot;_animation_delay&quot;:400}\" data-widget_type=\"heading.default\">\n\t\t\t\t<div class=\"elementor-widget-container\">\n\t\t\t\t\t<h2 class=\"elementor-heading-title elementor-size-default\">Nous Contacter !<\/h2>\t\t\t\t<\/div>\n\t\t\t\t<\/div>\n\t\t\t\t\t<\/div>\n\t\t<\/div>\n\t\t\t\t\t<\/div>\n\t\t<\/section>\n\t\t\t\t<section class=\"elementor-section elementor-top-section elementor-element elementor-element-aa69563 elementor-reverse-mobile elementor-section-full_width elementor-section-stretched animated-slow elementor-section-height-default elementor-section-height-default elementor-invisible\" data-id=\"aa69563\" data-element_type=\"section\" data-settings=\"{&quot;background_background&quot;:&quot;classic&quot;,&quot;stretch_section&quot;:&quot;section-stretched&quot;,&quot;animation&quot;:&quot;fadeIn&quot;}\">\n\t\t\t\t\t\t\t<div class=\"elementor-background-overlay\"><\/div>\n\t\t\t\t\t\t\t<div class=\"elementor-container elementor-column-gap-default\">\n\t\t\t\t\t<div class=\"elementor-column elementor-col-50 elementor-top-column elementor-element elementor-element-dc898f4\" data-id=\"dc898f4\" data-element_type=\"column\">\n\t\t\t<div class=\"elementor-widget-wrap elementor-element-populated\">\n\t\t\t\t\t\t<div class=\"elementor-element elementor-element-0a770af elementor-invisible elementor-widget elementor-widget-image\" data-id=\"0a770af\" data-element_type=\"widget\" data-settings=\"{&quot;_animation&quot;:&quot;fadeInLeft&quot;}\" data-widget_type=\"image.default\">\n\t\t\t\t<div class=\"elementor-widget-container\">\n\t\t\t\t\t\t\t\t\t\t\t\t\t\t\t<img decoding=\"async\" width=\"82\" height=\"133\" src=\"https:\/\/garudasupplies.com\/wp-content\/uploads\/2021\/01\/detail2.png\" class=\"attachment-large size-large wp-image-55407\" alt=\"\" \/>\t\t\t\t\t\t\t\t\t\t\t\t\t\t\t<\/div>\n\t\t\t\t<\/div>\n\t\t\t\t<div class=\"elementor-element elementor-element-ca2f743 elementor-widget elementor-widget-heading\" data-id=\"ca2f743\" data-element_type=\"widget\" data-widget_type=\"heading.default\">\n\t\t\t\t<div class=\"elementor-widget-container\">\n\t\t\t\t\t<h6 class=\"elementor-heading-title elementor-size-default\">visit now<\/h6>\t\t\t\t<\/div>\n\t\t\t\t<\/div>\n\t\t\t\t<div class=\"elementor-element elementor-element-3350f5e elementor-widget elementor-widget-heading\" data-id=\"3350f5e\" data-element_type=\"widget\" data-widget_type=\"heading.default\">\n\t\t\t\t<div class=\"elementor-widget-container\">\n\t\t\t\t\t<h2 class=\"elementor-heading-title elementor-size-default\">Get In Touch<\/h2>\t\t\t\t<\/div>\n\t\t\t\t<\/div>\n\t\t\t\t<div class=\"elementor-element elementor-element-6133893 elementor-widget-divider--view-line elementor-widget elementor-widget-divider\" data-id=\"6133893\" data-element_type=\"widget\" data-widget_type=\"divider.default\">\n\t\t\t\t<div class=\"elementor-widget-container\">\n\t\t\t\t\t\t\t<div class=\"elementor-divider\">\n\t\t\t<span class=\"elementor-divider-separator\">\n\t\t\t\t\t\t<\/span>\n\t\t<\/div>\n\t\t\t\t\t\t<\/div>\n\t\t\t\t<\/div>\n\t\t\t\t<div class=\"elementor-element elementor-element-6135846 elementor-widget elementor-widget-shortcode\" data-id=\"6135846\" data-element_type=\"widget\" data-widget_type=\"shortcode.default\">\n\t\t\t\t<div class=\"elementor-widget-container\">\n\t\t\t\t\t\t\t<div class=\"elementor-shortcode\">\n<div class=\"wpcf7 no-js\" id=\"wpcf7-f27634-o1\" lang=\"en-GB\" dir=\"ltr\" data-wpcf7-id=\"27634\">\n<div class=\"screen-reader-response\"><p role=\"status\" aria-live=\"polite\" aria-atomic=\"true\"><\/p> <ul><\/ul><\/div>\n<form action=\"\/fr\/wp-json\/wp\/v2\/pages\/55428#wpcf7-f27634-o1\" method=\"post\" class=\"wpcf7-form init\" aria-label=\"Contact form\" novalidate=\"novalidate\" data-status=\"init\">\n<fieldset class=\"hidden-fields-container\"><input type=\"hidden\" name=\"_wpcf7\" value=\"27634\" \/><input type=\"hidden\" name=\"_wpcf7_version\" value=\"6.1.4\" \/><input type=\"hidden\" name=\"_wpcf7_locale\" value=\"en_GB\" \/><input type=\"hidden\" name=\"_wpcf7_unit_tag\" value=\"wpcf7-f27634-o1\" \/><input type=\"hidden\" name=\"_wpcf7_container_post\" value=\"0\" \/><input type=\"hidden\" name=\"_wpcf7_posted_data_hash\" value=\"\" \/>\n<\/fieldset>\n<p><label> Nom de Votre Soci\u00e9t\u00e9 (obligatoire)<br \/>\n<span class=\"wpcf7-form-control-wrap\" data-name=\"company-name\"><input size=\"40\" maxlength=\"400\" class=\"wpcf7-form-control wpcf7-text wpcf7-validates-as-required\" aria-required=\"true\" aria-invalid=\"false\" value=\"\" type=\"text\" name=\"company-name\" \/><\/span><\/label>\n<\/p>\n<p><label> Votre Nom et Pr\u00e9nom (obligatoire)<br \/>\n<span class=\"wpcf7-form-control-wrap\" data-name=\"your-name\"><input size=\"40\" maxlength=\"400\" class=\"wpcf7-form-control wpcf7-text wpcf7-validates-as-required\" aria-required=\"true\" aria-invalid=\"false\" value=\"\" type=\"text\" name=\"your-name\" \/><\/span> <\/label>\n<\/p>\n<p><label> Num\u00e9ro de t\u00e9l\u00e9phone (obligatoire)<br \/>\n<span class=\"wpcf7-form-control-wrap\" data-name=\"Number\"><input size=\"40\" maxlength=\"400\" class=\"wpcf7-form-control wpcf7-text wpcf7-validates-as-required\" aria-required=\"true\" aria-invalid=\"false\" value=\"\" type=\"text\" name=\"Number\" \/><\/span> <\/label>\n<\/p>\n<p><label> Votre Email (obligatoire)<br \/>\n<span class=\"wpcf7-form-control-wrap\" data-name=\"your-email\"><input size=\"40\" maxlength=\"400\" class=\"wpcf7-form-control wpcf7-email wpcf7-validates-as-required wpcf7-text wpcf7-validates-as-email\" aria-required=\"true\" aria-invalid=\"false\" value=\"\" type=\"email\" name=\"your-email\" \/><\/span> <\/label>\n<\/p>\n<p><label> L'adresse de Votre Soci\u00e9t\u00e9 (obligatoire)<br \/>\n<span class=\"wpcf7-form-control-wrap\" data-name=\"company-address\"><input size=\"40\" maxlength=\"400\" class=\"wpcf7-form-control wpcf7-text wpcf7-validates-as-required\" aria-required=\"true\" aria-invalid=\"false\" value=\"\" type=\"text\" name=\"company-address\" \/><\/span><\/label>\n<\/p>\n<p><label> Pays d'enregistrement de Votre Soci\u00e9t\u00e9 (obligatoire)<br \/>\n<span class=\"wpcf7-form-control-wrap\" data-name=\"company-country\"><input size=\"40\" maxlength=\"400\" class=\"wpcf7-form-control wpcf7-text wpcf7-validates-as-required\" aria-required=\"true\" aria-invalid=\"false\" value=\"\" type=\"text\" name=\"company-country\" \/><\/span><\/label>\n<\/p>\n<p><label> Profil Client (obligatoire)<br \/>\n<span class=\"wpcf7-form-control-wrap\" data-name=\"ClientProfile\"><select class=\"wpcf7-form-control wpcf7-select wpcf7-validates-as-required\" aria-required=\"true\" aria-invalid=\"false\" name=\"ClientProfile\"><option value=\"Investor\">Investor<\/option><option value=\"Buyer\">Buyer<\/option><option value=\"Vendor\">Vendor<\/option><option value=\"Consultant\">Consultant<\/option><option value=\"Visitor\">Visitor<\/option><\/select><\/span><\/label>\n<\/p>\n<p><label> La categorie de votre activit\u00e9 (obligatoire)<br \/>\n<span class=\"wpcf7-form-control-wrap\" data-name=\"ClientMarket\"><select class=\"wpcf7-form-control wpcf7-select wpcf7-validates-as-required\" aria-required=\"true\" aria-invalid=\"false\" name=\"ClientMarket\"><option value=\"Logistic management\">Logistic management<\/option><option value=\"Offshore &amp; Maritime\">Offshore &amp; Maritime<\/option><option value=\"Subsea &amp; Mining\">Subsea &amp; Mining<\/option><option value=\"Alternative Energy\">Alternative Energy<\/option><option value=\"Water Management\">Water Management<\/option><option value=\"Construction\">Construction<\/option><option value=\"Packaging &amp; Hospitality\">Packaging &amp; Hospitality<\/option><option value=\"Clothing\">Clothing<\/option><option value=\"Medical Devices\">Medical Devices<\/option><option value=\"Electronics\">Electronics<\/option><option value=\"Outsourcing\">Outsourcing<\/option><\/select><\/span> <\/label>\n<\/p>\n<p><label> Message (obligatoire)<br \/>\n<span class=\"wpcf7-form-control-wrap\" data-name=\"Message\"><textarea cols=\"40\" rows=\"10\" maxlength=\"2000\" class=\"wpcf7-form-control wpcf7-textarea wpcf7-validates-as-required\" aria-required=\"true\" aria-invalid=\"false\" name=\"Message\"><\/textarea><\/span><\/label>\n<\/p>\n<p><label> Comment avez-vous entendu parler de nous? (obligatoire)<br \/>\n<span class=\"wpcf7-form-control-wrap\" data-name=\"how\"><select class=\"wpcf7-form-control wpcf7-select wpcf7-validates-as-required\" aria-required=\"true\" aria-invalid=\"false\" name=\"how\"><option value=\"Emails\">Emails<\/option><option value=\"Exhibition\">Exhibition<\/option><option value=\"Google Search\">Google Search<\/option><option value=\"Facebook\">Facebook<\/option><option value=\"Instagram\">Instagram<\/option><option value=\"Referral\">Referral<\/option><option value=\"Others\">Others<\/option><\/select><\/span> <\/label>\n<\/p>\n<p><label> Reporter le code ci-dessous<br \/>\n<input type=\"hidden\" name=\"_wpcf7_captcha_challenge_captcha-778\" value=\"1946726265\" \/><img decoding=\"async\" class=\"wpcf7-form-control wpcf7-captchac wpcf7-captcha-captcha-778\" width=\"60\" height=\"20\" alt=\"captcha\" src=\"https:\/\/garudasupplies.com\/wp-content\/uploads\/wpcf7_captcha\/1946726265.png\" \/><br \/>\n<span class=\"wpcf7-form-control-wrap\" data-name=\"captcha-778\"><input size=\"4\" maxlength=\"4\" class=\"wpcf7-form-control wpcf7-captchar\" autocomplete=\"off\" aria-invalid=\"false\" value=\"\" type=\"text\" name=\"captcha-778\" \/><\/span><\/label>\n<\/p>\n<p><span class=\"wpcf7-form-control-wrap\" data-name=\"accept-this-1\"><span class=\"wpcf7-form-control wpcf7-acceptance\"><span class=\"wpcf7-list-item\"><label><input type=\"checkbox\" name=\"accept-this-1\" value=\"1\" aria-invalid=\"false\" \/><span class=\"wpcf7-list-item-label\">En cliquant sur envoyer, vous acceptez nos <a href=\"https:\/\/garudasupplies.com\/terms-conditions\/\">Termes & Conditions*. <\/a><\/span><\/label><\/span><\/span><\/span>\n<\/p>\n<p><input class=\"wpcf7-form-control wpcf7-submit has-spinner\" type=\"submit\" value=\"Envoyer\" \/>\n<\/p><div class=\"wpcf7-response-output\" aria-hidden=\"true\"><\/div>\n<\/form>\n<\/div>\n<\/div>\n\t\t\t\t\t\t<\/div>\n\t\t\t\t<\/div>\n\t\t\t\t<div class=\"elementor-element elementor-element-1737937 elementor-widget elementor-widget-html\" data-id=\"1737937\" data-element_type=\"widget\" data-widget_type=\"html.default\">\n\t\t\t\t<div class=\"elementor-widget-container\">\n\t\t\t\t\t<style>\n    body .theme-button, body input[type=\"submit\"], body button[type=\"submit\"], body button, body .button, body div.wpforms-container-full .wpforms-form input[type=submit], body div.wpforms-container-full .wpforms-form button[type=submit], body div.wpforms-container-full .wpforms-form .wpforms-page-button{\n        \n        width: 100%;\n    }\n<\/style>\t\t\t\t<\/div>\n\t\t\t\t<\/div>\n\t\t\t\t\t<\/div>\n\t\t<\/div>\n\t\t\t\t<div class=\"elementor-column elementor-col-50 elementor-top-column elementor-element elementor-element-ade30b5\" data-id=\"ade30b5\" data-element_type=\"column\" data-settings=\"{&quot;background_background&quot;:&quot;classic&quot;}\">\n\t\t\t<div class=\"elementor-widget-wrap elementor-element-populated\">\n\t\t\t\t\t\t<div class=\"elementor-element elementor-element-ad1ec0c elementor-invisible elementor-widget elementor-widget-google_maps\" data-id=\"ad1ec0c\" data-element_type=\"widget\" data-settings=\"{&quot;_animation&quot;:&quot;fadeIn&quot;}\" data-widget_type=\"google_maps.default\">\n\t\t\t\t<div class=\"elementor-widget-container\">\n\t\t\t\t\t\t\t<div class=\"elementor-custom-embed\">\n\t\t\t<iframe loading=\"lazy\"\n\t\t\t\t\tsrc=\"https:\/\/maps.google.com\/maps?q=Sampoerna%20Strategic%20Square&#038;t=m&#038;z=16&#038;output=embed&#038;iwloc=near\"\n\t\t\t\t\ttitle=\"Sampoerna Strategic Square\"\n\t\t\t\t\taria-label=\"Sampoerna Strategic Square\"\n\t\t\t><\/iframe>\n\t\t<\/div>\n\t\t\t\t\t\t<\/div>\n\t\t\t\t<\/div>\n\t\t\t\t<div class=\"elementor-element elementor-element-811e4f0 elementor-position-left elementor-view-framed elementor-shape-circle elementor-mobile-position-top elementor-widget elementor-widget-icon-box\" data-id=\"811e4f0\" data-element_type=\"widget\" data-widget_type=\"icon-box.default\">\n\t\t\t\t<div class=\"elementor-widget-container\">\n\t\t\t\t\t\t\t<div class=\"elementor-icon-box-wrapper\">\n\n\t\t\t\t\t\t<div class=\"elementor-icon-box-icon\">\n\t\t\t\t<span  class=\"elementor-icon elementor-animation-grow\">\n\t\t\t\t<i aria-hidden=\"true\" class=\"fas fa-building\"><\/i>\t\t\t\t<\/span>\n\t\t\t<\/div>\n\t\t\t\n\t\t\t\t\t\t<div class=\"elementor-icon-box-content\">\n\n\t\t\t\t\t\t\t\t\t<h3 class=\"elementor-icon-box-title\">\n\t\t\t\t\t\t<span  >\n\t\t\t\t\t\t\tIndonesia Office\t\t\t\t\t\t<\/span>\n\t\t\t\t\t<\/h3>\n\t\t\t\t\n\t\t\t\t\t\t\t\t\t<p class=\"elementor-icon-box-description\">\n\t\t\t\t\t\tSampoerna Strategic Square, South Tower 18th level\nJl. Jend. Sudirman No.Kav 45 12930 <br>\nCentral of Jakarta Indonesia\t\t\t\t\t<\/p>\n\t\t\t\t\n\t\t\t<\/div>\n\t\t\t\n\t\t<\/div>\n\t\t\t\t\t\t<\/div>\n\t\t\t\t<\/div>\n\t\t\t\t\t<\/div>\n\t\t<\/div>\n\t\t\t\t\t<\/div>\n\t\t<\/section>\n\t\t\t\t<\/div>\n\t\t","protected":false},"excerpt":{"rendered":"<p>Nous Contacter ! visit now Get In Touch Indonesia Office Sampoerna Strategic Square, South Tower 18th level Jl. Jend. Sudirman No.Kav 45 12930 Central of Jakarta Indonesia<\/p>\n","protected":false},"author":4096,"featured_media":0,"parent":44888,"menu_order":11,"comment_status":"closed","ping_status":"open","template":"","meta":{"_acf_changed":false,"ocean_post_layout":"","ocean_both_sidebars_style":"","ocean_both_sidebars_content_width":0,"ocean_both_sidebars_sidebars_width":0,"ocean_sidebar":"0","ocean_second_sidebar":"0","ocean_disable_margins":"on","ocean_add_body_class":"","ocean_shortcode_before_top_bar":"","ocean_shortcode_after_top_bar":"","ocean_shortcode_before_header":"","ocean_shortcode_after_header":"","ocean_has_shortcode":"","ocean_shortcode_after_title":"","ocean_shortcode_before_footer_widgets":"","ocean_shortcode_after_footer_widgets":"","ocean_shortcode_before_footer_bottom":"","ocean_shortcode_after_footer_bottom":"","ocean_display_top_bar":"default","ocean_display_header":"default","ocean_header_style":"","ocean_center_header_left_menu":"0","ocean_custom_header_template":"0","ocean_custom_logo":0,"ocean_custom_retina_logo":0,"ocean_custom_logo_max_width":0,"ocean_custom_logo_tablet_max_width":0,"ocean_custom_logo_mobile_max_width":0,"ocean_custom_logo_max_height":0,"ocean_custom_logo_tablet_max_height":0,"ocean_custom_logo_mobile_max_height":0,"ocean_header_custom_menu":"0","ocean_menu_typo_font_family":"0","ocean_menu_typo_font_subset":"","ocean_menu_typo_font_size":0,"ocean_menu_typo_font_size_tablet":0,"ocean_menu_typo_font_size_mobile":0,"ocean_menu_typo_font_size_unit":"px","ocean_menu_typo_font_weight":"","ocean_menu_typo_font_weight_tablet":"","ocean_menu_typo_font_weight_mobile":"","ocean_menu_typo_transform":"","ocean_menu_typo_transform_tablet":"","ocean_menu_typo_transform_mobile":"","ocean_menu_typo_line_height":0,"ocean_menu_typo_line_height_tablet":0,"ocean_menu_typo_line_height_mobile":0,"ocean_menu_typo_line_height_unit":"","ocean_menu_typo_spacing":0,"ocean_menu_typo_spacing_tablet":0,"ocean_menu_typo_spacing_mobile":0,"ocean_menu_typo_spacing_unit":"","ocean_menu_link_color":"","ocean_menu_link_color_hover":"","ocean_menu_link_color_active":"","ocean_menu_link_background":"","ocean_menu_link_hover_background":"","ocean_menu_link_active_background":"","ocean_menu_social_links_bg":"","ocean_menu_social_hover_links_bg":"","ocean_menu_social_links_color":"","ocean_menu_social_hover_links_color":"","ocean_disable_title":"default","ocean_disable_heading":"default","ocean_post_title":"","ocean_post_subheading":"","ocean_post_title_style":"","ocean_post_title_background_color":"","ocean_post_title_background":0,"ocean_post_title_bg_image_position":"","ocean_post_title_bg_image_attachment":"","ocean_post_title_bg_image_repeat":"","ocean_post_title_bg_image_size":"","ocean_post_title_height":0,"ocean_post_title_bg_overlay":0.5,"ocean_post_title_bg_overlay_color":"","ocean_disable_breadcrumbs":"default","ocean_breadcrumbs_color":"","ocean_breadcrumbs_separator_color":"","ocean_breadcrumbs_links_color":"","ocean_breadcrumbs_links_hover_color":"","ocean_display_footer_widgets":"on","ocean_display_footer_bottom":"off","ocean_custom_footer_template":"0","footnotes":""},"simple-restrict-permission":[],"class_list":["post-55428","page","type-page","status-publish","hentry","entry","owp-thumbs-layout-vertical","owp-btn-normal","owp-tabs-layout-horizontal","has-no-thumbnails","has-product-nav"],"acf":[],"yoast_head":"<!-- This site is optimized with the Yoast SEO plugin v26.9 - https:\/\/yoast.com\/product\/yoast-seo-wordpress\/ -->\n<title>Contactez Nous<\/title>\n<meta name=\"description\" content=\"Contactez imm\u00e9diatement le Service Client \u00e0 contact@indonesiansupplies.com si vous avez un projet ou souhaitez vous renseigner sur notre marketplace.\" \/>\n<meta name=\"robots\" content=\"index, follow, max-snippet:-1, max-image-preview:large, max-video-preview:-1\" \/>\n<link rel=\"canonical\" href=\"https:\/\/garudasupplies.com\/en\/about-us\/contact-us\/\" \/>\n<meta name=\"twitter:card\" content=\"summary_large_image\" \/>\n<meta name=\"twitter:title\" content=\"Contactez Nous\" \/>\n<meta name=\"twitter:description\" content=\"Contactez imm\u00e9diatement le Service Client \u00e0 contact@indonesiansupplies.com si vous avez un projet ou souhaitez vous renseigner sur notre marketplace.\" \/>\n<meta name=\"twitter:image\" content=\"https:\/\/garudasupplies.com\/wp-content\/uploads\/2021\/01\/detail2.png\" \/>\n<meta name=\"twitter:label1\" content=\"Est. reading time\" \/>\n\t<meta name=\"twitter:data1\" content=\"2 minutes\" \/>\n<script type=\"application\/ld+json\" class=\"yoast-schema-graph\">{\"@context\":\"https:\/\/schema.org\",\"@graph\":[{\"@type\":\"WebPage\",\"@id\":\"https:\/\/garudasupplies.com\/en\/about-us\/contact-us\/\",\"url\":\"https:\/\/garudasupplies.com\/en\/about-us\/contact-us\/\",\"name\":\"Contactez Nous\",\"isPartOf\":{\"@id\":\"https:\/\/garudasupplies.com\/en\/#website\"},\"primaryImageOfPage\":{\"@id\":\"https:\/\/garudasupplies.com\/en\/about-us\/contact-us\/#primaryimage\"},\"image\":{\"@id\":\"https:\/\/garudasupplies.com\/en\/about-us\/contact-us\/#primaryimage\"},\"thumbnailUrl\":\"https:\/\/garudasupplies.com\/wp-content\/uploads\/2021\/01\/detail2.png\",\"datePublished\":\"2021-01-13T04:10:29+00:00\",\"dateModified\":\"2021-12-21T09:52:06+00:00\",\"description\":\"Contactez imm\u00e9diatement le Service Client \u00e0 contact@indonesiansupplies.com si vous avez un projet ou souhaitez vous renseigner sur notre marketplace.\",\"breadcrumb\":{\"@id\":\"https:\/\/garudasupplies.com\/en\/about-us\/contact-us\/#breadcrumb\"},\"inLanguage\":\"fr-FR\",\"potentialAction\":[{\"@type\":\"ReadAction\",\"target\":[\"https:\/\/garudasupplies.com\/en\/about-us\/contact-us\/\"]}]},{\"@type\":\"ImageObject\",\"inLanguage\":\"fr-FR\",\"@id\":\"https:\/\/garudasupplies.com\/en\/about-us\/contact-us\/#primaryimage\",\"url\":\"https:\/\/garudasupplies.com\/wp-content\/uploads\/2021\/01\/detail2.png\",\"contentUrl\":\"https:\/\/garudasupplies.com\/wp-content\/uploads\/2021\/01\/detail2.png\"},{\"@type\":\"BreadcrumbList\",\"@id\":\"https:\/\/garudasupplies.com\/en\/about-us\/contact-us\/#breadcrumb\",\"itemListElement\":[{\"@type\":\"ListItem\",\"position\":1,\"name\":\"Home\",\"item\":\"https:\/\/garudasupplies.com\/en\/\"},{\"@type\":\"ListItem\",\"position\":2,\"name\":\"\u00c0 Propos De Nous\",\"item\":\"https:\/\/garudasupplies.com\/en\/about-us\/\"},{\"@type\":\"ListItem\",\"position\":3,\"name\":\"Contactez Nous\"}]},{\"@type\":\"WebSite\",\"@id\":\"https:\/\/garudasupplies.com\/en\/#website\",\"url\":\"https:\/\/garudasupplies.com\/en\/\",\"name\":\"Garuda Supplies\",\"description\":\"Garuda Supplies\",\"publisher\":{\"@id\":\"https:\/\/garudasupplies.com\/en\/#organization\"},\"potentialAction\":[{\"@type\":\"SearchAction\",\"target\":{\"@type\":\"EntryPoint\",\"urlTemplate\":\"https:\/\/garudasupplies.com\/en\/?s={search_term_string}\"},\"query-input\":{\"@type\":\"PropertyValueSpecification\",\"valueRequired\":true,\"valueName\":\"search_term_string\"}}],\"inLanguage\":\"fr-FR\"},{\"@type\":\"Organization\",\"@id\":\"https:\/\/garudasupplies.com\/en\/#organization\",\"name\":\"PT Indonesian Supplies\",\"url\":\"https:\/\/garudasupplies.com\/en\/\",\"logo\":{\"@type\":\"ImageObject\",\"inLanguage\":\"fr-FR\",\"@id\":\"https:\/\/garudasupplies.com\/en\/#\/schema\/logo\/image\/\",\"url\":\"https:\/\/garudasupplies.com\/wp-content\/uploads\/2021\/05\/Logo-Indonesian-Supplies-300x352-1.png\",\"contentUrl\":\"https:\/\/garudasupplies.com\/wp-content\/uploads\/2021\/05\/Logo-Indonesian-Supplies-300x352-1.png\",\"width\":300,\"height\":253,\"caption\":\"PT Indonesian Supplies\"},\"image\":{\"@id\":\"https:\/\/garudasupplies.com\/en\/#\/schema\/logo\/image\/\"},\"sameAs\":[\"https:\/\/www.facebook.com\/Indonesian-Supplies-110227014847832\"]}]}<\/script>\n<!-- \/ Yoast SEO plugin. -->","yoast_head_json":{"title":"Contactez Nous","description":"Contactez imm\u00e9diatement le Service Client \u00e0 contact@indonesiansupplies.com si vous avez un projet ou souhaitez vous renseigner sur notre marketplace.","robots":{"index":"index","follow":"follow","max-snippet":"max-snippet:-1","max-image-preview":"max-image-preview:large","max-video-preview":"max-video-preview:-1"},"canonical":"https:\/\/garudasupplies.com\/en\/about-us\/contact-us\/","twitter_card":"summary_large_image","twitter_title":"Contactez Nous","twitter_description":"Contactez imm\u00e9diatement le Service Client \u00e0 contact@indonesiansupplies.com si vous avez un projet ou souhaitez vous renseigner sur notre marketplace.","twitter_image":"https:\/\/garudasupplies.com\/wp-content\/uploads\/2021\/01\/detail2.png","twitter_misc":{"Est. reading time":"2 minutes"},"schema":{"@context":"https:\/\/schema.org","@graph":[{"@type":"WebPage","@id":"https:\/\/garudasupplies.com\/en\/about-us\/contact-us\/","url":"https:\/\/garudasupplies.com\/en\/about-us\/contact-us\/","name":"Contactez Nous","isPartOf":{"@id":"https:\/\/garudasupplies.com\/en\/#website"},"primaryImageOfPage":{"@id":"https:\/\/garudasupplies.com\/en\/about-us\/contact-us\/#primaryimage"},"image":{"@id":"https:\/\/garudasupplies.com\/en\/about-us\/contact-us\/#primaryimage"},"thumbnailUrl":"https:\/\/garudasupplies.com\/wp-content\/uploads\/2021\/01\/detail2.png","datePublished":"2021-01-13T04:10:29+00:00","dateModified":"2021-12-21T09:52:06+00:00","description":"Contactez imm\u00e9diatement le Service Client \u00e0 contact@indonesiansupplies.com si vous avez un projet ou souhaitez vous renseigner sur notre marketplace.","breadcrumb":{"@id":"https:\/\/garudasupplies.com\/en\/about-us\/contact-us\/#breadcrumb"},"inLanguage":"fr-FR","potentialAction":[{"@type":"ReadAction","target":["https:\/\/garudasupplies.com\/en\/about-us\/contact-us\/"]}]},{"@type":"ImageObject","inLanguage":"fr-FR","@id":"https:\/\/garudasupplies.com\/en\/about-us\/contact-us\/#primaryimage","url":"https:\/\/garudasupplies.com\/wp-content\/uploads\/2021\/01\/detail2.png","contentUrl":"https:\/\/garudasupplies.com\/wp-content\/uploads\/2021\/01\/detail2.png"},{"@type":"BreadcrumbList","@id":"https:\/\/garudasupplies.com\/en\/about-us\/contact-us\/#breadcrumb","itemListElement":[{"@type":"ListItem","position":1,"name":"Home","item":"https:\/\/garudasupplies.com\/en\/"},{"@type":"ListItem","position":2,"name":"\u00c0 Propos De Nous","item":"https:\/\/garudasupplies.com\/en\/about-us\/"},{"@type":"ListItem","position":3,"name":"Contactez Nous"}]},{"@type":"WebSite","@id":"https:\/\/garudasupplies.com\/en\/#website","url":"https:\/\/garudasupplies.com\/en\/","name":"Garuda Supplies","description":"Garuda Supplies","publisher":{"@id":"https:\/\/garudasupplies.com\/en\/#organization"},"potentialAction":[{"@type":"SearchAction","target":{"@type":"EntryPoint","urlTemplate":"https:\/\/garudasupplies.com\/en\/?s={search_term_string}"},"query-input":{"@type":"PropertyValueSpecification","valueRequired":true,"valueName":"search_term_string"}}],"inLanguage":"fr-FR"},{"@type":"Organization","@id":"https:\/\/garudasupplies.com\/en\/#organization","name":"PT Indonesian Supplies","url":"https:\/\/garudasupplies.com\/en\/","logo":{"@type":"ImageObject","inLanguage":"fr-FR","@id":"https:\/\/garudasupplies.com\/en\/#\/schema\/logo\/image\/","url":"https:\/\/garudasupplies.com\/wp-content\/uploads\/2021\/05\/Logo-Indonesian-Supplies-300x352-1.png","contentUrl":"https:\/\/garudasupplies.com\/wp-content\/uploads\/2021\/05\/Logo-Indonesian-Supplies-300x352-1.png","width":300,"height":253,"caption":"PT Indonesian Supplies"},"image":{"@id":"https:\/\/garudasupplies.com\/en\/#\/schema\/logo\/image\/"},"sameAs":["https:\/\/www.facebook.com\/Indonesian-Supplies-110227014847832"]}]}},"_links":{"self":[{"href":"https:\/\/garudasupplies.com\/fr\/wp-json\/wp\/v2\/pages\/55428","targetHints":{"allow":["GET"]}}],"collection":[{"href":"https:\/\/garudasupplies.com\/fr\/wp-json\/wp\/v2\/pages"}],"about":[{"href":"https:\/\/garudasupplies.com\/fr\/wp-json\/wp\/v2\/types\/page"}],"author":[{"embeddable":true,"href":"https:\/\/garudasupplies.com\/fr\/wp-json\/wp\/v2\/users\/4096"}],"replies":[{"embeddable":true,"href":"https:\/\/garudasupplies.com\/fr\/wp-json\/wp\/v2\/comments?post=55428"}],"version-history":[{"count":0,"href":"https:\/\/garudasupplies.com\/fr\/wp-json\/wp\/v2\/pages\/55428\/revisions"}],"up":[{"embeddable":true,"href":"https:\/\/garudasupplies.com\/fr\/wp-json\/wp\/v2\/pages\/44888"}],"wp:attachment":[{"href":"https:\/\/garudasupplies.com\/fr\/wp-json\/wp\/v2\/media?parent=55428"}],"wp:term":[{"taxonomy":"simple-restrict-permission","embeddable":true,"href":"https:\/\/garudasupplies.com\/fr\/wp-json\/wp\/v2\/simple-restrict-permission?post=55428"}],"curies":[{"name":"wp","href":"https:\/\/api.w.org\/{rel}","templated":true}]}}