{"id":54891,"date":"2021-01-05T06:53:29","date_gmt":"2021-01-05T06:53:29","guid":{"rendered":"https:\/\/garudasupplies.com\/?page_id=54891"},"modified":"2021-08-05T09:19:14","modified_gmt":"2021-08-05T08:19:14","slug":"cours-en-ligne-comptabilite-et-taxes","status":"publish","type":"page","link":"https:\/\/garudasupplies.com\/fr\/cours-en-ligne-comptabilite-et-taxes\/","title":{"rendered":"Cours en ligne (Comptabilit\u00e9 et taxes)"},"content":{"rendered":"\t\t<div data-elementor-type=\"wp-page\" data-elementor-id=\"54891\" class=\"elementor elementor-54891 elementor-54787\" data-elementor-post-type=\"page\">\n\t\t\t\t\t\t<section class=\"elementor-section elementor-top-section elementor-element elementor-element-ce15d86 elementor-section-height-min-height elementor-section-stretched animated-slow elementor-section-boxed elementor-section-height-default elementor-section-items-middle elementor-invisible\" data-id=\"ce15d86\" data-element_type=\"section\" data-settings=\"{&quot;background_background&quot;:&quot;classic&quot;,&quot;stretch_section&quot;:&quot;section-stretched&quot;,&quot;animation&quot;:&quot;fadeIn&quot;}\">\n\t\t\t\t\t\t\t<div class=\"elementor-background-overlay\"><\/div>\n\t\t\t\t\t\t\t<div class=\"elementor-container elementor-column-gap-default\">\n\t\t\t\t\t<div class=\"elementor-column elementor-col-100 elementor-top-column elementor-element elementor-element-6e4969b\" data-id=\"6e4969b\" data-element_type=\"column\">\n\t\t\t<div class=\"elementor-widget-wrap elementor-element-populated\">\n\t\t\t\t\t\t<div class=\"elementor-element elementor-element-df73c4f animated-slow elementor-invisible elementor-widget elementor-widget-heading\" data-id=\"df73c4f\" data-element_type=\"widget\" data-settings=\"{&quot;_animation&quot;:&quot;fadeIn&quot;,&quot;_animation_delay&quot;:400}\" data-widget_type=\"heading.default\">\n\t\t\t\t<div class=\"elementor-widget-container\">\n\t\t\t\t\t<h2 class=\"elementor-heading-title elementor-size-default\">Comptabilit\u00e9 &amp; Fiscalit\u00e9<\/h2>\t\t\t\t<\/div>\n\t\t\t\t<\/div>\n\t\t\t\t\t<\/div>\n\t\t<\/div>\n\t\t\t\t\t<\/div>\n\t\t<\/section>\n\t\t\t\t<section class=\"elementor-section elementor-top-section elementor-element elementor-element-0a0e807 elementor-section-boxed elementor-section-height-default elementor-section-height-default\" data-id=\"0a0e807\" data-element_type=\"section\">\n\t\t\t\t\t\t<div class=\"elementor-container elementor-column-gap-default\">\n\t\t\t\t\t<div class=\"elementor-column elementor-col-100 elementor-top-column elementor-element elementor-element-1a927b7\" data-id=\"1a927b7\" data-element_type=\"column\">\n\t\t\t<div class=\"elementor-widget-wrap elementor-element-populated\">\n\t\t\t\t\t\t<div class=\"elementor-element elementor-element-fbd611d elementor-widget elementor-widget-shortcode\" data-id=\"fbd611d\" data-element_type=\"widget\" data-widget_type=\"shortcode.default\">\n\t\t\t\t<div class=\"elementor-widget-container\">\n\t\t\t\t\t\t\t<div class=\"elementor-shortcode\">\n\t\t\t\t<form action=\"\" method=\"post\" class=\"searchandfilter\">\n\t\t\t\t\t<div><ul><li><h4>Categories<\/h4><select  name='ofcategories_online_courses' id='ofcategories_online_courses' class='postform'>\n\t<option value='0' selected='selected'>All Category Online Courses<\/option>\n\t<option class=\"level-0\" value=\"7612\">Analytique d&#8217;entreprise<\/option>\n\t<option class=\"level-0\" value=\"7817\">Category Management<\/option>\n\t<option class=\"level-0\" value=\"7610\">Comptabilit\u00e9 &amp; Fiscalit\u00e9<\/option>\n\t<option class=\"level-0\" value=\"7820\">Cours en ligne et apprentissage en ligne<\/option>\n\t<option class=\"level-0\" value=\"7812\">Gestion de Donn\u00e9es<\/option>\n\t<option class=\"level-0\" value=\"7818\">Gestion des Contrats<\/option>\n\t<option class=\"level-0\" value=\"7614\">L&#8217;excellence op\u00e9rationnelle<\/option>\n\t<option class=\"level-0\" value=\"7611\">La gestion d&#8217;actifs<\/option>\n\t<option class=\"level-0\" value=\"7813\">Optimisation et Automatisation des Processus<\/option>\n\t<option class=\"level-0\" value=\"7819\">QHSE Management<\/option>\n\t<option class=\"level-0\" value=\"7814\">Solutions d&#8217;approvisionnement<\/option>\n\t<option class=\"level-0\" value=\"7613\">Transformation Num\u00e9rique<\/option>\n<\/select>\n<input type=\"hidden\" name=\"ofcategories_online_courses_operator\" value=\"and\" \/><\/li><li><h4>Post Types<\/h4><select  name='oftype_online_courses' id='oftype_online_courses' class='postform'>\n\t<option value='0' selected='selected'>All Type Online Courses<\/option>\n\t<option class=\"level-0\" value=\"8643\">Page web<\/option>\n\t<option class=\"level-0\" value=\"8340\">pdf<\/option>\n\t<option class=\"level-0\" value=\"8613\">video<\/option>\n<\/select>\n<input type=\"hidden\" name=\"oftype_online_courses_operator\" value=\"and\" \/><\/li><li><h4> Post Date<\/h4><input class=\"postform\" type=\"date\" name=\"ofpost_date[]\" value=\"\" \/><\/li><li><input type=\"hidden\" id=\"_searchandfilter_nonce\" name=\"_searchandfilter_nonce\" value=\"25a400b598\" \/><input type=\"hidden\" name=\"_wp_http_referer\" value=\"\/fr\/wp-json\/wp\/v2\/pages\/54891\" \/><input type=\"hidden\" name=\"ofsubmitted\" value=\"1\"><input type=\"submit\" value=\"Submit\"><\/li><\/ul><\/div><\/form><\/div>\n\t\t\t\t\t\t<\/div>\n\t\t\t\t<\/div>\n\t\t\t\t\t<\/div>\n\t\t<\/div>\n\t\t\t\t\t<\/div>\n\t\t<\/section>\n\t\t\t\t<section class=\"elementor-section elementor-top-section elementor-element elementor-element-cb6534c elementor-section-boxed elementor-section-height-default elementor-section-height-default\" data-id=\"cb6534c\" data-element_type=\"section\">\n\t\t\t\t\t\t<div class=\"elementor-container elementor-column-gap-default\">\n\t\t\t\t\t<div class=\"elementor-column elementor-col-100 elementor-top-column elementor-element elementor-element-1ee5a50\" data-id=\"1ee5a50\" data-element_type=\"column\">\n\t\t\t<div class=\"elementor-widget-wrap elementor-element-populated\">\n\t\t\t\t\t\t<div class=\"elementor-element elementor-element-e062606 elementor-posts--align-center elementor-grid-tablet-3 elementor-grid-3 elementor-grid-mobile-1 elementor-posts--thumbnail-top elementor-card-shadow-yes elementor-posts__hover-gradient elementor-widget elementor-widget-posts\" data-id=\"e062606\" data-element_type=\"widget\" data-settings=\"{&quot;cards_row_gap&quot;:{&quot;unit&quot;:&quot;px&quot;,&quot;size&quot;:80,&quot;sizes&quot;:[]},&quot;cards_columns_tablet&quot;:&quot;3&quot;,&quot;cards_columns&quot;:&quot;3&quot;,&quot;cards_columns_mobile&quot;:&quot;1&quot;,&quot;cards_row_gap_tablet&quot;:{&quot;unit&quot;:&quot;px&quot;,&quot;size&quot;:&quot;&quot;,&quot;sizes&quot;:[]},&quot;cards_row_gap_mobile&quot;:{&quot;unit&quot;:&quot;px&quot;,&quot;size&quot;:&quot;&quot;,&quot;sizes&quot;:[]}}\" data-widget_type=\"posts.cards\">\n\t\t\t\t<div class=\"elementor-widget-container\">\n\t\t\t\t\t\t\t<div class=\"elementor-posts-container elementor-posts elementor-posts--skin-cards elementor-grid\" role=\"list\">\n\t\t\t\t<article class=\"elementor-post elementor-grid-item post-90887 online_courses type-online_courses status-publish has-post-thumbnail hentry categories_online_courses-comptabilite-fiscalite languages_online_courses-english-fr tags_online_courses-comptabilite tags_online_courses-gestion-des-actifs tags_online_courses-taxes entry has-media owp-thumbs-layout-vertical owp-btn-normal owp-tabs-layout-horizontal has-no-thumbnails has-product-nav\" role=\"listitem\">\n\t\t\t<div class=\"elementor-post__card\">\n\t\t\t\t<a class=\"elementor-post__thumbnail__link\" href=\"https:\/\/garudasupplies.com\/fr\/online_courses\/evaluation-dentreprise-methodes-et-exemples\/\" tabindex=\"-1\" ><div class=\"elementor-post__thumbnail\"><img fetchpriority=\"high\" decoding=\"async\" width=\"696\" height=\"483\" src=\"https:\/\/garudasupplies.com\/wp-content\/uploads\/2020\/03\/Outsourcing-Accounting-Sourcing-and-Logistic-Functions.jpg\" class=\"attachment-full size-full wp-image-42147\" alt=\"\" srcset=\"https:\/\/garudasupplies.com\/wp-content\/uploads\/2020\/03\/Outsourcing-Accounting-Sourcing-and-Logistic-Functions.jpg 696w, https:\/\/garudasupplies.com\/wp-content\/uploads\/2020\/03\/Outsourcing-Accounting-Sourcing-and-Logistic-Functions-600x416.jpg 600w, https:\/\/garudasupplies.com\/wp-content\/uploads\/2020\/03\/Outsourcing-Accounting-Sourcing-and-Logistic-Functions-300x208.jpg 300w\" sizes=\"(max-width: 696px) 100vw, 696px\" \/><\/div><\/a>\n\t\t\t\t<div class=\"elementor-post__badge\">Comptabilit\u00e9 &amp; Fiscalit\u00e9<\/div>\n\t\t\t\t<div class=\"elementor-post__text\">\n\t\t\t\t<h3 class=\"elementor-post__title\">\n\t\t\t<a href=\"https:\/\/garudasupplies.com\/fr\/online_courses\/evaluation-dentreprise-methodes-et-exemples\/\" >\n\t\t\t\t\u00c9valuation d&#8217;entreprise\u00a0: m\u00e9thodes et exemples\t\t\t<\/a>\n\t\t<\/h3>\n\t\t\t\t<div class=\"elementor-post__excerpt\">\n\t\t\t<p>L&#8217;\u00e9valuation d&#8217;une entreprise est un processus important pour les investisseurs, les acheteurs et les vendeurs. Il existe plusieurs m\u00e9thodes utilis\u00e9es pour d\u00e9terminer la valeur d&#8217;une<\/p>\n\t\t<\/div>\n\t\t\n\t\t<a class=\"elementor-post__read-more\" href=\"https:\/\/garudasupplies.com\/fr\/online_courses\/evaluation-dentreprise-methodes-et-exemples\/\" aria-label=\"Read more about \u00c9valuation d&#8217;entreprise\u00a0: m\u00e9thodes et exemples\" tabindex=\"-1\" >\n\t\t\tRead More \u00bb\t\t<\/a>\n\n\t\t\t\t<\/div>\n\t\t\t\t<div class=\"elementor-post__meta-data\">\n\t\t\t\t\t<span class=\"elementor-post-date\">\n\t\t\t14\/04\/2023\t\t<\/span>\n\t\t\t\t<\/div>\n\t\t\t\t\t<\/div>\n\t\t<\/article>\n\t\t\t\t<\/div>\n\t\t\n\t\t\t\t\t\t<\/div>\n\t\t\t\t<\/div>\n\t\t\t\t\t<\/div>\n\t\t<\/div>\n\t\t\t\t\t<\/div>\n\t\t<\/section>\n\t\t\t\t<\/div>\n\t\t","protected":false},"excerpt":{"rendered":"<p>Comptabilit\u00e9 &#038; Fiscalit\u00e9<\/p>\n","protected":false},"author":4096,"featured_media":0,"parent":0,"menu_order":0,"comment_status":"closed","ping_status":"closed","template":"","meta":{"_acf_changed":false,"ocean_post_layout":"","ocean_both_sidebars_style":"","ocean_both_sidebars_content_width":0,"ocean_both_sidebars_sidebars_width":0,"ocean_sidebar":"0","ocean_second_sidebar":"0","ocean_disable_margins":"enable","ocean_add_body_class":"","ocean_shortcode_before_top_bar":"","ocean_shortcode_after_top_bar":"","ocean_shortcode_before_header":"","ocean_shortcode_after_header":"","ocean_has_shortcode":"","ocean_shortcode_after_title":"","ocean_shortcode_before_footer_widgets":"","ocean_shortcode_after_footer_widgets":"","ocean_shortcode_before_footer_bottom":"","ocean_shortcode_after_footer_bottom":"","ocean_display_top_bar":"default","ocean_display_header":"default","ocean_header_style":"","ocean_center_header_left_menu":"0","ocean_custom_header_template":"0","ocean_custom_logo":0,"ocean_custom_retina_logo":0,"ocean_custom_logo_max_width":0,"ocean_custom_logo_tablet_max_width":0,"ocean_custom_logo_mobile_max_width":0,"ocean_custom_logo_max_height":0,"ocean_custom_logo_tablet_max_height":0,"ocean_custom_logo_mobile_max_height":0,"ocean_header_custom_menu":"0","ocean_menu_typo_font_family":"0","ocean_menu_typo_font_subset":"","ocean_menu_typo_font_size":0,"ocean_menu_typo_font_size_tablet":0,"ocean_menu_typo_font_size_mobile":0,"ocean_menu_typo_font_size_unit":"px","ocean_menu_typo_font_weight":"","ocean_menu_typo_font_weight_tablet":"","ocean_menu_typo_font_weight_mobile":"","ocean_menu_typo_transform":"","ocean_menu_typo_transform_tablet":"","ocean_menu_typo_transform_mobile":"","ocean_menu_typo_line_height":0,"ocean_menu_typo_line_height_tablet":0,"ocean_menu_typo_line_height_mobile":0,"ocean_menu_typo_line_height_unit":"","ocean_menu_typo_spacing":0,"ocean_menu_typo_spacing_tablet":0,"ocean_menu_typo_spacing_mobile":0,"ocean_menu_typo_spacing_unit":"","ocean_menu_link_color":"","ocean_menu_link_color_hover":"","ocean_menu_link_color_active":"","ocean_menu_link_background":"","ocean_menu_link_hover_background":"","ocean_menu_link_active_background":"","ocean_menu_social_links_bg":"","ocean_menu_social_hover_links_bg":"","ocean_menu_social_links_color":"","ocean_menu_social_hover_links_color":"","ocean_disable_title":"default","ocean_disable_heading":"default","ocean_post_title":"","ocean_post_subheading":"","ocean_post_title_style":"","ocean_post_title_background_color":"","ocean_post_title_background":0,"ocean_post_title_bg_image_position":"","ocean_post_title_bg_image_attachment":"","ocean_post_title_bg_image_repeat":"","ocean_post_title_bg_image_size":"","ocean_post_title_height":0,"ocean_post_title_bg_overlay":0.5,"ocean_post_title_bg_overlay_color":"","ocean_disable_breadcrumbs":"default","ocean_breadcrumbs_color":"","ocean_breadcrumbs_separator_color":"","ocean_breadcrumbs_links_color":"","ocean_breadcrumbs_links_hover_color":"","ocean_display_footer_widgets":"default","ocean_display_footer_bottom":"default","ocean_custom_footer_template":"0","footnotes":""},"simple-restrict-permission":[],"class_list":["post-54891","page","type-page","status-publish","hentry","entry","has-media","owp-thumbs-layout-vertical","owp-btn-normal","owp-tabs-layout-horizontal","has-no-thumbnails","has-product-nav"],"acf":[],"yoast_head":"<!-- This site is optimized with the Yoast SEO plugin v26.9 - https:\/\/yoast.com\/product\/yoast-seo-wordpress\/ -->\n<title>Cours en ligne (Comptabilit\u00e9 et taxes)<\/title>\n<meta name=\"robots\" content=\"index, follow, max-snippet:-1, max-image-preview:large, max-video-preview:-1\" \/>\n<link rel=\"canonical\" href=\"https:\/\/garudasupplies.com\/fr\/cours-en-ligne-comptabilite-et-taxes\/\" \/>\n<meta name=\"twitter:card\" content=\"summary_large_image\" \/>\n<meta name=\"twitter:title\" content=\"Cours en ligne (Comptabilit\u00e9 et taxes)\" \/>\n<meta name=\"twitter:description\" content=\"Comptabilit\u00e9 &amp; Fiscalit\u00e9\" \/>\n<script type=\"application\/ld+json\" class=\"yoast-schema-graph\">{\"@context\":\"https:\/\/schema.org\",\"@graph\":[{\"@type\":\"WebPage\",\"@id\":\"https:\/\/garudasupplies.com\/fr\/cours-en-ligne-comptabilite-et-taxes\/\",\"url\":\"https:\/\/garudasupplies.com\/fr\/cours-en-ligne-comptabilite-et-taxes\/\",\"name\":\"Cours en ligne (Comptabilit\u00e9 et taxes)\",\"isPartOf\":{\"@id\":\"https:\/\/garudasupplies.com\/en\/#website\"},\"datePublished\":\"2021-01-05T06:53:29+00:00\",\"dateModified\":\"2021-08-05T08:19:14+00:00\",\"breadcrumb\":{\"@id\":\"https:\/\/garudasupplies.com\/fr\/cours-en-ligne-comptabilite-et-taxes\/#breadcrumb\"},\"inLanguage\":\"fr-FR\",\"potentialAction\":[{\"@type\":\"ReadAction\",\"target\":[\"https:\/\/garudasupplies.com\/fr\/cours-en-ligne-comptabilite-et-taxes\/\"]}]},{\"@type\":\"BreadcrumbList\",\"@id\":\"https:\/\/garudasupplies.com\/fr\/cours-en-ligne-comptabilite-et-taxes\/#breadcrumb\",\"itemListElement\":[{\"@type\":\"ListItem\",\"position\":1,\"name\":\"Home\",\"item\":\"https:\/\/garudasupplies.com\/en\/\"},{\"@type\":\"ListItem\",\"position\":2,\"name\":\"Cours en ligne (Comptabilit\u00e9 et taxes)\"}]},{\"@type\":\"WebSite\",\"@id\":\"https:\/\/garudasupplies.com\/en\/#website\",\"url\":\"https:\/\/garudasupplies.com\/en\/\",\"name\":\"Garuda Supplies\",\"description\":\"Garuda Supplies\",\"publisher\":{\"@id\":\"https:\/\/garudasupplies.com\/en\/#organization\"},\"potentialAction\":[{\"@type\":\"SearchAction\",\"target\":{\"@type\":\"EntryPoint\",\"urlTemplate\":\"https:\/\/garudasupplies.com\/en\/?s={search_term_string}\"},\"query-input\":{\"@type\":\"PropertyValueSpecification\",\"valueRequired\":true,\"valueName\":\"search_term_string\"}}],\"inLanguage\":\"fr-FR\"},{\"@type\":\"Organization\",\"@id\":\"https:\/\/garudasupplies.com\/en\/#organization\",\"name\":\"PT Indonesian Supplies\",\"url\":\"https:\/\/garudasupplies.com\/en\/\",\"logo\":{\"@type\":\"ImageObject\",\"inLanguage\":\"fr-FR\",\"@id\":\"https:\/\/garudasupplies.com\/en\/#\/schema\/logo\/image\/\",\"url\":\"https:\/\/garudasupplies.com\/wp-content\/uploads\/2021\/05\/Logo-Indonesian-Supplies-300x352-1.png\",\"contentUrl\":\"https:\/\/garudasupplies.com\/wp-content\/uploads\/2021\/05\/Logo-Indonesian-Supplies-300x352-1.png\",\"width\":300,\"height\":253,\"caption\":\"PT Indonesian Supplies\"},\"image\":{\"@id\":\"https:\/\/garudasupplies.com\/en\/#\/schema\/logo\/image\/\"},\"sameAs\":[\"https:\/\/www.facebook.com\/Indonesian-Supplies-110227014847832\"]}]}<\/script>\n<!-- \/ Yoast SEO plugin. -->","yoast_head_json":{"title":"Cours en ligne (Comptabilit\u00e9 et taxes)","robots":{"index":"index","follow":"follow","max-snippet":"max-snippet:-1","max-image-preview":"max-image-preview:large","max-video-preview":"max-video-preview:-1"},"canonical":"https:\/\/garudasupplies.com\/fr\/cours-en-ligne-comptabilite-et-taxes\/","twitter_card":"summary_large_image","twitter_title":"Cours en ligne (Comptabilit\u00e9 et taxes)","twitter_description":"Comptabilit\u00e9 & Fiscalit\u00e9","schema":{"@context":"https:\/\/schema.org","@graph":[{"@type":"WebPage","@id":"https:\/\/garudasupplies.com\/fr\/cours-en-ligne-comptabilite-et-taxes\/","url":"https:\/\/garudasupplies.com\/fr\/cours-en-ligne-comptabilite-et-taxes\/","name":"Cours en ligne (Comptabilit\u00e9 et taxes)","isPartOf":{"@id":"https:\/\/garudasupplies.com\/en\/#website"},"datePublished":"2021-01-05T06:53:29+00:00","dateModified":"2021-08-05T08:19:14+00:00","breadcrumb":{"@id":"https:\/\/garudasupplies.com\/fr\/cours-en-ligne-comptabilite-et-taxes\/#breadcrumb"},"inLanguage":"fr-FR","potentialAction":[{"@type":"ReadAction","target":["https:\/\/garudasupplies.com\/fr\/cours-en-ligne-comptabilite-et-taxes\/"]}]},{"@type":"BreadcrumbList","@id":"https:\/\/garudasupplies.com\/fr\/cours-en-ligne-comptabilite-et-taxes\/#breadcrumb","itemListElement":[{"@type":"ListItem","position":1,"name":"Home","item":"https:\/\/garudasupplies.com\/en\/"},{"@type":"ListItem","position":2,"name":"Cours en ligne (Comptabilit\u00e9 et taxes)"}]},{"@type":"WebSite","@id":"https:\/\/garudasupplies.com\/en\/#website","url":"https:\/\/garudasupplies.com\/en\/","name":"Garuda Supplies","description":"Garuda Supplies","publisher":{"@id":"https:\/\/garudasupplies.com\/en\/#organization"},"potentialAction":[{"@type":"SearchAction","target":{"@type":"EntryPoint","urlTemplate":"https:\/\/garudasupplies.com\/en\/?s={search_term_string}"},"query-input":{"@type":"PropertyValueSpecification","valueRequired":true,"valueName":"search_term_string"}}],"inLanguage":"fr-FR"},{"@type":"Organization","@id":"https:\/\/garudasupplies.com\/en\/#organization","name":"PT Indonesian Supplies","url":"https:\/\/garudasupplies.com\/en\/","logo":{"@type":"ImageObject","inLanguage":"fr-FR","@id":"https:\/\/garudasupplies.com\/en\/#\/schema\/logo\/image\/","url":"https:\/\/garudasupplies.com\/wp-content\/uploads\/2021\/05\/Logo-Indonesian-Supplies-300x352-1.png","contentUrl":"https:\/\/garudasupplies.com\/wp-content\/uploads\/2021\/05\/Logo-Indonesian-Supplies-300x352-1.png","width":300,"height":253,"caption":"PT Indonesian Supplies"},"image":{"@id":"https:\/\/garudasupplies.com\/en\/#\/schema\/logo\/image\/"},"sameAs":["https:\/\/www.facebook.com\/Indonesian-Supplies-110227014847832"]}]}},"_links":{"self":[{"href":"https:\/\/garudasupplies.com\/fr\/wp-json\/wp\/v2\/pages\/54891","targetHints":{"allow":["GET"]}}],"collection":[{"href":"https:\/\/garudasupplies.com\/fr\/wp-json\/wp\/v2\/pages"}],"about":[{"href":"https:\/\/garudasupplies.com\/fr\/wp-json\/wp\/v2\/types\/page"}],"author":[{"embeddable":true,"href":"https:\/\/garudasupplies.com\/fr\/wp-json\/wp\/v2\/users\/4096"}],"replies":[{"embeddable":true,"href":"https:\/\/garudasupplies.com\/fr\/wp-json\/wp\/v2\/comments?post=54891"}],"version-history":[{"count":0,"href":"https:\/\/garudasupplies.com\/fr\/wp-json\/wp\/v2\/pages\/54891\/revisions"}],"wp:attachment":[{"href":"https:\/\/garudasupplies.com\/fr\/wp-json\/wp\/v2\/media?parent=54891"}],"wp:term":[{"taxonomy":"simple-restrict-permission","embeddable":true,"href":"https:\/\/garudasupplies.com\/fr\/wp-json\/wp\/v2\/simple-restrict-permission?post=54891"}],"curies":[{"name":"wp","href":"https:\/\/api.w.org\/{rel}","templated":true}]}}