{"id":54880,"date":"2021-01-05T06:46:39","date_gmt":"2021-01-05T06:46:39","guid":{"rendered":"https:\/\/garudasupplies.com\/?page_id=54880"},"modified":"2025-05-18T16:16:24","modified_gmt":"2025-05-18T15:16:24","slug":"cours-en-ligne-gestion-de-donnees","status":"publish","type":"page","link":"https:\/\/garudasupplies.com\/fr\/cours-en-ligne-gestion-de-donnees\/","title":{"rendered":"Cours en ligne (Gestion de Donn\u00e9es)"},"content":{"rendered":"\t\t<div data-elementor-type=\"wp-page\" data-elementor-id=\"54880\" class=\"elementor elementor-54880 elementor-54819\" data-elementor-post-type=\"page\">\n\t\t\t\t\t\t<section class=\"elementor-section elementor-top-section elementor-element elementor-element-e925b30 elementor-section-height-min-height elementor-section-stretched animated-slow elementor-section-boxed elementor-section-height-default elementor-section-items-middle elementor-invisible\" data-id=\"e925b30\" data-element_type=\"section\" data-settings=\"{&quot;background_background&quot;:&quot;classic&quot;,&quot;stretch_section&quot;:&quot;section-stretched&quot;,&quot;animation&quot;:&quot;fadeIn&quot;}\">\n\t\t\t\t\t\t\t<div class=\"elementor-background-overlay\"><\/div>\n\t\t\t\t\t\t\t<div class=\"elementor-container elementor-column-gap-default\">\n\t\t\t\t\t<div class=\"elementor-column elementor-col-100 elementor-top-column elementor-element elementor-element-8b8e8ec\" data-id=\"8b8e8ec\" data-element_type=\"column\">\n\t\t\t<div class=\"elementor-widget-wrap elementor-element-populated\">\n\t\t\t\t\t\t<div class=\"elementor-element elementor-element-331218a animated-slow elementor-invisible elementor-widget elementor-widget-heading\" data-id=\"331218a\" data-element_type=\"widget\" data-settings=\"{&quot;_animation&quot;:&quot;fadeIn&quot;,&quot;_animation_delay&quot;:400}\" data-widget_type=\"heading.default\">\n\t\t\t\t<div class=\"elementor-widget-container\">\n\t\t\t\t\t<h2 class=\"elementor-heading-title elementor-size-default\">Risques de Change et Paiement<\/h2>\t\t\t\t<\/div>\n\t\t\t\t<\/div>\n\t\t\t\t\t<\/div>\n\t\t<\/div>\n\t\t\t\t\t<\/div>\n\t\t<\/section>\n\t\t\t\t<section class=\"elementor-section elementor-top-section elementor-element elementor-element-65eb7fe elementor-section-boxed elementor-section-height-default elementor-section-height-default\" data-id=\"65eb7fe\" data-element_type=\"section\">\n\t\t\t\t\t\t<div class=\"elementor-container elementor-column-gap-default\">\n\t\t\t\t\t<div class=\"elementor-column elementor-col-100 elementor-top-column elementor-element elementor-element-967fce2\" data-id=\"967fce2\" data-element_type=\"column\">\n\t\t\t<div class=\"elementor-widget-wrap elementor-element-populated\">\n\t\t\t\t\t\t<div class=\"elementor-element elementor-element-f5183e0 elementor-widget elementor-widget-shortcode\" data-id=\"f5183e0\" data-element_type=\"widget\" data-widget_type=\"shortcode.default\">\n\t\t\t\t<div class=\"elementor-widget-container\">\n\t\t\t\t\t\t\t<div class=\"elementor-shortcode\">\n\t\t\t\t<form action=\"\" method=\"post\" class=\"searchandfilter\">\n\t\t\t\t\t<div><ul><li><h4>Categories<\/h4><select  name='ofcategories_online_courses' id='ofcategories_online_courses' class='postform'>\n\t<option value='0' selected='selected'>All Category Online Courses<\/option>\n\t<option class=\"level-0\" value=\"7612\">Analytique d&#8217;entreprise<\/option>\n\t<option class=\"level-0\" value=\"7817\">Category Management<\/option>\n\t<option class=\"level-0\" value=\"7610\">Comptabilit\u00e9 &amp; Fiscalit\u00e9<\/option>\n\t<option class=\"level-0\" value=\"7820\">Cours en ligne et apprentissage en ligne<\/option>\n\t<option class=\"level-0\" value=\"7812\">Gestion de Donn\u00e9es<\/option>\n\t<option class=\"level-0\" value=\"7818\">Gestion des Contrats<\/option>\n\t<option class=\"level-0\" value=\"7614\">L&#8217;excellence op\u00e9rationnelle<\/option>\n\t<option class=\"level-0\" value=\"7611\">La gestion d&#8217;actifs<\/option>\n\t<option class=\"level-0\" value=\"7813\">Optimisation et Automatisation des Processus<\/option>\n\t<option class=\"level-0\" value=\"7819\">QHSE Management<\/option>\n\t<option class=\"level-0\" value=\"7814\">Solutions d&#8217;approvisionnement<\/option>\n\t<option class=\"level-0\" value=\"7613\">Transformation Num\u00e9rique<\/option>\n<\/select>\n<input type=\"hidden\" name=\"ofcategories_online_courses_operator\" value=\"and\" \/><\/li><li><h4>Post Types<\/h4><select  name='oftype_online_courses' id='oftype_online_courses' class='postform'>\n\t<option value='0' selected='selected'>All Type Online Courses<\/option>\n\t<option class=\"level-0\" value=\"8643\">Page web<\/option>\n\t<option class=\"level-0\" value=\"8340\">pdf<\/option>\n\t<option class=\"level-0\" value=\"8613\">video<\/option>\n<\/select>\n<input type=\"hidden\" name=\"oftype_online_courses_operator\" value=\"and\" \/><\/li><li><h4> Post Date<\/h4><input class=\"postform\" type=\"date\" name=\"ofpost_date[]\" value=\"\" \/><\/li><li><input type=\"hidden\" id=\"_searchandfilter_nonce\" name=\"_searchandfilter_nonce\" value=\"f1741f22d1\" \/><input type=\"hidden\" name=\"_wp_http_referer\" value=\"\/fr\/wp-json\/wp\/v2\/pages\/54880\" \/><input type=\"hidden\" name=\"ofsubmitted\" value=\"1\"><input type=\"submit\" value=\"Submit\"><\/li><\/ul><\/div><\/form><\/div>\n\t\t\t\t\t\t<\/div>\n\t\t\t\t<\/div>\n\t\t\t\t\t<\/div>\n\t\t<\/div>\n\t\t\t\t\t<\/div>\n\t\t<\/section>\n\t\t\t\t<section class=\"elementor-section elementor-top-section elementor-element elementor-element-671ddc0 elementor-section-boxed elementor-section-height-default elementor-section-height-default\" data-id=\"671ddc0\" data-element_type=\"section\">\n\t\t\t\t\t\t<div class=\"elementor-container elementor-column-gap-default\">\n\t\t\t\t\t<div class=\"elementor-column elementor-col-100 elementor-top-column elementor-element elementor-element-7e03bbd\" data-id=\"7e03bbd\" data-element_type=\"column\">\n\t\t\t<div class=\"elementor-widget-wrap elementor-element-populated\">\n\t\t\t\t\t\t<div class=\"elementor-element elementor-element-a9b8096 elementor-posts--align-center elementor-grid-tablet-3 elementor-grid-3 elementor-grid-mobile-1 elementor-posts--thumbnail-top elementor-card-shadow-yes elementor-posts__hover-gradient elementor-widget elementor-widget-posts\" data-id=\"a9b8096\" data-element_type=\"widget\" data-settings=\"{&quot;cards_row_gap&quot;:{&quot;unit&quot;:&quot;px&quot;,&quot;size&quot;:80,&quot;sizes&quot;:[]},&quot;cards_columns_tablet&quot;:&quot;3&quot;,&quot;cards_columns&quot;:&quot;3&quot;,&quot;cards_columns_mobile&quot;:&quot;1&quot;,&quot;cards_row_gap_tablet&quot;:{&quot;unit&quot;:&quot;px&quot;,&quot;size&quot;:&quot;&quot;,&quot;sizes&quot;:[]},&quot;cards_row_gap_mobile&quot;:{&quot;unit&quot;:&quot;px&quot;,&quot;size&quot;:&quot;&quot;,&quot;sizes&quot;:[]}}\" data-widget_type=\"posts.cards\">\n\t\t\t\t<div class=\"elementor-widget-container\">\n\t\t\t\t\t\t\t<div class=\"elementor-posts-container elementor-posts elementor-posts--skin-cards elementor-grid\" role=\"list\">\n\t\t\t\t<article class=\"elementor-post elementor-grid-item post-94355 online_courses type-online_courses status-publish has-post-thumbnail hentry categories_online_courses-gestion-de-donnees type_online_courses-pdf-fr languages_online_courses-english-fr tags_online_courses-banques-centrales tags_online_courses-commerce-mondial tags_online_courses-cryptomonnaies tags_online_courses-etalon-or tags_online_courses-monnaies tags_online_courses-sourcing-management-fr-2 entry has-media owp-thumbs-layout-vertical owp-btn-normal owp-tabs-layout-horizontal has-no-thumbnails has-product-nav\" role=\"listitem\">\n\t\t\t<div class=\"elementor-post__card\">\n\t\t\t\t<a class=\"elementor-post__thumbnail__link\" href=\"https:\/\/garudasupplies.com\/fr\/online_courses\/or-et-commerce-mondial-comment-les-correlations-monetaires-influencent-la-competitivite-a-limport-et-a-lexport\/\" tabindex=\"-1\" ><div class=\"elementor-post__thumbnail\"><img fetchpriority=\"high\" decoding=\"async\" width=\"1024\" height=\"1536\" src=\"https:\/\/garudasupplies.com\/wp-content\/uploads\/2025\/05\/ChatGPT-Image-May-8-2025-12_47_15-AM.png\" class=\"attachment-full size-full wp-image-94353\" alt=\"\" srcset=\"https:\/\/garudasupplies.com\/wp-content\/uploads\/2025\/05\/ChatGPT-Image-May-8-2025-12_47_15-AM.png 1024w, https:\/\/garudasupplies.com\/wp-content\/uploads\/2025\/05\/ChatGPT-Image-May-8-2025-12_47_15-AM-200x300.png 200w, https:\/\/garudasupplies.com\/wp-content\/uploads\/2025\/05\/ChatGPT-Image-May-8-2025-12_47_15-AM-683x1024.png 683w, https:\/\/garudasupplies.com\/wp-content\/uploads\/2025\/05\/ChatGPT-Image-May-8-2025-12_47_15-AM-100x150.png 100w, https:\/\/garudasupplies.com\/wp-content\/uploads\/2025\/05\/ChatGPT-Image-May-8-2025-12_47_15-AM-768x1152.png 768w, https:\/\/garudasupplies.com\/wp-content\/uploads\/2025\/05\/ChatGPT-Image-May-8-2025-12_47_15-AM-600x900.png 600w\" sizes=\"(max-width: 1024px) 100vw, 1024px\" \/><\/div><\/a>\n\t\t\t\t<div class=\"elementor-post__badge\">Gestion de Donn\u00e9es<\/div>\n\t\t\t\t<div class=\"elementor-post__text\">\n\t\t\t\t<h3 class=\"elementor-post__title\">\n\t\t\t<a href=\"https:\/\/garudasupplies.com\/fr\/online_courses\/or-et-commerce-mondial-comment-les-correlations-monetaires-influencent-la-competitivite-a-limport-et-a-lexport\/\" >\n\t\t\t\tOr &#038; Commerce Mondial : Comment les Corr\u00e9lations Mon\u00e9taires Influencent la Comp\u00e9titivit\u00e9 \u00e0 l\u2019Import et \u00e0 l\u2019Export\t\t\t<\/a>\n\t\t<\/h3>\n\t\t\t\t<div class=\"elementor-post__excerpt\">\n\t\t\t<p>Comment fonctionne l&#8217;achat de biens et services en devises \u00e9trang\u00e8res ? Quel est le r\u00f4le des banques centrales, comment les fluctuations des taux de change<\/p>\n\t\t<\/div>\n\t\t\n\t\t<a class=\"elementor-post__read-more\" href=\"https:\/\/garudasupplies.com\/fr\/online_courses\/or-et-commerce-mondial-comment-les-correlations-monetaires-influencent-la-competitivite-a-limport-et-a-lexport\/\" aria-label=\"Read more about Or &#038; Commerce Mondial : Comment les Corr\u00e9lations Mon\u00e9taires Influencent la Comp\u00e9titivit\u00e9 \u00e0 l\u2019Import et \u00e0 l\u2019Export\" tabindex=\"-1\" >\n\t\t\tRead More \u00bb\t\t<\/a>\n\n\t\t\t\t<\/div>\n\t\t\t\t<div class=\"elementor-post__meta-data\">\n\t\t\t\t\t<span class=\"elementor-post-date\">\n\t\t\t18\/05\/2025\t\t<\/span>\n\t\t\t\t<\/div>\n\t\t\t\t\t<\/div>\n\t\t<\/article>\n\t\t\t\t<article class=\"elementor-post elementor-grid-item post-92678 online_courses type-online_courses status-publish has-post-thumbnail hentry categories_online_courses-gestion-de-donnees type_online_courses-pdf-fr languages_online_courses-english-fr tags_online_courses-lapprovisionnement-mondial tags_online_courses-offshoring-solutions-fr tags_online_courses-solution-financiere entry has-media owp-thumbs-layout-vertical owp-btn-normal owp-tabs-layout-horizontal has-no-thumbnails has-product-nav\" role=\"listitem\">\n\t\t\t<div class=\"elementor-post__card\">\n\t\t\t\t<a class=\"elementor-post__thumbnail__link\" href=\"https:\/\/garudasupplies.com\/fr\/online_courses\/brics-pay-projet-vs-swift\/\" tabindex=\"-1\" ><div class=\"elementor-post__thumbnail\"><img decoding=\"async\" width=\"640\" height=\"427\" src=\"https:\/\/garudasupplies.com\/wp-content\/uploads\/2023\/08\/finance-g7d7f0e88f_640.jpg\" class=\"attachment-full size-full wp-image-90923\" alt=\"\" srcset=\"https:\/\/garudasupplies.com\/wp-content\/uploads\/2023\/08\/finance-g7d7f0e88f_640.jpg 640w, https:\/\/garudasupplies.com\/wp-content\/uploads\/2023\/08\/finance-g7d7f0e88f_640-600x400.jpg 600w, https:\/\/garudasupplies.com\/wp-content\/uploads\/2023\/08\/finance-g7d7f0e88f_640-300x200.jpg 300w, https:\/\/garudasupplies.com\/wp-content\/uploads\/2023\/08\/finance-g7d7f0e88f_640-150x100.jpg 150w\" sizes=\"(max-width: 640px) 100vw, 640px\" \/><\/div><\/a>\n\t\t\t\t<div class=\"elementor-post__badge\">Gestion de Donn\u00e9es<\/div>\n\t\t\t\t<div class=\"elementor-post__text\">\n\t\t\t\t<h3 class=\"elementor-post__title\">\n\t\t\t<a href=\"https:\/\/garudasupplies.com\/fr\/online_courses\/brics-pay-projet-vs-swift\/\" >\n\t\t\t\tBRICS PAY projet vs SWIFT\t\t\t<\/a>\n\t\t<\/h3>\n\t\t\t\t<div class=\"elementor-post__excerpt\">\n\t\t\t<p>Le projet BRICS PAY et SWIFT sont tous deux des syst\u00e8mes de messagerie financi\u00e8re, mais ils ont des objectifs, des structures et des implications g\u00e9opolitiques<\/p>\n\t\t<\/div>\n\t\t\n\t\t<a class=\"elementor-post__read-more\" href=\"https:\/\/garudasupplies.com\/fr\/online_courses\/brics-pay-projet-vs-swift\/\" aria-label=\"Read more about BRICS PAY projet vs SWIFT\" tabindex=\"-1\" >\n\t\t\tRead More \u00bb\t\t<\/a>\n\n\t\t\t\t<\/div>\n\t\t\t\t<div class=\"elementor-post__meta-data\">\n\t\t\t\t\t<span class=\"elementor-post-date\">\n\t\t\t14\/07\/2024\t\t<\/span>\n\t\t\t\t<\/div>\n\t\t\t\t\t<\/div>\n\t\t<\/article>\n\t\t\t\t<article class=\"elementor-post elementor-grid-item post-88259 online_courses type-online_courses status-publish has-post-thumbnail hentry categories_online_courses-gestion-de-donnees languages_online_courses-english-fr tags_online_courses-contract-management-fr tags_online_courses-smart-contracts-fr-2 entry has-media owp-thumbs-layout-vertical owp-btn-normal owp-tabs-layout-horizontal has-no-thumbnails has-product-nav\" role=\"listitem\">\n\t\t\t<div class=\"elementor-post__card\">\n\t\t\t\t<a class=\"elementor-post__thumbnail__link\" href=\"https:\/\/garudasupplies.com\/fr\/online_courses\/technologie-blockchain-pour-la-gestion-des-contrats-intelligents-de-niveau-entreprise\/\" tabindex=\"-1\" ><div class=\"elementor-post__thumbnail\"><img decoding=\"async\" width=\"640\" height=\"426\" src=\"https:\/\/garudasupplies.com\/wp-content\/uploads\/2022\/02\/network-g4df86bf2d_640.jpg\" class=\"attachment-full size-full wp-image-88023\" alt=\"\" srcset=\"https:\/\/garudasupplies.com\/wp-content\/uploads\/2022\/02\/network-g4df86bf2d_640.jpg 640w, https:\/\/garudasupplies.com\/wp-content\/uploads\/2022\/02\/network-g4df86bf2d_640-600x399.jpg 600w, https:\/\/garudasupplies.com\/wp-content\/uploads\/2022\/02\/network-g4df86bf2d_640-300x200.jpg 300w, https:\/\/garudasupplies.com\/wp-content\/uploads\/2022\/02\/network-g4df86bf2d_640-150x100.jpg 150w\" sizes=\"(max-width: 640px) 100vw, 640px\" \/><\/div><\/a>\n\t\t\t\t<div class=\"elementor-post__badge\">Gestion de Donn\u00e9es<\/div>\n\t\t\t\t<div class=\"elementor-post__text\">\n\t\t\t\t<h3 class=\"elementor-post__title\">\n\t\t\t<a href=\"https:\/\/garudasupplies.com\/fr\/online_courses\/technologie-blockchain-pour-la-gestion-des-contrats-intelligents-de-niveau-entreprise\/\" >\n\t\t\t\tTechnologie Blockchain pour la gestion des contrats intelligents de niveau entreprise\t\t\t<\/a>\n\t\t<\/h3>\n\t\t\t\t<div class=\"elementor-post__excerpt\">\n\t\t\t<p>L&#8217;approvisionnement en produits et services aupr\u00e8s d&#8217;entreprises locales \u00e9loign\u00e9es n\u00e9cessite d&#8217;avoir une strat\u00e9gie durable dans la gestion du processus de transactions entre diff\u00e9rents tiers et<\/p>\n\t\t<\/div>\n\t\t\n\t\t<a class=\"elementor-post__read-more\" href=\"https:\/\/garudasupplies.com\/fr\/online_courses\/technologie-blockchain-pour-la-gestion-des-contrats-intelligents-de-niveau-entreprise\/\" aria-label=\"Read more about Technologie Blockchain pour la gestion des contrats intelligents de niveau entreprise\" tabindex=\"-1\" >\n\t\t\tRead More \u00bb\t\t<\/a>\n\n\t\t\t\t<\/div>\n\t\t\t\t<div class=\"elementor-post__meta-data\">\n\t\t\t\t\t<span class=\"elementor-post-date\">\n\t\t\t17\/03\/2022\t\t<\/span>\n\t\t\t\t<\/div>\n\t\t\t\t\t<\/div>\n\t\t<\/article>\n\t\t\t\t<\/div>\n\t\t\n\t\t\t\t\t\t<\/div>\n\t\t\t\t<\/div>\n\t\t\t\t\t<\/div>\n\t\t<\/div>\n\t\t\t\t\t<\/div>\n\t\t<\/section>\n\t\t\t\t<\/div>\n\t\t","protected":false},"excerpt":{"rendered":"<p>Risques de Change et Paiement<\/p>\n","protected":false},"author":4096,"featured_media":0,"parent":0,"menu_order":0,"comment_status":"closed","ping_status":"closed","template":"","meta":{"_acf_changed":false,"ocean_post_layout":"","ocean_both_sidebars_style":"","ocean_both_sidebars_content_width":0,"ocean_both_sidebars_sidebars_width":0,"ocean_sidebar":"0","ocean_second_sidebar":"0","ocean_disable_margins":"enable","ocean_add_body_class":"","ocean_shortcode_before_top_bar":"","ocean_shortcode_after_top_bar":"","ocean_shortcode_before_header":"","ocean_shortcode_after_header":"","ocean_has_shortcode":"","ocean_shortcode_after_title":"","ocean_shortcode_before_footer_widgets":"","ocean_shortcode_after_footer_widgets":"","ocean_shortcode_before_footer_bottom":"","ocean_shortcode_after_footer_bottom":"","ocean_display_top_bar":"default","ocean_display_header":"default","ocean_header_style":"","ocean_center_header_left_menu":"0","ocean_custom_header_template":"0","ocean_custom_logo":0,"ocean_custom_retina_logo":0,"ocean_custom_logo_max_width":0,"ocean_custom_logo_tablet_max_width":0,"ocean_custom_logo_mobile_max_width":0,"ocean_custom_logo_max_height":0,"ocean_custom_logo_tablet_max_height":0,"ocean_custom_logo_mobile_max_height":0,"ocean_header_custom_menu":"0","ocean_menu_typo_font_family":"0","ocean_menu_typo_font_subset":"","ocean_menu_typo_font_size":0,"ocean_menu_typo_font_size_tablet":0,"ocean_menu_typo_font_size_mobile":0,"ocean_menu_typo_font_size_unit":"px","ocean_menu_typo_font_weight":"","ocean_menu_typo_font_weight_tablet":"","ocean_menu_typo_font_weight_mobile":"","ocean_menu_typo_transform":"","ocean_menu_typo_transform_tablet":"","ocean_menu_typo_transform_mobile":"","ocean_menu_typo_line_height":0,"ocean_menu_typo_line_height_tablet":0,"ocean_menu_typo_line_height_mobile":0,"ocean_menu_typo_line_height_unit":"","ocean_menu_typo_spacing":0,"ocean_menu_typo_spacing_tablet":0,"ocean_menu_typo_spacing_mobile":0,"ocean_menu_typo_spacing_unit":"","ocean_menu_link_color":"","ocean_menu_link_color_hover":"","ocean_menu_link_color_active":"","ocean_menu_link_background":"","ocean_menu_link_hover_background":"","ocean_menu_link_active_background":"","ocean_menu_social_links_bg":"","ocean_menu_social_hover_links_bg":"","ocean_menu_social_links_color":"","ocean_menu_social_hover_links_color":"","ocean_disable_title":"default","ocean_disable_heading":"default","ocean_post_title":"","ocean_post_subheading":"","ocean_post_title_style":"","ocean_post_title_background_color":"","ocean_post_title_background":0,"ocean_post_title_bg_image_position":"","ocean_post_title_bg_image_attachment":"","ocean_post_title_bg_image_repeat":"","ocean_post_title_bg_image_size":"","ocean_post_title_height":0,"ocean_post_title_bg_overlay":0.5,"ocean_post_title_bg_overlay_color":"","ocean_disable_breadcrumbs":"default","ocean_breadcrumbs_color":"","ocean_breadcrumbs_separator_color":"","ocean_breadcrumbs_links_color":"","ocean_breadcrumbs_links_hover_color":"","ocean_display_footer_widgets":"default","ocean_display_footer_bottom":"default","ocean_custom_footer_template":"0","footnotes":""},"simple-restrict-permission":[],"class_list":["post-54880","page","type-page","status-publish","hentry","entry","has-media","owp-thumbs-layout-vertical","owp-btn-normal","owp-tabs-layout-horizontal","has-no-thumbnails","has-product-nav"],"acf":[],"yoast_head":"<!-- This site is optimized with the Yoast SEO plugin v26.9 - https:\/\/yoast.com\/product\/yoast-seo-wordpress\/ -->\n<title>Cours en ligne (Gestion de Donn\u00e9es)<\/title>\n<meta name=\"robots\" content=\"index, follow, max-snippet:-1, max-image-preview:large, max-video-preview:-1\" \/>\n<link rel=\"canonical\" href=\"https:\/\/garudasupplies.com\/en\/online-courses-data-management\/\" \/>\n<meta name=\"twitter:card\" content=\"summary_large_image\" \/>\n<meta name=\"twitter:title\" content=\"Cours en ligne (Gestion de Donn\u00e9es)\" \/>\n<meta name=\"twitter:description\" content=\"Risques de Change et Paiement\" \/>\n<script type=\"application\/ld+json\" class=\"yoast-schema-graph\">{\"@context\":\"https:\/\/schema.org\",\"@graph\":[{\"@type\":\"WebPage\",\"@id\":\"https:\/\/garudasupplies.com\/en\/online-courses-data-management\/\",\"url\":\"https:\/\/garudasupplies.com\/en\/online-courses-data-management\/\",\"name\":\"Cours en ligne (Gestion de Donn\u00e9es)\",\"isPartOf\":{\"@id\":\"https:\/\/garudasupplies.com\/en\/#website\"},\"datePublished\":\"2021-01-05T06:46:39+00:00\",\"dateModified\":\"2025-05-18T15:16:24+00:00\",\"breadcrumb\":{\"@id\":\"https:\/\/garudasupplies.com\/en\/online-courses-data-management\/#breadcrumb\"},\"inLanguage\":\"fr-FR\",\"potentialAction\":[{\"@type\":\"ReadAction\",\"target\":[\"https:\/\/garudasupplies.com\/en\/online-courses-data-management\/\"]}]},{\"@type\":\"BreadcrumbList\",\"@id\":\"https:\/\/garudasupplies.com\/en\/online-courses-data-management\/#breadcrumb\",\"itemListElement\":[{\"@type\":\"ListItem\",\"position\":1,\"name\":\"Home\",\"item\":\"https:\/\/garudasupplies.com\/en\/\"},{\"@type\":\"ListItem\",\"position\":2,\"name\":\"Cours en ligne (Gestion de Donn\u00e9es)\"}]},{\"@type\":\"WebSite\",\"@id\":\"https:\/\/garudasupplies.com\/en\/#website\",\"url\":\"https:\/\/garudasupplies.com\/en\/\",\"name\":\"Garuda Supplies\",\"description\":\"Garuda Supplies\",\"publisher\":{\"@id\":\"https:\/\/garudasupplies.com\/en\/#organization\"},\"potentialAction\":[{\"@type\":\"SearchAction\",\"target\":{\"@type\":\"EntryPoint\",\"urlTemplate\":\"https:\/\/garudasupplies.com\/en\/?s={search_term_string}\"},\"query-input\":{\"@type\":\"PropertyValueSpecification\",\"valueRequired\":true,\"valueName\":\"search_term_string\"}}],\"inLanguage\":\"fr-FR\"},{\"@type\":\"Organization\",\"@id\":\"https:\/\/garudasupplies.com\/en\/#organization\",\"name\":\"PT Indonesian Supplies\",\"url\":\"https:\/\/garudasupplies.com\/en\/\",\"logo\":{\"@type\":\"ImageObject\",\"inLanguage\":\"fr-FR\",\"@id\":\"https:\/\/garudasupplies.com\/en\/#\/schema\/logo\/image\/\",\"url\":\"https:\/\/garudasupplies.com\/wp-content\/uploads\/2021\/05\/Logo-Indonesian-Supplies-300x352-1.png\",\"contentUrl\":\"https:\/\/garudasupplies.com\/wp-content\/uploads\/2021\/05\/Logo-Indonesian-Supplies-300x352-1.png\",\"width\":300,\"height\":253,\"caption\":\"PT Indonesian Supplies\"},\"image\":{\"@id\":\"https:\/\/garudasupplies.com\/en\/#\/schema\/logo\/image\/\"},\"sameAs\":[\"https:\/\/www.facebook.com\/Indonesian-Supplies-110227014847832\"]}]}<\/script>\n<!-- \/ Yoast SEO plugin. -->","yoast_head_json":{"title":"Cours en ligne (Gestion de Donn\u00e9es)","robots":{"index":"index","follow":"follow","max-snippet":"max-snippet:-1","max-image-preview":"max-image-preview:large","max-video-preview":"max-video-preview:-1"},"canonical":"https:\/\/garudasupplies.com\/en\/online-courses-data-management\/","twitter_card":"summary_large_image","twitter_title":"Cours en ligne (Gestion de Donn\u00e9es)","twitter_description":"Risques de Change et Paiement","schema":{"@context":"https:\/\/schema.org","@graph":[{"@type":"WebPage","@id":"https:\/\/garudasupplies.com\/en\/online-courses-data-management\/","url":"https:\/\/garudasupplies.com\/en\/online-courses-data-management\/","name":"Cours en ligne (Gestion de Donn\u00e9es)","isPartOf":{"@id":"https:\/\/garudasupplies.com\/en\/#website"},"datePublished":"2021-01-05T06:46:39+00:00","dateModified":"2025-05-18T15:16:24+00:00","breadcrumb":{"@id":"https:\/\/garudasupplies.com\/en\/online-courses-data-management\/#breadcrumb"},"inLanguage":"fr-FR","potentialAction":[{"@type":"ReadAction","target":["https:\/\/garudasupplies.com\/en\/online-courses-data-management\/"]}]},{"@type":"BreadcrumbList","@id":"https:\/\/garudasupplies.com\/en\/online-courses-data-management\/#breadcrumb","itemListElement":[{"@type":"ListItem","position":1,"name":"Home","item":"https:\/\/garudasupplies.com\/en\/"},{"@type":"ListItem","position":2,"name":"Cours en ligne (Gestion de Donn\u00e9es)"}]},{"@type":"WebSite","@id":"https:\/\/garudasupplies.com\/en\/#website","url":"https:\/\/garudasupplies.com\/en\/","name":"Garuda Supplies","description":"Garuda Supplies","publisher":{"@id":"https:\/\/garudasupplies.com\/en\/#organization"},"potentialAction":[{"@type":"SearchAction","target":{"@type":"EntryPoint","urlTemplate":"https:\/\/garudasupplies.com\/en\/?s={search_term_string}"},"query-input":{"@type":"PropertyValueSpecification","valueRequired":true,"valueName":"search_term_string"}}],"inLanguage":"fr-FR"},{"@type":"Organization","@id":"https:\/\/garudasupplies.com\/en\/#organization","name":"PT Indonesian Supplies","url":"https:\/\/garudasupplies.com\/en\/","logo":{"@type":"ImageObject","inLanguage":"fr-FR","@id":"https:\/\/garudasupplies.com\/en\/#\/schema\/logo\/image\/","url":"https:\/\/garudasupplies.com\/wp-content\/uploads\/2021\/05\/Logo-Indonesian-Supplies-300x352-1.png","contentUrl":"https:\/\/garudasupplies.com\/wp-content\/uploads\/2021\/05\/Logo-Indonesian-Supplies-300x352-1.png","width":300,"height":253,"caption":"PT Indonesian Supplies"},"image":{"@id":"https:\/\/garudasupplies.com\/en\/#\/schema\/logo\/image\/"},"sameAs":["https:\/\/www.facebook.com\/Indonesian-Supplies-110227014847832"]}]}},"_links":{"self":[{"href":"https:\/\/garudasupplies.com\/fr\/wp-json\/wp\/v2\/pages\/54880","targetHints":{"allow":["GET"]}}],"collection":[{"href":"https:\/\/garudasupplies.com\/fr\/wp-json\/wp\/v2\/pages"}],"about":[{"href":"https:\/\/garudasupplies.com\/fr\/wp-json\/wp\/v2\/types\/page"}],"author":[{"embeddable":true,"href":"https:\/\/garudasupplies.com\/fr\/wp-json\/wp\/v2\/users\/4096"}],"replies":[{"embeddable":true,"href":"https:\/\/garudasupplies.com\/fr\/wp-json\/wp\/v2\/comments?post=54880"}],"version-history":[{"count":12,"href":"https:\/\/garudasupplies.com\/fr\/wp-json\/wp\/v2\/pages\/54880\/revisions"}],"predecessor-version":[{"id":94406,"href":"https:\/\/garudasupplies.com\/fr\/wp-json\/wp\/v2\/pages\/54880\/revisions\/94406"}],"wp:attachment":[{"href":"https:\/\/garudasupplies.com\/fr\/wp-json\/wp\/v2\/media?parent=54880"}],"wp:term":[{"taxonomy":"simple-restrict-permission","embeddable":true,"href":"https:\/\/garudasupplies.com\/fr\/wp-json\/wp\/v2\/simple-restrict-permission?post=54880"}],"curies":[{"name":"wp","href":"https:\/\/api.w.org\/{rel}","templated":true}]}}