{"id":52237,"date":"2020-10-15T07:15:18","date_gmt":"2020-10-15T06:15:18","guid":{"rendered":"https:\/\/garudasupplies.com\/?page_id=52237"},"modified":"2021-08-05T05:46:27","modified_gmt":"2021-08-05T04:46:27","slug":"projet-electronique","status":"publish","type":"page","link":"https:\/\/garudasupplies.com\/fr\/projets-indonesie\/projet-electronique\/","title":{"rendered":"Projet &#8211; \u00c9lectronique"},"content":{"rendered":"\t\t<div data-elementor-type=\"wp-page\" data-elementor-id=\"52237\" class=\"elementor elementor-52237 elementor-52128\" data-elementor-post-type=\"page\">\n\t\t\t\t\t\t<section class=\"elementor-section elementor-top-section elementor-element elementor-element-202d806 elementor-section-stretched elementor-section-full_width elementor-section-height-default elementor-section-height-default\" data-id=\"202d806\" data-element_type=\"section\" data-settings=\"{&quot;stretch_section&quot;:&quot;section-stretched&quot;}\">\n\t\t\t\t\t\t<div class=\"elementor-container elementor-column-gap-default\">\n\t\t\t\t\t<div class=\"elementor-column elementor-col-100 elementor-top-column elementor-element elementor-element-7f4d5dc\" data-id=\"7f4d5dc\" data-element_type=\"column\">\n\t\t\t<div class=\"elementor-widget-wrap\">\n\t\t\t\t\t\t\t<\/div>\n\t\t<\/div>\n\t\t\t\t\t<\/div>\n\t\t<\/section>\n\t\t\t\t<section class=\"elementor-section elementor-top-section elementor-element elementor-element-775e981 elementor-section-boxed elementor-section-height-default elementor-section-height-default\" data-id=\"775e981\" data-element_type=\"section\">\n\t\t\t\t\t\t<div class=\"elementor-container elementor-column-gap-default\">\n\t\t\t\t\t<div class=\"elementor-column elementor-col-100 elementor-top-column elementor-element elementor-element-55630f4\" data-id=\"55630f4\" data-element_type=\"column\">\n\t\t\t<div class=\"elementor-widget-wrap elementor-element-populated\">\n\t\t\t\t\t\t<div class=\"elementor-element elementor-element-e9f41e7 elementor-headline--style-highlight elementor-widget elementor-widget-animated-headline\" data-id=\"e9f41e7\" data-element_type=\"widget\" data-settings=\"{&quot;marker&quot;:&quot;underline&quot;,&quot;highlighted_text&quot;:&quot;\\u00c9lectronique&quot;,&quot;headline_style&quot;:&quot;highlight&quot;,&quot;loop&quot;:&quot;yes&quot;,&quot;highlight_animation_duration&quot;:1200,&quot;highlight_iteration_delay&quot;:8000}\" data-widget_type=\"animated-headline.default\">\n\t\t\t\t<div class=\"elementor-widget-container\">\n\t\t\t\t\t\t\t<h3 class=\"elementor-headline\">\n\t\t\t\t<span class=\"elementor-headline-dynamic-wrapper elementor-headline-text-wrapper\">\n\t\t\t\t\t<span class=\"elementor-headline-dynamic-text elementor-headline-text-active\">\u00c9lectronique<\/span>\n\t\t\t\t<\/span>\n\t\t\t\t<\/h3>\n\t\t\t\t\t\t<\/div>\n\t\t\t\t<\/div>\n\t\t\t\t\t<\/div>\n\t\t<\/div>\n\t\t\t\t\t<\/div>\n\t\t<\/section>\n\t\t\t\t<section class=\"elementor-section elementor-top-section elementor-element elementor-element-9da426f elementor-section-boxed elementor-section-height-default elementor-section-height-default\" data-id=\"9da426f\" data-element_type=\"section\">\n\t\t\t\t\t\t<div class=\"elementor-container elementor-column-gap-default\">\n\t\t\t\t\t<div class=\"elementor-column elementor-col-100 elementor-top-column elementor-element elementor-element-bafe0bf\" data-id=\"bafe0bf\" data-element_type=\"column\">\n\t\t\t<div class=\"elementor-widget-wrap elementor-element-populated\">\n\t\t\t\t\t\t\t<\/div>\n\t\t<\/div>\n\t\t\t\t\t<\/div>\n\t\t<\/section>\n\t\t\t\t<section class=\"elementor-section elementor-top-section elementor-element elementor-element-e729140 elementor-section-boxed elementor-section-height-default elementor-section-height-default\" data-id=\"e729140\" data-element_type=\"section\">\n\t\t\t\t\t\t<div class=\"elementor-container elementor-column-gap-default\">\n\t\t\t\t\t<div class=\"elementor-column elementor-col-100 elementor-top-column elementor-element elementor-element-8ad227d\" data-id=\"8ad227d\" data-element_type=\"column\">\n\t\t\t<div class=\"elementor-widget-wrap elementor-element-populated\">\n\t\t\t\t\t\t<div class=\"elementor-element elementor-element-bfa4eda elementor-widget elementor-widget-spacer\" data-id=\"bfa4eda\" data-element_type=\"widget\" data-widget_type=\"spacer.default\">\n\t\t\t\t<div class=\"elementor-widget-container\">\n\t\t\t\t\t\t\t<div class=\"elementor-spacer\">\n\t\t\t<div class=\"elementor-spacer-inner\"><\/div>\n\t\t<\/div>\n\t\t\t\t\t\t<\/div>\n\t\t\t\t<\/div>\n\t\t\t\t<div class=\"elementor-element elementor-element-d91f6dd elementor-widget-divider--view-line elementor-widget elementor-widget-divider\" data-id=\"d91f6dd\" data-element_type=\"widget\" data-widget_type=\"divider.default\">\n\t\t\t\t<div class=\"elementor-widget-container\">\n\t\t\t\t\t\t\t<div class=\"elementor-divider\">\n\t\t\t<span class=\"elementor-divider-separator\">\n\t\t\t\t\t\t<\/span>\n\t\t<\/div>\n\t\t\t\t\t\t<\/div>\n\t\t\t\t<\/div>\n\t\t\t\t<div class=\"elementor-element elementor-element-0658cec elementor-widget elementor-widget-text-editor\" data-id=\"0658cec\" data-element_type=\"widget\" data-widget_type=\"text-editor.default\">\n\t\t\t\t<div class=\"elementor-widget-container\">\n\t\t\t\t\t\t\t\t\t<p><strong>Notre programme d&#8217;adh\u00e9sion et notre place de march\u00e9<\/strong> vous donneront acc\u00e8s \u00e0 un panel de services et d&#8217;informations personnalis\u00e9s vous permettant de gagner du temps, de l&#8217;argent et de vous concentrer sur votre coeur de m\u00e9tier.<\/p><p>Si vous avez des questions sur nos solutions ou sur un projet de d\u00e9localisation? <strong>N&#8217;h\u00e9sitez pas a nous contacter pour plus d&#8217;informations. <\/strong><\/p>\t\t\t\t\t\t\t\t<\/div>\n\t\t\t\t<\/div>\n\t\t\t\t\t<\/div>\n\t\t<\/div>\n\t\t\t\t\t<\/div>\n\t\t<\/section>\n\t\t\t\t<section class=\"elementor-section elementor-top-section elementor-element elementor-element-7ac7fe1 elementor-section-boxed elementor-section-height-default elementor-section-height-default\" data-id=\"7ac7fe1\" data-element_type=\"section\">\n\t\t\t\t\t\t<div class=\"elementor-container elementor-column-gap-default\">\n\t\t\t\t\t<div class=\"elementor-column elementor-col-100 elementor-top-column elementor-element elementor-element-3fff986\" data-id=\"3fff986\" data-element_type=\"column\">\n\t\t\t<div class=\"elementor-widget-wrap elementor-element-populated\">\n\t\t\t\t\t\t<div class=\"elementor-element elementor-element-8ac954c elementor-widget elementor-widget-spacer\" data-id=\"8ac954c\" data-element_type=\"widget\" data-widget_type=\"spacer.default\">\n\t\t\t\t<div class=\"elementor-widget-container\">\n\t\t\t\t\t\t\t<div class=\"elementor-spacer\">\n\t\t\t<div class=\"elementor-spacer-inner\"><\/div>\n\t\t<\/div>\n\t\t\t\t\t\t<\/div>\n\t\t\t\t<\/div>\n\t\t\t\t\t<\/div>\n\t\t<\/div>\n\t\t\t\t\t<\/div>\n\t\t<\/section>\n\t\t\t\t<\/div>\n\t\t","protected":false},"excerpt":{"rendered":"<p>\u00c9lectronique Notre programme d&#8217;adh\u00e9sion et notre place de march\u00e9 vous donneront acc\u00e8s \u00e0 un panel de services et d&#8217;informations personnalis\u00e9s vous permettant de gagner du temps, de l&#8217;argent et de vous concentrer sur votre coeur de m\u00e9tier. Si vous avez des questions sur nos solutions ou sur un projet de d\u00e9localisation? N&#8217;h\u00e9sitez pas a nous [&hellip;]<\/p>\n","protected":false},"author":4096,"featured_media":0,"parent":44110,"menu_order":0,"comment_status":"closed","ping_status":"closed","template":"","meta":{"_acf_changed":false,"ocean_post_layout":"","ocean_both_sidebars_style":"","ocean_both_sidebars_content_width":0,"ocean_both_sidebars_sidebars_width":0,"ocean_sidebar":"0","ocean_second_sidebar":"0","ocean_disable_margins":"enable","ocean_add_body_class":"","ocean_shortcode_before_top_bar":"","ocean_shortcode_after_top_bar":"","ocean_shortcode_before_header":"","ocean_shortcode_after_header":"","ocean_has_shortcode":"","ocean_shortcode_after_title":"","ocean_shortcode_before_footer_widgets":"","ocean_shortcode_after_footer_widgets":"","ocean_shortcode_before_footer_bottom":"","ocean_shortcode_after_footer_bottom":"","ocean_display_top_bar":"default","ocean_display_header":"default","ocean_header_style":"","ocean_center_header_left_menu":"0","ocean_custom_header_template":"0","ocean_custom_logo":0,"ocean_custom_retina_logo":0,"ocean_custom_logo_max_width":0,"ocean_custom_logo_tablet_max_width":0,"ocean_custom_logo_mobile_max_width":0,"ocean_custom_logo_max_height":0,"ocean_custom_logo_tablet_max_height":0,"ocean_custom_logo_mobile_max_height":0,"ocean_header_custom_menu":"0","ocean_menu_typo_font_family":"0","ocean_menu_typo_font_subset":"","ocean_menu_typo_font_size":0,"ocean_menu_typo_font_size_tablet":0,"ocean_menu_typo_font_size_mobile":0,"ocean_menu_typo_font_size_unit":"px","ocean_menu_typo_font_weight":"","ocean_menu_typo_font_weight_tablet":"","ocean_menu_typo_font_weight_mobile":"","ocean_menu_typo_transform":"","ocean_menu_typo_transform_tablet":"","ocean_menu_typo_transform_mobile":"","ocean_menu_typo_line_height":0,"ocean_menu_typo_line_height_tablet":0,"ocean_menu_typo_line_height_mobile":0,"ocean_menu_typo_line_height_unit":"","ocean_menu_typo_spacing":0,"ocean_menu_typo_spacing_tablet":0,"ocean_menu_typo_spacing_mobile":0,"ocean_menu_typo_spacing_unit":"","ocean_menu_link_color":"","ocean_menu_link_color_hover":"","ocean_menu_link_color_active":"","ocean_menu_link_background":"","ocean_menu_link_hover_background":"","ocean_menu_link_active_background":"","ocean_menu_social_links_bg":"","ocean_menu_social_hover_links_bg":"","ocean_menu_social_links_color":"","ocean_menu_social_hover_links_color":"","ocean_disable_title":"default","ocean_disable_heading":"default","ocean_post_title":"","ocean_post_subheading":"","ocean_post_title_style":"","ocean_post_title_background_color":"","ocean_post_title_background":0,"ocean_post_title_bg_image_position":"","ocean_post_title_bg_image_attachment":"","ocean_post_title_bg_image_repeat":"","ocean_post_title_bg_image_size":"","ocean_post_title_height":0,"ocean_post_title_bg_overlay":0.5,"ocean_post_title_bg_overlay_color":"","ocean_disable_breadcrumbs":"default","ocean_breadcrumbs_color":"","ocean_breadcrumbs_separator_color":"","ocean_breadcrumbs_links_color":"","ocean_breadcrumbs_links_hover_color":"","ocean_display_footer_widgets":"default","ocean_display_footer_bottom":"default","ocean_custom_footer_template":"0","footnotes":""},"simple-restrict-permission":[],"class_list":["post-52237","page","type-page","status-publish","hentry","entry","owp-thumbs-layout-vertical","owp-btn-normal","owp-tabs-layout-horizontal","has-no-thumbnails","has-product-nav"],"acf":[],"yoast_head":"<!-- This site is optimized with the Yoast SEO plugin v26.9 - https:\/\/yoast.com\/product\/yoast-seo-wordpress\/ -->\n<title>Projet - \u00c9lectronique<\/title>\n<meta name=\"robots\" content=\"index, follow, max-snippet:-1, max-image-preview:large, max-video-preview:-1\" \/>\n<link rel=\"canonical\" href=\"https:\/\/garudasupplies.com\/fr\/projets-indonesie\/projet-electronique\/\" \/>\n<meta name=\"twitter:card\" content=\"summary_large_image\" \/>\n<meta name=\"twitter:title\" content=\"Projet - \u00c9lectronique\" \/>\n<meta name=\"twitter:description\" content=\"\u00c9lectronique Notre programme d&#039;adh\u00e9sion et notre place de march\u00e9 vous donneront acc\u00e8s \u00e0 un panel de services et d&#039;informations personnalis\u00e9s vous permettant de gagner du temps, de l&#039;argent et de vous concentrer sur votre coeur de m\u00e9tier. Si vous avez des questions sur nos solutions ou sur un projet de d\u00e9localisation? N&#039;h\u00e9sitez pas a nous [&hellip;]\" \/>\n<script type=\"application\/ld+json\" class=\"yoast-schema-graph\">{\"@context\":\"https:\/\/schema.org\",\"@graph\":[{\"@type\":\"WebPage\",\"@id\":\"https:\/\/garudasupplies.com\/fr\/projets-indonesie\/projet-electronique\/\",\"url\":\"https:\/\/garudasupplies.com\/fr\/projets-indonesie\/projet-electronique\/\",\"name\":\"Projet - \u00c9lectronique\",\"isPartOf\":{\"@id\":\"https:\/\/garudasupplies.com\/en\/#website\"},\"datePublished\":\"2020-10-15T06:15:18+00:00\",\"dateModified\":\"2021-08-05T04:46:27+00:00\",\"breadcrumb\":{\"@id\":\"https:\/\/garudasupplies.com\/fr\/projets-indonesie\/projet-electronique\/#breadcrumb\"},\"inLanguage\":\"fr-FR\",\"potentialAction\":[{\"@type\":\"ReadAction\",\"target\":[\"https:\/\/garudasupplies.com\/fr\/projets-indonesie\/projet-electronique\/\"]}]},{\"@type\":\"BreadcrumbList\",\"@id\":\"https:\/\/garudasupplies.com\/fr\/projets-indonesie\/projet-electronique\/#breadcrumb\",\"itemListElement\":[{\"@type\":\"ListItem\",\"position\":1,\"name\":\"Home\",\"item\":\"https:\/\/garudasupplies.com\/en\/\"},{\"@type\":\"ListItem\",\"position\":2,\"name\":\"Projets en Indon\u00e9sie\",\"item\":\"https:\/\/garudasupplies.com\/fr\/projets-indonesie\/\"},{\"@type\":\"ListItem\",\"position\":3,\"name\":\"Projet &#8211; \u00c9lectronique\"}]},{\"@type\":\"WebSite\",\"@id\":\"https:\/\/garudasupplies.com\/en\/#website\",\"url\":\"https:\/\/garudasupplies.com\/en\/\",\"name\":\"Garuda Supplies\",\"description\":\"Garuda Supplies\",\"publisher\":{\"@id\":\"https:\/\/garudasupplies.com\/en\/#organization\"},\"potentialAction\":[{\"@type\":\"SearchAction\",\"target\":{\"@type\":\"EntryPoint\",\"urlTemplate\":\"https:\/\/garudasupplies.com\/en\/?s={search_term_string}\"},\"query-input\":{\"@type\":\"PropertyValueSpecification\",\"valueRequired\":true,\"valueName\":\"search_term_string\"}}],\"inLanguage\":\"fr-FR\"},{\"@type\":\"Organization\",\"@id\":\"https:\/\/garudasupplies.com\/en\/#organization\",\"name\":\"PT Indonesian Supplies\",\"url\":\"https:\/\/garudasupplies.com\/en\/\",\"logo\":{\"@type\":\"ImageObject\",\"inLanguage\":\"fr-FR\",\"@id\":\"https:\/\/garudasupplies.com\/en\/#\/schema\/logo\/image\/\",\"url\":\"https:\/\/garudasupplies.com\/wp-content\/uploads\/2021\/05\/Logo-Indonesian-Supplies-300x352-1.png\",\"contentUrl\":\"https:\/\/garudasupplies.com\/wp-content\/uploads\/2021\/05\/Logo-Indonesian-Supplies-300x352-1.png\",\"width\":300,\"height\":253,\"caption\":\"PT Indonesian Supplies\"},\"image\":{\"@id\":\"https:\/\/garudasupplies.com\/en\/#\/schema\/logo\/image\/\"},\"sameAs\":[\"https:\/\/www.facebook.com\/Indonesian-Supplies-110227014847832\"]}]}<\/script>\n<!-- \/ Yoast SEO plugin. -->","yoast_head_json":{"title":"Projet - \u00c9lectronique","robots":{"index":"index","follow":"follow","max-snippet":"max-snippet:-1","max-image-preview":"max-image-preview:large","max-video-preview":"max-video-preview:-1"},"canonical":"https:\/\/garudasupplies.com\/fr\/projets-indonesie\/projet-electronique\/","twitter_card":"summary_large_image","twitter_title":"Projet - \u00c9lectronique","twitter_description":"\u00c9lectronique Notre programme d'adh\u00e9sion et notre place de march\u00e9 vous donneront acc\u00e8s \u00e0 un panel de services et d'informations personnalis\u00e9s vous permettant de gagner du temps, de l'argent et de vous concentrer sur votre coeur de m\u00e9tier. Si vous avez des questions sur nos solutions ou sur un projet de d\u00e9localisation? N'h\u00e9sitez pas a nous [&hellip;]","schema":{"@context":"https:\/\/schema.org","@graph":[{"@type":"WebPage","@id":"https:\/\/garudasupplies.com\/fr\/projets-indonesie\/projet-electronique\/","url":"https:\/\/garudasupplies.com\/fr\/projets-indonesie\/projet-electronique\/","name":"Projet - \u00c9lectronique","isPartOf":{"@id":"https:\/\/garudasupplies.com\/en\/#website"},"datePublished":"2020-10-15T06:15:18+00:00","dateModified":"2021-08-05T04:46:27+00:00","breadcrumb":{"@id":"https:\/\/garudasupplies.com\/fr\/projets-indonesie\/projet-electronique\/#breadcrumb"},"inLanguage":"fr-FR","potentialAction":[{"@type":"ReadAction","target":["https:\/\/garudasupplies.com\/fr\/projets-indonesie\/projet-electronique\/"]}]},{"@type":"BreadcrumbList","@id":"https:\/\/garudasupplies.com\/fr\/projets-indonesie\/projet-electronique\/#breadcrumb","itemListElement":[{"@type":"ListItem","position":1,"name":"Home","item":"https:\/\/garudasupplies.com\/en\/"},{"@type":"ListItem","position":2,"name":"Projets en Indon\u00e9sie","item":"https:\/\/garudasupplies.com\/fr\/projets-indonesie\/"},{"@type":"ListItem","position":3,"name":"Projet &#8211; \u00c9lectronique"}]},{"@type":"WebSite","@id":"https:\/\/garudasupplies.com\/en\/#website","url":"https:\/\/garudasupplies.com\/en\/","name":"Garuda Supplies","description":"Garuda Supplies","publisher":{"@id":"https:\/\/garudasupplies.com\/en\/#organization"},"potentialAction":[{"@type":"SearchAction","target":{"@type":"EntryPoint","urlTemplate":"https:\/\/garudasupplies.com\/en\/?s={search_term_string}"},"query-input":{"@type":"PropertyValueSpecification","valueRequired":true,"valueName":"search_term_string"}}],"inLanguage":"fr-FR"},{"@type":"Organization","@id":"https:\/\/garudasupplies.com\/en\/#organization","name":"PT Indonesian Supplies","url":"https:\/\/garudasupplies.com\/en\/","logo":{"@type":"ImageObject","inLanguage":"fr-FR","@id":"https:\/\/garudasupplies.com\/en\/#\/schema\/logo\/image\/","url":"https:\/\/garudasupplies.com\/wp-content\/uploads\/2021\/05\/Logo-Indonesian-Supplies-300x352-1.png","contentUrl":"https:\/\/garudasupplies.com\/wp-content\/uploads\/2021\/05\/Logo-Indonesian-Supplies-300x352-1.png","width":300,"height":253,"caption":"PT Indonesian Supplies"},"image":{"@id":"https:\/\/garudasupplies.com\/en\/#\/schema\/logo\/image\/"},"sameAs":["https:\/\/www.facebook.com\/Indonesian-Supplies-110227014847832"]}]}},"_links":{"self":[{"href":"https:\/\/garudasupplies.com\/fr\/wp-json\/wp\/v2\/pages\/52237","targetHints":{"allow":["GET"]}}],"collection":[{"href":"https:\/\/garudasupplies.com\/fr\/wp-json\/wp\/v2\/pages"}],"about":[{"href":"https:\/\/garudasupplies.com\/fr\/wp-json\/wp\/v2\/types\/page"}],"author":[{"embeddable":true,"href":"https:\/\/garudasupplies.com\/fr\/wp-json\/wp\/v2\/users\/4096"}],"replies":[{"embeddable":true,"href":"https:\/\/garudasupplies.com\/fr\/wp-json\/wp\/v2\/comments?post=52237"}],"version-history":[{"count":0,"href":"https:\/\/garudasupplies.com\/fr\/wp-json\/wp\/v2\/pages\/52237\/revisions"}],"up":[{"embeddable":true,"href":"https:\/\/garudasupplies.com\/fr\/wp-json\/wp\/v2\/pages\/44110"}],"wp:attachment":[{"href":"https:\/\/garudasupplies.com\/fr\/wp-json\/wp\/v2\/media?parent=52237"}],"wp:term":[{"taxonomy":"simple-restrict-permission","embeddable":true,"href":"https:\/\/garudasupplies.com\/fr\/wp-json\/wp\/v2\/simple-restrict-permission?post=52237"}],"curies":[{"name":"wp","href":"https:\/\/api.w.org\/{rel}","templated":true}]}}