{"id":48139,"date":"2020-06-23T05:22:14","date_gmt":"2020-06-23T04:22:14","guid":{"rendered":"https:\/\/garudasupplies.com\/?page_id=48139"},"modified":"2020-08-03T08:10:03","modified_gmt":"2020-08-03T07:10:03","slug":"sinscrire-des-fournitures-indonesiennes","status":"publish","type":"page","link":"https:\/\/garudasupplies.com\/fr\/sinscrire-des-fournitures-indonesiennes\/","title":{"rendered":"S&#8217;inscrire des fournitures indon\u00e9siennes"},"content":{"rendered":"\t\t<div data-elementor-type=\"wp-page\" data-elementor-id=\"48139\" class=\"elementor elementor-48139 elementor-45284\" data-elementor-post-type=\"page\">\n\t\t\t\t\t\t<section class=\"elementor-section elementor-top-section elementor-element elementor-element-4aba256 elementor-section-content-middle elementor-section-stretched animated-slow elementor-section-boxed elementor-section-height-default elementor-section-height-default elementor-invisible\" data-id=\"4aba256\" data-element_type=\"section\" data-settings=\"{&quot;background_background&quot;:&quot;classic&quot;,&quot;stretch_section&quot;:&quot;section-stretched&quot;,&quot;animation&quot;:&quot;fadeIn&quot;}\">\n\t\t\t\t\t\t\t<div class=\"elementor-background-overlay\"><\/div>\n\t\t\t\t\t\t\t<div class=\"elementor-container elementor-column-gap-default\">\n\t\t\t\t\t<div class=\"elementor-column elementor-col-100 elementor-top-column elementor-element elementor-element-ae319db\" data-id=\"ae319db\" data-element_type=\"column\">\n\t\t\t<div class=\"elementor-widget-wrap elementor-element-populated\">\n\t\t\t\t\t\t<div class=\"elementor-element elementor-element-079f632 animated-slow elementor-invisible elementor-widget elementor-widget-heading\" data-id=\"079f632\" data-element_type=\"widget\" data-settings=\"{&quot;_animation&quot;:&quot;fadeInDown&quot;,&quot;_animation_delay&quot;:400}\" data-widget_type=\"heading.default\">\n\t\t\t\t<div class=\"elementor-widget-container\">\n\t\t\t\t\t<h2 class=\"elementor-heading-title elementor-size-default\">Indonesian Supplies<\/h2>\t\t\t\t<\/div>\n\t\t\t\t<\/div>\n\t\t\t\t<div class=\"elementor-element elementor-element-26b92c9 animated-slow elementor-invisible elementor-widget elementor-widget-heading\" data-id=\"26b92c9\" data-element_type=\"widget\" data-settings=\"{&quot;_animation&quot;:&quot;fadeInDown&quot;,&quot;_animation_delay&quot;:800}\" data-widget_type=\"heading.default\">\n\t\t\t\t<div class=\"elementor-widget-container\">\n\t\t\t\t\t<h2 class=\"elementor-heading-title elementor-size-default\">S\u00e9lectionnez votre adh\u00e9sion<\/h2>\t\t\t\t<\/div>\n\t\t\t\t<\/div>\n\t\t\t\t<section class=\"elementor-section elementor-inner-section elementor-element elementor-element-28b78f2 animated-slow elementor-section-boxed elementor-section-height-default elementor-section-height-default elementor-invisible\" data-id=\"28b78f2\" data-element_type=\"section\" data-settings=\"{&quot;animation&quot;:&quot;fadeInUp&quot;,&quot;animation_delay&quot;:1600}\">\n\t\t\t\t\t\t<div class=\"elementor-container elementor-column-gap-extended\">\n\t\t\t\t\t<div class=\"elementor-column elementor-col-33 elementor-inner-column elementor-element elementor-element-4fed234\" data-id=\"4fed234\" data-element_type=\"column\">\n\t\t\t<div class=\"elementor-widget-wrap elementor-element-populated\">\n\t\t\t\t\t\t<div class=\"elementor-element elementor-element-44226c4 elementor-flip-box--direction-right elementor-flip-box--3d envato-kit-139-flipbox elementor-flip-box--effect-flip elementor-widget elementor-widget-flip-box\" data-id=\"44226c4\" data-element_type=\"widget\" data-widget_type=\"flip-box.default\">\n\t\t\t\t<div class=\"elementor-widget-container\">\n\t\t\t\t\t\t\t<div class=\"elementor-flip-box\" tabindex=\"0\">\n\t\t\t<div class=\"elementor-flip-box__layer elementor-flip-box__front\">\n\t\t\t\t<div class=\"elementor-flip-box__layer__overlay\">\n\t\t\t\t\t<div class=\"elementor-flip-box__layer__inner\">\n\t\t\t\t\t\t\t\t\t\t\t\t\t<div class=\"elementor-icon-wrapper elementor-view-stacked elementor-shape-circle\">\n\t\t\t\t\t\t\t\t<div class=\"elementor-icon\">\n\t\t\t\t\t\t\t\t\t<i class=\"fas fa-users\"><\/i>\t\t\t\t\t\t\t\t<\/div>\n\t\t\t\t\t\t\t<\/div>\n\t\t\t\t\t\t\n\t\t\t\t\t\t\t\t\t\t\t\t\t<h3 class=\"elementor-flip-box__layer__title\">\n\t\t\t\t\t\t\t\tAdh\u00e9sion ACHETEUR\t\t\t\t\t\t\t<\/h3>\n\t\t\t\t\t\t\n\t\t\t\t\t\t\t\t\t\t\t<\/div>\n\t\t\t\t<\/div>\n\t\t\t<\/div>\n\t\t\t<div class=\"elementor-flip-box__layer elementor-flip-box__back\">\n\t\t\t<div class=\"elementor-flip-box__layer__overlay\">\n\t\t\t\t<div class=\"elementor-flip-box__layer__inner\">\n\t\t\t\t\t\t\t\t\t\t\t<h3 class=\"elementor-flip-box__layer__title\">\n\t\t\t\t\t\t\tAdh\u00e9sion ACHETEUR\t\t\t\t\t\t<\/h3>\n\t\t\t\t\t\n\t\t\t\t\t\t\t\t\t\t\t<div class=\"elementor-flip-box__layer__description\">\n\t\t\t\t\t\t\tL'adh\u00e9sion aux fournitures indon\u00e9siennes vous donnera acc\u00e8s aux audits des fournisseurs, \u00e0 l'accord de prix n\u00e9goci\u00e9, aux cours en ligne, aux publications et aux r\u00e9f\u00e9rences sur les principaux fournisseurs en Indon\u00e9sie et dans le monde. Suivez vos ventes avec l'application mobile. Acc\u00e9dez \u00e0 Data Analytics pour vos ventes.\t\t\t\t\t\t<\/div>\n\t\t\t\t\t\n\t\t\t\t\t\t\t\t\t\t\t<a class=\"elementor-flip-box__button elementor-button elementor-size-xs\" href=\"https:\/\/garudasupplies.com\/operational-management-2\/membership\/\">\n\t\t\t\t\t\t\tsign up\t\t\t\t\t\t<\/a>\n\t\t\t\t\t\t\t\t<\/div>\n\t\t<\/div>\n\t\t<\/div>\n\t\t<\/div>\n\t\t\t\t\t\t<\/div>\n\t\t\t\t<\/div>\n\t\t\t\t\t<\/div>\n\t\t<\/div>\n\t\t\t\t<div class=\"elementor-column elementor-col-33 elementor-inner-column elementor-element elementor-element-93a04f3\" data-id=\"93a04f3\" data-element_type=\"column\">\n\t\t\t<div class=\"elementor-widget-wrap elementor-element-populated\">\n\t\t\t\t\t\t<div class=\"elementor-element elementor-element-3c32d3d elementor-flip-box--direction-right elementor-flip-box--3d envato-kit-139-flipbox elementor-flip-box--effect-flip elementor-widget elementor-widget-flip-box\" data-id=\"3c32d3d\" data-element_type=\"widget\" data-widget_type=\"flip-box.default\">\n\t\t\t\t<div class=\"elementor-widget-container\">\n\t\t\t\t\t\t\t<div class=\"elementor-flip-box\" tabindex=\"0\">\n\t\t\t<div class=\"elementor-flip-box__layer elementor-flip-box__front\">\n\t\t\t\t<div class=\"elementor-flip-box__layer__overlay\">\n\t\t\t\t\t<div class=\"elementor-flip-box__layer__inner\">\n\t\t\t\t\t\t\t\t\t\t\t\t\t<div class=\"elementor-icon-wrapper elementor-view-stacked elementor-shape-circle\">\n\t\t\t\t\t\t\t\t<div class=\"elementor-icon\">\n\t\t\t\t\t\t\t\t\t<i class=\"fas fa-warehouse\"><\/i>\t\t\t\t\t\t\t\t<\/div>\n\t\t\t\t\t\t\t<\/div>\n\t\t\t\t\t\t\n\t\t\t\t\t\t\t\t\t\t\t\t\t<h3 class=\"elementor-flip-box__layer__title\">\n\t\t\t\t\t\t\t\tAdh\u00e9sion VENDEUR\t\t\t\t\t\t\t<\/h3>\n\t\t\t\t\t\t\n\t\t\t\t\t\t\t\t\t\t\t<\/div>\n\t\t\t\t<\/div>\n\t\t\t<\/div>\n\t\t\t<div class=\"elementor-flip-box__layer elementor-flip-box__back\">\n\t\t\t<div class=\"elementor-flip-box__layer__overlay\">\n\t\t\t\t<div class=\"elementor-flip-box__layer__inner\">\n\t\t\t\t\t\t\t\t\t\t\t<h3 class=\"elementor-flip-box__layer__title\">\n\t\t\t\t\t\t\tAdh\u00e9sion VENDEUR\t\t\t\t\t\t<\/h3>\n\t\t\t\t\t\n\t\t\t\t\t\t\t\t\t\t\t<div class=\"elementor-flip-box__layer__description\">\n\t\t\t\t\t\t\tL'adh\u00e9sion aux fournitures indon\u00e9siennes vous donnera la possibilit\u00e9 de promouvoir sur le Web, votre entreprise, vos produits et services. Augmentez votre r\u00e9putation en faisant partie de notre programme de qualification \u00e9lectronique\t\t\t\t\t\t<\/div>\n\t\t\t\t\t\n\t\t\t\t\t\t\t\t\t\t\t<a class=\"elementor-flip-box__button elementor-button elementor-size-xs\" href=\"https:\/\/garudasupplies.com\/membership-indonesian-supplies\/\">\n\t\t\t\t\t\t\tsign up\t\t\t\t\t\t<\/a>\n\t\t\t\t\t\t\t\t<\/div>\n\t\t<\/div>\n\t\t<\/div>\n\t\t<\/div>\n\t\t\t\t\t\t<\/div>\n\t\t\t\t<\/div>\n\t\t\t\t\t<\/div>\n\t\t<\/div>\n\t\t\t\t<div class=\"elementor-column elementor-col-33 elementor-inner-column elementor-element elementor-element-785407a\" data-id=\"785407a\" data-element_type=\"column\">\n\t\t\t<div class=\"elementor-widget-wrap elementor-element-populated\">\n\t\t\t\t\t\t<div class=\"elementor-element elementor-element-4163740 elementor-flip-box--direction-right elementor-flip-box--3d envato-kit-139-flipbox elementor-flip-box--effect-flip elementor-widget elementor-widget-flip-box\" data-id=\"4163740\" data-element_type=\"widget\" data-widget_type=\"flip-box.default\">\n\t\t\t\t<div class=\"elementor-widget-container\">\n\t\t\t\t\t\t\t<div class=\"elementor-flip-box\" tabindex=\"0\">\n\t\t\t<div class=\"elementor-flip-box__layer elementor-flip-box__front\">\n\t\t\t\t<div class=\"elementor-flip-box__layer__overlay\">\n\t\t\t\t\t<div class=\"elementor-flip-box__layer__inner\">\n\t\t\t\t\t\t\t\t\t\t\t\t\t<div class=\"elementor-icon-wrapper elementor-view-stacked elementor-shape-circle\">\n\t\t\t\t\t\t\t\t<div class=\"elementor-icon\">\n\t\t\t\t\t\t\t\t\t<i class=\"fas fa-pencil-alt\"><\/i>\t\t\t\t\t\t\t\t<\/div>\n\t\t\t\t\t\t\t<\/div>\n\t\t\t\t\t\t\n\t\t\t\t\t\t\t\t\t\t\t\t\t<h3 class=\"elementor-flip-box__layer__title\">\n\t\t\t\t\t\t\t\tCONSULTANT\t\t\t\t\t\t\t<\/h3>\n\t\t\t\t\t\t\n\t\t\t\t\t\t\t\t\t\t\t<\/div>\n\t\t\t\t<\/div>\n\t\t\t<\/div>\n\t\t\t<div class=\"elementor-flip-box__layer elementor-flip-box__back\">\n\t\t\t<div class=\"elementor-flip-box__layer__overlay\">\n\t\t\t\t<div class=\"elementor-flip-box__layer__inner\">\n\t\t\t\t\t\t\t\t\t\t\t<h3 class=\"elementor-flip-box__layer__title\">\n\t\t\t\t\t\t\tCONSULTANT\t\t\t\t\t\t<\/h3>\n\t\t\t\t\t\n\t\t\t\t\t\t\t\t\t\t\t<div class=\"elementor-flip-box__layer__description\">\n\t\t\t\t\t\t\tPartagez des informations sur les projets \u00e0 venir et des comp\u00e9tences sur la technologie, les produits ou les services disponibles en Indon\u00e9sie. Partager un contenu de qualit\u00e9 vous aidera \u00e0 gagner en r\u00e9putation et en revenus suppl\u00e9mentaires. L'ajout de votre CV \u00e0 notre base de donn\u00e9es de consultants vous apportera de nouvelles opportunit\u00e9s commerciales et e-business.\t\t\t\t\t\t<\/div>\n\t\t\t\t\t\n\t\t\t\t\t\t\t\t\t\t\t<a class=\"elementor-flip-box__button elementor-button elementor-size-xs\" href=\"https:\/\/garudasupplies.com\/fr\/devenez-consultant\/\">\n\t\t\t\t\t\t\tSign up\t\t\t\t\t\t<\/a>\n\t\t\t\t\t\t\t\t<\/div>\n\t\t<\/div>\n\t\t<\/div>\n\t\t<\/div>\n\t\t\t\t\t\t<\/div>\n\t\t\t\t<\/div>\n\t\t\t\t\t<\/div>\n\t\t<\/div>\n\t\t\t\t\t<\/div>\n\t\t<\/section>\n\t\t\t\t\t<\/div>\n\t\t<\/div>\n\t\t\t\t\t<\/div>\n\t\t<\/section>\n\t\t\t\t<\/div>\n\t\t","protected":false},"excerpt":{"rendered":"<p>Indonesian Supplies S\u00e9lectionnez votre adh\u00e9sion Adh\u00e9sion ACHETEUR Adh\u00e9sion ACHETEUR L&#8217;adh\u00e9sion aux fournitures indon\u00e9siennes vous donnera acc\u00e8s aux audits des fournisseurs, \u00e0 l&#8217;accord de prix n\u00e9goci\u00e9, aux cours en ligne, aux publications et aux r\u00e9f\u00e9rences sur les principaux fournisseurs en Indon\u00e9sie et dans le monde. Suivez vos ventes avec l&#8217;application mobile. Acc\u00e9dez \u00e0 Data Analytics pour [&hellip;]<\/p>\n","protected":false},"author":4096,"featured_media":0,"parent":0,"menu_order":0,"comment_status":"closed","ping_status":"closed","template":"","meta":{"_acf_changed":false,"ocean_post_layout":"","ocean_both_sidebars_style":"","ocean_both_sidebars_content_width":0,"ocean_both_sidebars_sidebars_width":0,"ocean_sidebar":"0","ocean_second_sidebar":"0","ocean_disable_margins":"enable","ocean_add_body_class":"","ocean_shortcode_before_top_bar":"","ocean_shortcode_after_top_bar":"","ocean_shortcode_before_header":"","ocean_shortcode_after_header":"","ocean_has_shortcode":"","ocean_shortcode_after_title":"","ocean_shortcode_before_footer_widgets":"","ocean_shortcode_after_footer_widgets":"","ocean_shortcode_before_footer_bottom":"","ocean_shortcode_after_footer_bottom":"","ocean_display_top_bar":"default","ocean_display_header":"default","ocean_header_style":"","ocean_center_header_left_menu":"0","ocean_custom_header_template":"0","ocean_custom_logo":0,"ocean_custom_retina_logo":0,"ocean_custom_logo_max_width":0,"ocean_custom_logo_tablet_max_width":0,"ocean_custom_logo_mobile_max_width":0,"ocean_custom_logo_max_height":0,"ocean_custom_logo_tablet_max_height":0,"ocean_custom_logo_mobile_max_height":0,"ocean_header_custom_menu":"0","ocean_menu_typo_font_family":"0","ocean_menu_typo_font_subset":"","ocean_menu_typo_font_size":0,"ocean_menu_typo_font_size_tablet":0,"ocean_menu_typo_font_size_mobile":0,"ocean_menu_typo_font_size_unit":"px","ocean_menu_typo_font_weight":"","ocean_menu_typo_font_weight_tablet":"","ocean_menu_typo_font_weight_mobile":"","ocean_menu_typo_transform":"","ocean_menu_typo_transform_tablet":"","ocean_menu_typo_transform_mobile":"","ocean_menu_typo_line_height":0,"ocean_menu_typo_line_height_tablet":0,"ocean_menu_typo_line_height_mobile":0,"ocean_menu_typo_line_height_unit":"","ocean_menu_typo_spacing":0,"ocean_menu_typo_spacing_tablet":0,"ocean_menu_typo_spacing_mobile":0,"ocean_menu_typo_spacing_unit":"","ocean_menu_link_color":"","ocean_menu_link_color_hover":"","ocean_menu_link_color_active":"","ocean_menu_link_background":"","ocean_menu_link_hover_background":"","ocean_menu_link_active_background":"","ocean_menu_social_links_bg":"","ocean_menu_social_hover_links_bg":"","ocean_menu_social_links_color":"","ocean_menu_social_hover_links_color":"","ocean_disable_title":"default","ocean_disable_heading":"default","ocean_post_title":"","ocean_post_subheading":"","ocean_post_title_style":"","ocean_post_title_background_color":"","ocean_post_title_background":0,"ocean_post_title_bg_image_position":"","ocean_post_title_bg_image_attachment":"","ocean_post_title_bg_image_repeat":"","ocean_post_title_bg_image_size":"","ocean_post_title_height":0,"ocean_post_title_bg_overlay":0.5,"ocean_post_title_bg_overlay_color":"","ocean_disable_breadcrumbs":"default","ocean_breadcrumbs_color":"","ocean_breadcrumbs_separator_color":"","ocean_breadcrumbs_links_color":"","ocean_breadcrumbs_links_hover_color":"","ocean_display_footer_widgets":"default","ocean_display_footer_bottom":"default","ocean_custom_footer_template":"0","footnotes":""},"simple-restrict-permission":[],"class_list":["post-48139","page","type-page","status-publish","hentry","entry","owp-thumbs-layout-vertical","owp-btn-normal","owp-tabs-layout-horizontal","has-no-thumbnails","has-product-nav"],"acf":[],"yoast_head":"<!-- This site is optimized with the Yoast SEO plugin v26.9 - https:\/\/yoast.com\/product\/yoast-seo-wordpress\/ -->\n<title>S&#039;inscrire des fournitures indon\u00e9siennes<\/title>\n<meta name=\"robots\" content=\"index, follow, max-snippet:-1, max-image-preview:large, max-video-preview:-1\" \/>\n<link rel=\"canonical\" href=\"https:\/\/garudasupplies.com\/en\/sign-up-option\/\" \/>\n<meta name=\"twitter:card\" content=\"summary_large_image\" \/>\n<meta name=\"twitter:title\" content=\"S&#039;inscrire des fournitures indon\u00e9siennes\" \/>\n<meta name=\"twitter:description\" content=\"Indonesian Supplies S\u00e9lectionnez votre adh\u00e9sion Adh\u00e9sion ACHETEUR Adh\u00e9sion ACHETEUR L&#039;adh\u00e9sion aux fournitures indon\u00e9siennes vous donnera acc\u00e8s aux audits des fournisseurs, \u00e0 l&#039;accord de prix n\u00e9goci\u00e9, aux cours en ligne, aux publications et aux r\u00e9f\u00e9rences sur les principaux fournisseurs en Indon\u00e9sie et dans le monde. Suivez vos ventes avec l&#039;application mobile. Acc\u00e9dez \u00e0 Data Analytics pour [&hellip;]\" \/>\n<meta name=\"twitter:label1\" content=\"Est. reading time\" \/>\n\t<meta name=\"twitter:data1\" content=\"1 minute\" \/>\n<script type=\"application\/ld+json\" class=\"yoast-schema-graph\">{\"@context\":\"https:\/\/schema.org\",\"@graph\":[{\"@type\":\"WebPage\",\"@id\":\"https:\/\/garudasupplies.com\/en\/sign-up-option\/\",\"url\":\"https:\/\/garudasupplies.com\/en\/sign-up-option\/\",\"name\":\"S'inscrire des fournitures indon\u00e9siennes\",\"isPartOf\":{\"@id\":\"https:\/\/garudasupplies.com\/en\/#website\"},\"datePublished\":\"2020-06-23T04:22:14+00:00\",\"dateModified\":\"2020-08-03T07:10:03+00:00\",\"breadcrumb\":{\"@id\":\"https:\/\/garudasupplies.com\/en\/sign-up-option\/#breadcrumb\"},\"inLanguage\":\"fr-FR\",\"potentialAction\":[{\"@type\":\"ReadAction\",\"target\":[\"https:\/\/garudasupplies.com\/en\/sign-up-option\/\"]}]},{\"@type\":\"BreadcrumbList\",\"@id\":\"https:\/\/garudasupplies.com\/en\/sign-up-option\/#breadcrumb\",\"itemListElement\":[{\"@type\":\"ListItem\",\"position\":1,\"name\":\"Home\",\"item\":\"https:\/\/garudasupplies.com\/en\/\"},{\"@type\":\"ListItem\",\"position\":2,\"name\":\"S&#8217;inscrire des fournitures indon\u00e9siennes\"}]},{\"@type\":\"WebSite\",\"@id\":\"https:\/\/garudasupplies.com\/en\/#website\",\"url\":\"https:\/\/garudasupplies.com\/en\/\",\"name\":\"Garuda Supplies\",\"description\":\"Garuda Supplies\",\"publisher\":{\"@id\":\"https:\/\/garudasupplies.com\/en\/#organization\"},\"potentialAction\":[{\"@type\":\"SearchAction\",\"target\":{\"@type\":\"EntryPoint\",\"urlTemplate\":\"https:\/\/garudasupplies.com\/en\/?s={search_term_string}\"},\"query-input\":{\"@type\":\"PropertyValueSpecification\",\"valueRequired\":true,\"valueName\":\"search_term_string\"}}],\"inLanguage\":\"fr-FR\"},{\"@type\":\"Organization\",\"@id\":\"https:\/\/garudasupplies.com\/en\/#organization\",\"name\":\"PT Indonesian Supplies\",\"url\":\"https:\/\/garudasupplies.com\/en\/\",\"logo\":{\"@type\":\"ImageObject\",\"inLanguage\":\"fr-FR\",\"@id\":\"https:\/\/garudasupplies.com\/en\/#\/schema\/logo\/image\/\",\"url\":\"https:\/\/garudasupplies.com\/wp-content\/uploads\/2021\/05\/Logo-Indonesian-Supplies-300x352-1.png\",\"contentUrl\":\"https:\/\/garudasupplies.com\/wp-content\/uploads\/2021\/05\/Logo-Indonesian-Supplies-300x352-1.png\",\"width\":300,\"height\":253,\"caption\":\"PT Indonesian Supplies\"},\"image\":{\"@id\":\"https:\/\/garudasupplies.com\/en\/#\/schema\/logo\/image\/\"},\"sameAs\":[\"https:\/\/www.facebook.com\/Indonesian-Supplies-110227014847832\"]}]}<\/script>\n<!-- \/ Yoast SEO plugin. -->","yoast_head_json":{"title":"S'inscrire des fournitures indon\u00e9siennes","robots":{"index":"index","follow":"follow","max-snippet":"max-snippet:-1","max-image-preview":"max-image-preview:large","max-video-preview":"max-video-preview:-1"},"canonical":"https:\/\/garudasupplies.com\/en\/sign-up-option\/","twitter_card":"summary_large_image","twitter_title":"S'inscrire des fournitures indon\u00e9siennes","twitter_description":"Indonesian Supplies S\u00e9lectionnez votre adh\u00e9sion Adh\u00e9sion ACHETEUR Adh\u00e9sion ACHETEUR L'adh\u00e9sion aux fournitures indon\u00e9siennes vous donnera acc\u00e8s aux audits des fournisseurs, \u00e0 l'accord de prix n\u00e9goci\u00e9, aux cours en ligne, aux publications et aux r\u00e9f\u00e9rences sur les principaux fournisseurs en Indon\u00e9sie et dans le monde. Suivez vos ventes avec l'application mobile. Acc\u00e9dez \u00e0 Data Analytics pour [&hellip;]","twitter_misc":{"Est. reading time":"1 minute"},"schema":{"@context":"https:\/\/schema.org","@graph":[{"@type":"WebPage","@id":"https:\/\/garudasupplies.com\/en\/sign-up-option\/","url":"https:\/\/garudasupplies.com\/en\/sign-up-option\/","name":"S'inscrire des fournitures indon\u00e9siennes","isPartOf":{"@id":"https:\/\/garudasupplies.com\/en\/#website"},"datePublished":"2020-06-23T04:22:14+00:00","dateModified":"2020-08-03T07:10:03+00:00","breadcrumb":{"@id":"https:\/\/garudasupplies.com\/en\/sign-up-option\/#breadcrumb"},"inLanguage":"fr-FR","potentialAction":[{"@type":"ReadAction","target":["https:\/\/garudasupplies.com\/en\/sign-up-option\/"]}]},{"@type":"BreadcrumbList","@id":"https:\/\/garudasupplies.com\/en\/sign-up-option\/#breadcrumb","itemListElement":[{"@type":"ListItem","position":1,"name":"Home","item":"https:\/\/garudasupplies.com\/en\/"},{"@type":"ListItem","position":2,"name":"S&#8217;inscrire des fournitures indon\u00e9siennes"}]},{"@type":"WebSite","@id":"https:\/\/garudasupplies.com\/en\/#website","url":"https:\/\/garudasupplies.com\/en\/","name":"Garuda Supplies","description":"Garuda Supplies","publisher":{"@id":"https:\/\/garudasupplies.com\/en\/#organization"},"potentialAction":[{"@type":"SearchAction","target":{"@type":"EntryPoint","urlTemplate":"https:\/\/garudasupplies.com\/en\/?s={search_term_string}"},"query-input":{"@type":"PropertyValueSpecification","valueRequired":true,"valueName":"search_term_string"}}],"inLanguage":"fr-FR"},{"@type":"Organization","@id":"https:\/\/garudasupplies.com\/en\/#organization","name":"PT Indonesian Supplies","url":"https:\/\/garudasupplies.com\/en\/","logo":{"@type":"ImageObject","inLanguage":"fr-FR","@id":"https:\/\/garudasupplies.com\/en\/#\/schema\/logo\/image\/","url":"https:\/\/garudasupplies.com\/wp-content\/uploads\/2021\/05\/Logo-Indonesian-Supplies-300x352-1.png","contentUrl":"https:\/\/garudasupplies.com\/wp-content\/uploads\/2021\/05\/Logo-Indonesian-Supplies-300x352-1.png","width":300,"height":253,"caption":"PT Indonesian Supplies"},"image":{"@id":"https:\/\/garudasupplies.com\/en\/#\/schema\/logo\/image\/"},"sameAs":["https:\/\/www.facebook.com\/Indonesian-Supplies-110227014847832"]}]}},"_links":{"self":[{"href":"https:\/\/garudasupplies.com\/fr\/wp-json\/wp\/v2\/pages\/48139","targetHints":{"allow":["GET"]}}],"collection":[{"href":"https:\/\/garudasupplies.com\/fr\/wp-json\/wp\/v2\/pages"}],"about":[{"href":"https:\/\/garudasupplies.com\/fr\/wp-json\/wp\/v2\/types\/page"}],"author":[{"embeddable":true,"href":"https:\/\/garudasupplies.com\/fr\/wp-json\/wp\/v2\/users\/4096"}],"replies":[{"embeddable":true,"href":"https:\/\/garudasupplies.com\/fr\/wp-json\/wp\/v2\/comments?post=48139"}],"version-history":[{"count":0,"href":"https:\/\/garudasupplies.com\/fr\/wp-json\/wp\/v2\/pages\/48139\/revisions"}],"wp:attachment":[{"href":"https:\/\/garudasupplies.com\/fr\/wp-json\/wp\/v2\/media?parent=48139"}],"wp:term":[{"taxonomy":"simple-restrict-permission","embeddable":true,"href":"https:\/\/garudasupplies.com\/fr\/wp-json\/wp\/v2\/simple-restrict-permission?post=48139"}],"curies":[{"name":"wp","href":"https:\/\/api.w.org\/{rel}","templated":true}]}}