{"id":44260,"date":"2020-04-14T15:34:12","date_gmt":"2020-04-14T14:34:12","guid":{"rendered":"https:\/\/garudasupplies.com\/?page_id=44260"},"modified":"2021-08-05T05:10:40","modified_gmt":"2021-08-05T04:10:40","slug":"projet-offshore-et-subsea","status":"publish","type":"page","link":"https:\/\/garudasupplies.com\/fr\/projets-indonesie\/projet-offshore-et-subsea\/","title":{"rendered":"Projet &#8211; Offshore et Maritime"},"content":{"rendered":"\t\t<div data-elementor-type=\"wp-page\" data-elementor-id=\"44260\" class=\"elementor elementor-44260 elementor-43814\" data-elementor-post-type=\"page\">\n\t\t\t\t\t\t<section class=\"elementor-section elementor-top-section elementor-element elementor-element-90d2690 elementor-section-stretched elementor-section-full_width elementor-section-height-default elementor-section-height-default\" data-id=\"90d2690\" data-element_type=\"section\" data-settings=\"{&quot;stretch_section&quot;:&quot;section-stretched&quot;}\">\n\t\t\t\t\t\t<div class=\"elementor-container elementor-column-gap-default\">\n\t\t\t\t\t<div class=\"elementor-column elementor-col-100 elementor-top-column elementor-element elementor-element-18551fd\" data-id=\"18551fd\" data-element_type=\"column\">\n\t\t\t<div class=\"elementor-widget-wrap\">\n\t\t\t\t\t\t\t<\/div>\n\t\t<\/div>\n\t\t\t\t\t<\/div>\n\t\t<\/section>\n\t\t\t\t<section class=\"elementor-section elementor-top-section elementor-element elementor-element-9e4e7b9 elementor-section-boxed elementor-section-height-default elementor-section-height-default\" data-id=\"9e4e7b9\" data-element_type=\"section\">\n\t\t\t\t\t\t<div class=\"elementor-container elementor-column-gap-default\">\n\t\t\t\t\t<div class=\"elementor-column elementor-col-100 elementor-top-column elementor-element elementor-element-548de190\" data-id=\"548de190\" data-element_type=\"column\">\n\t\t\t<div class=\"elementor-widget-wrap elementor-element-populated\">\n\t\t\t\t\t\t<div class=\"elementor-element elementor-element-78f09ca7 elementor-headline--style-highlight elementor-widget elementor-widget-animated-headline\" data-id=\"78f09ca7\" data-element_type=\"widget\" data-settings=\"{&quot;marker&quot;:&quot;underline&quot;,&quot;highlighted_text&quot;:&quot;Offshore et Subsea&quot;,&quot;headline_style&quot;:&quot;highlight&quot;,&quot;loop&quot;:&quot;yes&quot;,&quot;highlight_animation_duration&quot;:1200,&quot;highlight_iteration_delay&quot;:8000}\" data-widget_type=\"animated-headline.default\">\n\t\t\t\t<div class=\"elementor-widget-container\">\n\t\t\t\t\t\t\t<h3 class=\"elementor-headline\">\n\t\t\t\t<span class=\"elementor-headline-dynamic-wrapper elementor-headline-text-wrapper\">\n\t\t\t\t\t<span class=\"elementor-headline-dynamic-text elementor-headline-text-active\">Offshore et Subsea<\/span>\n\t\t\t\t<\/span>\n\t\t\t\t<\/h3>\n\t\t\t\t\t\t<\/div>\n\t\t\t\t<\/div>\n\t\t\t\t\t<\/div>\n\t\t<\/div>\n\t\t\t\t\t<\/div>\n\t\t<\/section>\n\t\t\t\t<section class=\"elementor-section elementor-top-section elementor-element elementor-element-14c7db52 elementor-section-boxed elementor-section-height-default elementor-section-height-default\" data-id=\"14c7db52\" data-element_type=\"section\">\n\t\t\t\t\t\t<div class=\"elementor-container elementor-column-gap-default\">\n\t\t\t\t\t<div class=\"elementor-column elementor-col-100 elementor-top-column elementor-element elementor-element-5c701f04\" data-id=\"5c701f04\" data-element_type=\"column\">\n\t\t\t<div class=\"elementor-widget-wrap elementor-element-populated\">\n\t\t\t\t\t\t<div class=\"elementor-element elementor-element-65f576 elementor-widget elementor-widget-spacer\" data-id=\"65f576\" data-element_type=\"widget\" data-widget_type=\"spacer.default\">\n\t\t\t\t<div class=\"elementor-widget-container\">\n\t\t\t\t\t\t\t<div class=\"elementor-spacer\">\n\t\t\t<div class=\"elementor-spacer-inner\"><\/div>\n\t\t<\/div>\n\t\t\t\t\t\t<\/div>\n\t\t\t\t<\/div>\n\t\t\t\t\t<\/div>\n\t\t<\/div>\n\t\t\t\t\t<\/div>\n\t\t<\/section>\n\t\t\t\t<section class=\"elementor-section elementor-top-section elementor-element elementor-element-b51ae6f elementor-section-boxed elementor-section-height-default elementor-section-height-default\" data-id=\"b51ae6f\" data-element_type=\"section\">\n\t\t\t\t\t\t<div class=\"elementor-container elementor-column-gap-default\">\n\t\t\t\t\t<div class=\"elementor-column elementor-col-100 elementor-top-column elementor-element elementor-element-240d9e3\" data-id=\"240d9e3\" data-element_type=\"column\">\n\t\t\t<div class=\"elementor-widget-wrap elementor-element-populated\">\n\t\t\t\t\t\t\t<\/div>\n\t\t<\/div>\n\t\t\t\t\t<\/div>\n\t\t<\/section>\n\t\t\t\t<section class=\"elementor-section elementor-top-section elementor-element elementor-element-085f033 elementor-section-boxed elementor-section-height-default elementor-section-height-default\" data-id=\"085f033\" data-element_type=\"section\">\n\t\t\t\t\t\t<div class=\"elementor-container elementor-column-gap-default\">\n\t\t\t\t\t<div class=\"elementor-column elementor-col-100 elementor-top-column elementor-element elementor-element-eae81b3\" data-id=\"eae81b3\" data-element_type=\"column\">\n\t\t\t<div class=\"elementor-widget-wrap elementor-element-populated\">\n\t\t\t\t\t\t<div class=\"elementor-element elementor-element-9d02ccf elementor-widget elementor-widget-spacer\" data-id=\"9d02ccf\" data-element_type=\"widget\" data-widget_type=\"spacer.default\">\n\t\t\t\t<div class=\"elementor-widget-container\">\n\t\t\t\t\t\t\t<div class=\"elementor-spacer\">\n\t\t\t<div class=\"elementor-spacer-inner\"><\/div>\n\t\t<\/div>\n\t\t\t\t\t\t<\/div>\n\t\t\t\t<\/div>\n\t\t\t\t\t<\/div>\n\t\t<\/div>\n\t\t\t\t\t<\/div>\n\t\t<\/section>\n\t\t\t\t<section class=\"elementor-section elementor-top-section elementor-element elementor-element-ebd6ae9 elementor-section-boxed elementor-section-height-default elementor-section-height-default\" data-id=\"ebd6ae9\" data-element_type=\"section\">\n\t\t\t\t\t\t<div class=\"elementor-container elementor-column-gap-default\">\n\t\t\t\t\t<div class=\"elementor-column elementor-col-100 elementor-top-column elementor-element elementor-element-831ea0a\" data-id=\"831ea0a\" data-element_type=\"column\">\n\t\t\t<div class=\"elementor-widget-wrap elementor-element-populated\">\n\t\t\t\t\t\t<div class=\"elementor-element elementor-element-10e9aaf elementor-widget elementor-widget-spacer\" data-id=\"10e9aaf\" data-element_type=\"widget\" data-widget_type=\"spacer.default\">\n\t\t\t\t<div class=\"elementor-widget-container\">\n\t\t\t\t\t\t\t<div class=\"elementor-spacer\">\n\t\t\t<div class=\"elementor-spacer-inner\"><\/div>\n\t\t<\/div>\n\t\t\t\t\t\t<\/div>\n\t\t\t\t<\/div>\n\t\t\t\t<div class=\"elementor-element elementor-element-d736e28 elementor-widget-divider--view-line elementor-widget elementor-widget-divider\" data-id=\"d736e28\" data-element_type=\"widget\" data-widget_type=\"divider.default\">\n\t\t\t\t<div class=\"elementor-widget-container\">\n\t\t\t\t\t\t\t<div class=\"elementor-divider\">\n\t\t\t<span class=\"elementor-divider-separator\">\n\t\t\t\t\t\t<\/span>\n\t\t<\/div>\n\t\t\t\t\t\t<\/div>\n\t\t\t\t<\/div>\n\t\t\t\t<div class=\"elementor-element elementor-element-9a5f6eb elementor-widget elementor-widget-text-editor\" data-id=\"9a5f6eb\" data-element_type=\"widget\" data-widget_type=\"text-editor.default\">\n\t\t\t\t<div class=\"elementor-widget-container\">\n\t\t\t\t\t\t\t\t\t<p><strong>Notre programme d&#8217;adh\u00e9sion et notre place de march\u00e9<\/strong> vous donneront acc\u00e8s \u00e0 un panel de services et d&#8217;informations personnalis\u00e9s vous permettant de gagner du temps, de l&#8217;argent et de vous concentrer sur votre coeur de m\u00e9tier.<\/p><p>Si vous avez des questions sur nos solutions ou sur un projet de d\u00e9localisation? <strong>N&#8217;h\u00e9sitez pas a nous contacter pour plus d&#8217;informations. <\/strong><\/p>\t\t\t\t\t\t\t\t<\/div>\n\t\t\t\t<\/div>\n\t\t\t\t\t<\/div>\n\t\t<\/div>\n\t\t\t\t\t<\/div>\n\t\t<\/section>\n\t\t\t\t<section class=\"elementor-section elementor-top-section elementor-element elementor-element-c733596 elementor-section-boxed elementor-section-height-default elementor-section-height-default\" data-id=\"c733596\" data-element_type=\"section\">\n\t\t\t\t\t\t<div class=\"elementor-container elementor-column-gap-default\">\n\t\t\t\t\t<div class=\"elementor-column elementor-col-100 elementor-top-column elementor-element elementor-element-b073b02\" data-id=\"b073b02\" data-element_type=\"column\">\n\t\t\t<div class=\"elementor-widget-wrap elementor-element-populated\">\n\t\t\t\t\t\t<div class=\"elementor-element elementor-element-fd5c0d3 elementor-widget elementor-widget-spacer\" data-id=\"fd5c0d3\" data-element_type=\"widget\" data-widget_type=\"spacer.default\">\n\t\t\t\t<div class=\"elementor-widget-container\">\n\t\t\t\t\t\t\t<div class=\"elementor-spacer\">\n\t\t\t<div class=\"elementor-spacer-inner\"><\/div>\n\t\t<\/div>\n\t\t\t\t\t\t<\/div>\n\t\t\t\t<\/div>\n\t\t\t\t\t<\/div>\n\t\t<\/div>\n\t\t\t\t\t<\/div>\n\t\t<\/section>\n\t\t\t\t<\/div>\n\t\t","protected":false},"excerpt":{"rendered":"<p>Offshore et Subsea Notre programme d&#8217;adh\u00e9sion et notre place de march\u00e9 vous donneront acc\u00e8s \u00e0 un panel de services et d&#8217;informations personnalis\u00e9s vous permettant de gagner du temps, de l&#8217;argent et de vous concentrer sur votre coeur de m\u00e9tier. Si vous avez des questions sur nos solutions ou sur un projet de d\u00e9localisation? N&#8217;h\u00e9sitez pas [&hellip;]<\/p>\n","protected":false},"author":3378,"featured_media":0,"parent":44110,"menu_order":0,"comment_status":"closed","ping_status":"closed","template":"","meta":{"_acf_changed":false,"ocean_post_layout":"","ocean_both_sidebars_style":"","ocean_both_sidebars_content_width":0,"ocean_both_sidebars_sidebars_width":0,"ocean_sidebar":"0","ocean_second_sidebar":"0","ocean_disable_margins":"on","ocean_add_body_class":"","ocean_shortcode_before_top_bar":"","ocean_shortcode_after_top_bar":"","ocean_shortcode_before_header":"","ocean_shortcode_after_header":"","ocean_has_shortcode":"","ocean_shortcode_after_title":"","ocean_shortcode_before_footer_widgets":"","ocean_shortcode_after_footer_widgets":"","ocean_shortcode_before_footer_bottom":"","ocean_shortcode_after_footer_bottom":"","ocean_display_top_bar":"default","ocean_display_header":"default","ocean_header_style":"","ocean_center_header_left_menu":"0","ocean_custom_header_template":"0","ocean_custom_logo":0,"ocean_custom_retina_logo":0,"ocean_custom_logo_max_width":0,"ocean_custom_logo_tablet_max_width":0,"ocean_custom_logo_mobile_max_width":0,"ocean_custom_logo_max_height":0,"ocean_custom_logo_tablet_max_height":0,"ocean_custom_logo_mobile_max_height":0,"ocean_header_custom_menu":"0","ocean_menu_typo_font_family":"0","ocean_menu_typo_font_subset":"","ocean_menu_typo_font_size":0,"ocean_menu_typo_font_size_tablet":0,"ocean_menu_typo_font_size_mobile":0,"ocean_menu_typo_font_size_unit":"px","ocean_menu_typo_font_weight":"","ocean_menu_typo_font_weight_tablet":"","ocean_menu_typo_font_weight_mobile":"","ocean_menu_typo_transform":"","ocean_menu_typo_transform_tablet":"","ocean_menu_typo_transform_mobile":"","ocean_menu_typo_line_height":0,"ocean_menu_typo_line_height_tablet":0,"ocean_menu_typo_line_height_mobile":0,"ocean_menu_typo_line_height_unit":"","ocean_menu_typo_spacing":0,"ocean_menu_typo_spacing_tablet":0,"ocean_menu_typo_spacing_mobile":0,"ocean_menu_typo_spacing_unit":"","ocean_menu_link_color":"","ocean_menu_link_color_hover":"","ocean_menu_link_color_active":"","ocean_menu_link_background":"","ocean_menu_link_hover_background":"","ocean_menu_link_active_background":"","ocean_menu_social_links_bg":"","ocean_menu_social_hover_links_bg":"","ocean_menu_social_links_color":"","ocean_menu_social_hover_links_color":"","ocean_disable_title":"default","ocean_disable_heading":"default","ocean_post_title":"","ocean_post_subheading":"","ocean_post_title_style":"","ocean_post_title_background_color":"","ocean_post_title_background":0,"ocean_post_title_bg_image_position":"","ocean_post_title_bg_image_attachment":"","ocean_post_title_bg_image_repeat":"","ocean_post_title_bg_image_size":"","ocean_post_title_height":0,"ocean_post_title_bg_overlay":0.5,"ocean_post_title_bg_overlay_color":"","ocean_disable_breadcrumbs":"default","ocean_breadcrumbs_color":"","ocean_breadcrumbs_separator_color":"","ocean_breadcrumbs_links_color":"","ocean_breadcrumbs_links_hover_color":"","ocean_display_footer_widgets":"default","ocean_display_footer_bottom":"default","ocean_custom_footer_template":"0","footnotes":""},"simple-restrict-permission":[],"class_list":["post-44260","page","type-page","status-publish","hentry","entry","owp-thumbs-layout-vertical","owp-btn-normal","owp-tabs-layout-horizontal","has-no-thumbnails","has-product-nav"],"acf":[],"yoast_head":"<!-- This site is optimized with the Yoast SEO plugin v26.9 - https:\/\/yoast.com\/product\/yoast-seo-wordpress\/ -->\n<title>Projet - Offshore et Maritime<\/title>\n<meta name=\"robots\" content=\"index, follow, max-snippet:-1, max-image-preview:large, max-video-preview:-1\" \/>\n<link rel=\"canonical\" href=\"https:\/\/garudasupplies.com\/fr\/projets-indonesie\/projet-offshore-et-subsea\/\" \/>\n<meta name=\"twitter:card\" content=\"summary_large_image\" \/>\n<meta name=\"twitter:title\" content=\"Projet - Offshore et Maritime\" \/>\n<meta name=\"twitter:description\" content=\"Offshore et Subsea Notre programme d&#039;adh\u00e9sion et notre place de march\u00e9 vous donneront acc\u00e8s \u00e0 un panel de services et d&#039;informations personnalis\u00e9s vous permettant de gagner du temps, de l&#039;argent et de vous concentrer sur votre coeur de m\u00e9tier. Si vous avez des questions sur nos solutions ou sur un projet de d\u00e9localisation? N&#039;h\u00e9sitez pas [&hellip;]\" \/>\n<script type=\"application\/ld+json\" class=\"yoast-schema-graph\">{\"@context\":\"https:\/\/schema.org\",\"@graph\":[{\"@type\":\"WebPage\",\"@id\":\"https:\/\/garudasupplies.com\/fr\/projets-indonesie\/projet-offshore-et-subsea\/\",\"url\":\"https:\/\/garudasupplies.com\/fr\/projets-indonesie\/projet-offshore-et-subsea\/\",\"name\":\"Projet - Offshore et Maritime\",\"isPartOf\":{\"@id\":\"https:\/\/garudasupplies.com\/en\/#website\"},\"datePublished\":\"2020-04-14T14:34:12+00:00\",\"dateModified\":\"2021-08-05T04:10:40+00:00\",\"breadcrumb\":{\"@id\":\"https:\/\/garudasupplies.com\/fr\/projets-indonesie\/projet-offshore-et-subsea\/#breadcrumb\"},\"inLanguage\":\"fr-FR\",\"potentialAction\":[{\"@type\":\"ReadAction\",\"target\":[\"https:\/\/garudasupplies.com\/fr\/projets-indonesie\/projet-offshore-et-subsea\/\"]}]},{\"@type\":\"BreadcrumbList\",\"@id\":\"https:\/\/garudasupplies.com\/fr\/projets-indonesie\/projet-offshore-et-subsea\/#breadcrumb\",\"itemListElement\":[{\"@type\":\"ListItem\",\"position\":1,\"name\":\"Home\",\"item\":\"https:\/\/garudasupplies.com\/en\/\"},{\"@type\":\"ListItem\",\"position\":2,\"name\":\"Projets en Indon\u00e9sie\",\"item\":\"https:\/\/garudasupplies.com\/fr\/projets-indonesie\/\"},{\"@type\":\"ListItem\",\"position\":3,\"name\":\"Projet &#8211; Offshore et Maritime\"}]},{\"@type\":\"WebSite\",\"@id\":\"https:\/\/garudasupplies.com\/en\/#website\",\"url\":\"https:\/\/garudasupplies.com\/en\/\",\"name\":\"Garuda Supplies\",\"description\":\"Garuda Supplies\",\"publisher\":{\"@id\":\"https:\/\/garudasupplies.com\/en\/#organization\"},\"potentialAction\":[{\"@type\":\"SearchAction\",\"target\":{\"@type\":\"EntryPoint\",\"urlTemplate\":\"https:\/\/garudasupplies.com\/en\/?s={search_term_string}\"},\"query-input\":{\"@type\":\"PropertyValueSpecification\",\"valueRequired\":true,\"valueName\":\"search_term_string\"}}],\"inLanguage\":\"fr-FR\"},{\"@type\":\"Organization\",\"@id\":\"https:\/\/garudasupplies.com\/en\/#organization\",\"name\":\"PT Indonesian Supplies\",\"url\":\"https:\/\/garudasupplies.com\/en\/\",\"logo\":{\"@type\":\"ImageObject\",\"inLanguage\":\"fr-FR\",\"@id\":\"https:\/\/garudasupplies.com\/en\/#\/schema\/logo\/image\/\",\"url\":\"https:\/\/garudasupplies.com\/wp-content\/uploads\/2021\/05\/Logo-Indonesian-Supplies-300x352-1.png\",\"contentUrl\":\"https:\/\/garudasupplies.com\/wp-content\/uploads\/2021\/05\/Logo-Indonesian-Supplies-300x352-1.png\",\"width\":300,\"height\":253,\"caption\":\"PT Indonesian Supplies\"},\"image\":{\"@id\":\"https:\/\/garudasupplies.com\/en\/#\/schema\/logo\/image\/\"},\"sameAs\":[\"https:\/\/www.facebook.com\/Indonesian-Supplies-110227014847832\"]}]}<\/script>\n<!-- \/ Yoast SEO plugin. -->","yoast_head_json":{"title":"Projet - Offshore et Maritime","robots":{"index":"index","follow":"follow","max-snippet":"max-snippet:-1","max-image-preview":"max-image-preview:large","max-video-preview":"max-video-preview:-1"},"canonical":"https:\/\/garudasupplies.com\/fr\/projets-indonesie\/projet-offshore-et-subsea\/","twitter_card":"summary_large_image","twitter_title":"Projet - Offshore et Maritime","twitter_description":"Offshore et Subsea Notre programme d'adh\u00e9sion et notre place de march\u00e9 vous donneront acc\u00e8s \u00e0 un panel de services et d'informations personnalis\u00e9s vous permettant de gagner du temps, de l'argent et de vous concentrer sur votre coeur de m\u00e9tier. Si vous avez des questions sur nos solutions ou sur un projet de d\u00e9localisation? N'h\u00e9sitez pas [&hellip;]","schema":{"@context":"https:\/\/schema.org","@graph":[{"@type":"WebPage","@id":"https:\/\/garudasupplies.com\/fr\/projets-indonesie\/projet-offshore-et-subsea\/","url":"https:\/\/garudasupplies.com\/fr\/projets-indonesie\/projet-offshore-et-subsea\/","name":"Projet - Offshore et Maritime","isPartOf":{"@id":"https:\/\/garudasupplies.com\/en\/#website"},"datePublished":"2020-04-14T14:34:12+00:00","dateModified":"2021-08-05T04:10:40+00:00","breadcrumb":{"@id":"https:\/\/garudasupplies.com\/fr\/projets-indonesie\/projet-offshore-et-subsea\/#breadcrumb"},"inLanguage":"fr-FR","potentialAction":[{"@type":"ReadAction","target":["https:\/\/garudasupplies.com\/fr\/projets-indonesie\/projet-offshore-et-subsea\/"]}]},{"@type":"BreadcrumbList","@id":"https:\/\/garudasupplies.com\/fr\/projets-indonesie\/projet-offshore-et-subsea\/#breadcrumb","itemListElement":[{"@type":"ListItem","position":1,"name":"Home","item":"https:\/\/garudasupplies.com\/en\/"},{"@type":"ListItem","position":2,"name":"Projets en Indon\u00e9sie","item":"https:\/\/garudasupplies.com\/fr\/projets-indonesie\/"},{"@type":"ListItem","position":3,"name":"Projet &#8211; Offshore et Maritime"}]},{"@type":"WebSite","@id":"https:\/\/garudasupplies.com\/en\/#website","url":"https:\/\/garudasupplies.com\/en\/","name":"Garuda Supplies","description":"Garuda Supplies","publisher":{"@id":"https:\/\/garudasupplies.com\/en\/#organization"},"potentialAction":[{"@type":"SearchAction","target":{"@type":"EntryPoint","urlTemplate":"https:\/\/garudasupplies.com\/en\/?s={search_term_string}"},"query-input":{"@type":"PropertyValueSpecification","valueRequired":true,"valueName":"search_term_string"}}],"inLanguage":"fr-FR"},{"@type":"Organization","@id":"https:\/\/garudasupplies.com\/en\/#organization","name":"PT Indonesian Supplies","url":"https:\/\/garudasupplies.com\/en\/","logo":{"@type":"ImageObject","inLanguage":"fr-FR","@id":"https:\/\/garudasupplies.com\/en\/#\/schema\/logo\/image\/","url":"https:\/\/garudasupplies.com\/wp-content\/uploads\/2021\/05\/Logo-Indonesian-Supplies-300x352-1.png","contentUrl":"https:\/\/garudasupplies.com\/wp-content\/uploads\/2021\/05\/Logo-Indonesian-Supplies-300x352-1.png","width":300,"height":253,"caption":"PT Indonesian Supplies"},"image":{"@id":"https:\/\/garudasupplies.com\/en\/#\/schema\/logo\/image\/"},"sameAs":["https:\/\/www.facebook.com\/Indonesian-Supplies-110227014847832"]}]}},"_links":{"self":[{"href":"https:\/\/garudasupplies.com\/fr\/wp-json\/wp\/v2\/pages\/44260","targetHints":{"allow":["GET"]}}],"collection":[{"href":"https:\/\/garudasupplies.com\/fr\/wp-json\/wp\/v2\/pages"}],"about":[{"href":"https:\/\/garudasupplies.com\/fr\/wp-json\/wp\/v2\/types\/page"}],"author":[{"embeddable":true,"href":"https:\/\/garudasupplies.com\/fr\/wp-json\/wp\/v2\/users\/3378"}],"replies":[{"embeddable":true,"href":"https:\/\/garudasupplies.com\/fr\/wp-json\/wp\/v2\/comments?post=44260"}],"version-history":[{"count":0,"href":"https:\/\/garudasupplies.com\/fr\/wp-json\/wp\/v2\/pages\/44260\/revisions"}],"up":[{"embeddable":true,"href":"https:\/\/garudasupplies.com\/fr\/wp-json\/wp\/v2\/pages\/44110"}],"wp:attachment":[{"href":"https:\/\/garudasupplies.com\/fr\/wp-json\/wp\/v2\/media?parent=44260"}],"wp:term":[{"taxonomy":"simple-restrict-permission","embeddable":true,"href":"https:\/\/garudasupplies.com\/fr\/wp-json\/wp\/v2\/simple-restrict-permission?post=44260"}],"curies":[{"name":"wp","href":"https:\/\/api.w.org\/{rel}","templated":true}]}}