{"id":41700,"date":"2020-03-03T08:14:07","date_gmt":"2020-03-03T08:14:07","guid":{"rendered":"https:\/\/garudasupplies.com\/?page_id=41700"},"modified":"2026-01-13T12:59:38","modified_gmt":"2026-01-13T11:59:38","slug":"carriere","status":"publish","type":"page","link":"https:\/\/garudasupplies.com\/fr\/dasgboard-fr\/carriere\/","title":{"rendered":"Carri\u00e8re"},"content":{"rendered":"\t\t<div data-elementor-type=\"wp-page\" data-elementor-id=\"41700\" class=\"elementor elementor-41700 elementor-1140\" data-elementor-post-type=\"page\">\n\t\t\t\t\t\t<section class=\"elementor-section elementor-top-section elementor-element elementor-element-b39a1d3 elementor-section-height-min-height elementor-section-stretched animated-slow elementor-section-boxed elementor-section-height-default elementor-section-items-middle elementor-invisible\" data-id=\"b39a1d3\" data-element_type=\"section\" data-settings=\"{&quot;background_background&quot;:&quot;classic&quot;,&quot;stretch_section&quot;:&quot;section-stretched&quot;,&quot;animation&quot;:&quot;fadeIn&quot;}\">\n\t\t\t\t\t\t\t<div class=\"elementor-background-overlay\"><\/div>\n\t\t\t\t\t\t\t<div class=\"elementor-container elementor-column-gap-default\">\n\t\t\t\t\t<div class=\"elementor-column elementor-col-100 elementor-top-column elementor-element elementor-element-3bcff3d\" data-id=\"3bcff3d\" data-element_type=\"column\">\n\t\t\t<div class=\"elementor-widget-wrap elementor-element-populated\">\n\t\t\t\t\t\t<div class=\"elementor-element elementor-element-79c2b7e animated-slow elementor-invisible elementor-widget elementor-widget-heading\" data-id=\"79c2b7e\" data-element_type=\"widget\" data-settings=\"{&quot;_animation&quot;:&quot;fadeIn&quot;,&quot;_animation_delay&quot;:400}\" data-widget_type=\"heading.default\">\n\t\t\t\t<div class=\"elementor-widget-container\">\n\t\t\t\t\t<h2 class=\"elementor-heading-title elementor-size-default\">Rejoignez les experts qui fa\u00e7onnent l'industrie de demain<\/h2>\t\t\t\t<\/div>\n\t\t\t\t<\/div>\n\t\t\t\t<div class=\"elementor-element elementor-element-d09a212 elementor-align-center elementor-invisible elementor-widget elementor-widget-button\" data-id=\"d09a212\" data-element_type=\"widget\" data-settings=\"{&quot;_animation&quot;:&quot;bounceIn&quot;,&quot;_animation_delay&quot;:200}\" data-widget_type=\"button.default\">\n\t\t\t\t<div class=\"elementor-widget-container\">\n\t\t\t\t\t\t\t\t\t<div class=\"elementor-button-wrapper\">\n\t\t\t\t\t<a class=\"elementor-button elementor-button-link elementor-size-md elementor-animation-pulse-shrink\" href=\"https:\/\/garudasupplies.com\/fr\/formulaire-de-candidature\/\">\n\t\t\t\t\t\t<span class=\"elementor-button-content-wrapper\">\n\t\t\t\t\t\t\t\t\t<span class=\"elementor-button-text\">Soumettre votre Candidature !<\/span>\n\t\t\t\t\t<\/span>\n\t\t\t\t\t<\/a>\n\t\t\t\t<\/div>\n\t\t\t\t\t\t\t\t<\/div>\n\t\t\t\t<\/div>\n\t\t\t\t\t<\/div>\n\t\t<\/div>\n\t\t\t\t\t<\/div>\n\t\t<\/section>\n\t\t\t\t<section class=\"elementor-section elementor-top-section elementor-element elementor-element-d253f19 elementor-section-boxed elementor-section-height-default elementor-section-height-default\" data-id=\"d253f19\" data-element_type=\"section\">\n\t\t\t\t\t\t<div class=\"elementor-container elementor-column-gap-default\">\n\t\t\t\t\t<div class=\"elementor-column elementor-col-100 elementor-top-column elementor-element elementor-element-f7431bd\" data-id=\"f7431bd\" data-element_type=\"column\">\n\t\t\t<div class=\"elementor-widget-wrap elementor-element-populated\">\n\t\t\t\t\t\t<div class=\"elementor-element elementor-element-68309e9 elementor-widget elementor-widget-text-editor\" data-id=\"68309e9\" data-element_type=\"widget\" data-widget_type=\"text-editor.default\">\n\t\t\t\t<div class=\"elementor-widget-container\">\n\t\t\t\t\t\t\t\t\t<h4>Garuda Supplies red\u00e9finit les standards de performance pour les entreprises \u00e9voluant dans des secteurs \u00e0 enjeux \u00e9lev\u00e9s. Nous aidons les organisations \u00e0 acc\u00e9l\u00e9rer l\u2019innovation, adopter des technologies de rupture et atteindre des niveaux d\u2019excellence qui les distinguent sur des march\u00e9s hautement comp\u00e9titifs.<\/h4><h4><br \/>Pour accompagner notre croissance rapide, nous constituons un r\u00e9seau d\u2019experts de haut niveau dans des domaines cl\u00e9s : gestion de projet, fabrication, assurance qualit\u00e9, sourcing, achats, logistique, op\u00e9rations import\/export, gestion d\u2019actifs industriels, comptabilit\u00e9 et fiscalit\u00e9, services juridiques, gestion des contrats, d\u00e9veloppement de sites web, solutions IoT et strat\u00e9gie big data.<\/h4><h4><br \/>Si vous \u00eates un sp\u00e9cialiste ambitieux, pr\u00eat \u00e0 avoir un impact r\u00e9el, \u00e0 faire \u00e9voluer votre carri\u00e8re et \u00e0 collaborer avec des leaders du secteur, c\u2019est le moment id\u00e9al pour nous rejoindre. Inscrivez votre profil en ligne et devenez un acteur cl\u00e9 de la transformation du business \u00e0 l\u2019\u00e9chelle mondiale.<\/h4>\t\t\t\t\t\t\t\t<\/div>\n\t\t\t\t<\/div>\n\t\t\t\t\t<\/div>\n\t\t<\/div>\n\t\t\t\t\t<\/div>\n\t\t<\/section>\n\t\t\t\t<section class=\"elementor-section elementor-top-section elementor-element elementor-element-b1653ca elementor-section-height-min-height elementor-section-stretched animated-slow elementor-section-boxed elementor-section-height-default elementor-section-items-middle elementor-invisible\" data-id=\"b1653ca\" data-element_type=\"section\" data-settings=\"{&quot;stretch_section&quot;:&quot;section-stretched&quot;,&quot;background_background&quot;:&quot;classic&quot;,&quot;animation&quot;:&quot;fadeIn&quot;}\">\n\t\t\t\t\t\t\t<div class=\"elementor-background-overlay\"><\/div>\n\t\t\t\t\t\t\t<div class=\"elementor-container elementor-column-gap-default\">\n\t\t\t\t\t<div class=\"elementor-column elementor-col-100 elementor-top-column elementor-element elementor-element-f474339\" data-id=\"f474339\" data-element_type=\"column\">\n\t\t\t<div class=\"elementor-widget-wrap elementor-element-populated\">\n\t\t\t\t\t\t<div class=\"elementor-element elementor-element-ce17891 elementor-widget elementor-widget-heading\" data-id=\"ce17891\" data-element_type=\"widget\" data-widget_type=\"heading.default\">\n\t\t\t\t<div class=\"elementor-widget-container\">\n\t\t\t\t\t<h2 class=\"elementor-heading-title elementor-size-default\">Nos Postes disponibles !<\/h2>\t\t\t\t<\/div>\n\t\t\t\t<\/div>\n\t\t\t\t\t<\/div>\n\t\t<\/div>\n\t\t\t\t\t<\/div>\n\t\t<\/section>\n\t\t\t\t<section class=\"elementor-section elementor-top-section elementor-element elementor-element-1963ee1 elementor-section-boxed elementor-section-height-default elementor-section-height-default\" data-id=\"1963ee1\" data-element_type=\"section\" data-settings=\"{&quot;background_background&quot;:&quot;classic&quot;}\">\n\t\t\t\t\t\t<div class=\"elementor-container elementor-column-gap-default\">\n\t\t\t\t\t<div class=\"elementor-column elementor-col-100 elementor-top-column elementor-element elementor-element-8b66dfc\" data-id=\"8b66dfc\" data-element_type=\"column\">\n\t\t\t<div class=\"elementor-widget-wrap elementor-element-populated\">\n\t\t\t\t\t\t\t<\/div>\n\t\t<\/div>\n\t\t\t\t\t<\/div>\n\t\t<\/section>\n\t\t\t\t<\/div>\n\t\t","protected":false},"excerpt":{"rendered":"<p>Rejoignez les experts qui fa\u00e7onnent l&#8217;industrie de demain Soumettre votre Candidature ! Garuda Supplies red\u00e9finit les standards de performance pour les entreprises \u00e9voluant dans des secteurs \u00e0 enjeux \u00e9lev\u00e9s. Nous aidons les organisations \u00e0 acc\u00e9l\u00e9rer l\u2019innovation, adopter des technologies de rupture et atteindre des niveaux d\u2019excellence qui les distinguent sur des march\u00e9s hautement comp\u00e9titifs. Pour [&hellip;]<\/p>\n","protected":false},"author":3378,"featured_media":89037,"parent":36749,"menu_order":4,"comment_status":"closed","ping_status":"closed","template":"","meta":{"_acf_changed":false,"ocean_post_layout":"","ocean_both_sidebars_style":"","ocean_both_sidebars_content_width":0,"ocean_both_sidebars_sidebars_width":0,"ocean_sidebar":"0","ocean_second_sidebar":"0","ocean_disable_margins":"on","ocean_add_body_class":"","ocean_shortcode_before_top_bar":"","ocean_shortcode_after_top_bar":"","ocean_shortcode_before_header":"","ocean_shortcode_after_header":"","ocean_has_shortcode":"","ocean_shortcode_after_title":"","ocean_shortcode_before_footer_widgets":"","ocean_shortcode_after_footer_widgets":"","ocean_shortcode_before_footer_bottom":"","ocean_shortcode_after_footer_bottom":"","ocean_display_top_bar":"default","ocean_display_header":"default","ocean_header_style":"","ocean_center_header_left_menu":"0","ocean_custom_header_template":"0","ocean_custom_logo":0,"ocean_custom_retina_logo":0,"ocean_custom_logo_max_width":0,"ocean_custom_logo_tablet_max_width":0,"ocean_custom_logo_mobile_max_width":0,"ocean_custom_logo_max_height":0,"ocean_custom_logo_tablet_max_height":0,"ocean_custom_logo_mobile_max_height":0,"ocean_header_custom_menu":"0","ocean_menu_typo_font_family":"0","ocean_menu_typo_font_subset":"","ocean_menu_typo_font_size":0,"ocean_menu_typo_font_size_tablet":0,"ocean_menu_typo_font_size_mobile":0,"ocean_menu_typo_font_size_unit":"px","ocean_menu_typo_font_weight":"","ocean_menu_typo_font_weight_tablet":"","ocean_menu_typo_font_weight_mobile":"","ocean_menu_typo_transform":"","ocean_menu_typo_transform_tablet":"","ocean_menu_typo_transform_mobile":"","ocean_menu_typo_line_height":0,"ocean_menu_typo_line_height_tablet":0,"ocean_menu_typo_line_height_mobile":0,"ocean_menu_typo_line_height_unit":"","ocean_menu_typo_spacing":0,"ocean_menu_typo_spacing_tablet":0,"ocean_menu_typo_spacing_mobile":0,"ocean_menu_typo_spacing_unit":"","ocean_menu_link_color":"","ocean_menu_link_color_hover":"","ocean_menu_link_color_active":"","ocean_menu_link_background":"","ocean_menu_link_hover_background":"","ocean_menu_link_active_background":"","ocean_menu_social_links_bg":"","ocean_menu_social_hover_links_bg":"","ocean_menu_social_links_color":"","ocean_menu_social_hover_links_color":"","ocean_disable_title":"default","ocean_disable_heading":"default","ocean_post_title":"","ocean_post_subheading":"","ocean_post_title_style":"","ocean_post_title_background_color":"","ocean_post_title_background":0,"ocean_post_title_bg_image_position":"","ocean_post_title_bg_image_attachment":"","ocean_post_title_bg_image_repeat":"","ocean_post_title_bg_image_size":"","ocean_post_title_height":0,"ocean_post_title_bg_overlay":0.5,"ocean_post_title_bg_overlay_color":"","ocean_disable_breadcrumbs":"default","ocean_breadcrumbs_color":"","ocean_breadcrumbs_separator_color":"","ocean_breadcrumbs_links_color":"","ocean_breadcrumbs_links_hover_color":"","ocean_display_footer_widgets":"on","ocean_display_footer_bottom":"off","ocean_custom_footer_template":"0","footnotes":""},"simple-restrict-permission":[],"class_list":["post-41700","page","type-page","status-publish","has-post-thumbnail","hentry","entry","has-media","owp-thumbs-layout-vertical","owp-btn-normal","owp-tabs-layout-horizontal","has-no-thumbnails","has-product-nav"],"acf":[],"yoast_head":"<!-- This site is optimized with the Yoast SEO plugin v26.9 - https:\/\/yoast.com\/product\/yoast-seo-wordpress\/ -->\n<title>Carriere @ Garuda Supplies<\/title>\n<meta name=\"description\" content=\"Rejoignez les experts qui fa\u00e7onnent les industries de demain, avec l&#039;equipe de Garuda Supplies.\" \/>\n<meta name=\"robots\" content=\"index, follow, max-snippet:-1, max-image-preview:large, max-video-preview:-1\" \/>\n<link rel=\"canonical\" href=\"https:\/\/garudasupplies.com\/fr\/dasgboard-fr\/carriere\/\" \/>\n<meta name=\"twitter:card\" content=\"summary_large_image\" \/>\n<meta name=\"twitter:title\" content=\"Carriere @ Garuda Supplies\" \/>\n<meta name=\"twitter:description\" content=\"Rejoignez les experts qui fa\u00e7onnent les industries de demain, avec l&#039;equipe de Garuda Supplies.\" \/>\n<meta name=\"twitter:image\" content=\"https:\/\/garudasupplies.com\/wp-content\/uploads\/2019\/06\/smartphone-1445489_1920.jpg\" \/>\n<meta name=\"twitter:label1\" content=\"Est. reading time\" \/>\n\t<meta name=\"twitter:data1\" content=\"4 minutes\" \/>\n<script type=\"application\/ld+json\" class=\"yoast-schema-graph\">{\"@context\":\"https:\/\/schema.org\",\"@graph\":[{\"@type\":\"WebPage\",\"@id\":\"https:\/\/garudasupplies.com\/fr\/dasgboard-fr\/carriere\/\",\"url\":\"https:\/\/garudasupplies.com\/fr\/dasgboard-fr\/carriere\/\",\"name\":\"Carriere @ Garuda Supplies\",\"isPartOf\":{\"@id\":\"https:\/\/garudasupplies.com\/en\/#website\"},\"primaryImageOfPage\":{\"@id\":\"https:\/\/garudasupplies.com\/fr\/dasgboard-fr\/carriere\/#primaryimage\"},\"image\":{\"@id\":\"https:\/\/garudasupplies.com\/fr\/dasgboard-fr\/carriere\/#primaryimage\"},\"thumbnailUrl\":\"https:\/\/garudasupplies.com\/wp-content\/uploads\/2019\/06\/smartphone-1445489_1920.jpg\",\"datePublished\":\"2020-03-03T08:14:07+00:00\",\"dateModified\":\"2026-01-13T11:59:38+00:00\",\"description\":\"Rejoignez les experts qui fa\u00e7onnent les industries de demain, avec l'equipe de Garuda Supplies.\",\"breadcrumb\":{\"@id\":\"https:\/\/garudasupplies.com\/fr\/dasgboard-fr\/carriere\/#breadcrumb\"},\"inLanguage\":\"fr-FR\",\"potentialAction\":[{\"@type\":\"ReadAction\",\"target\":[\"https:\/\/garudasupplies.com\/fr\/dasgboard-fr\/carriere\/\"]}]},{\"@type\":\"ImageObject\",\"inLanguage\":\"fr-FR\",\"@id\":\"https:\/\/garudasupplies.com\/fr\/dasgboard-fr\/carriere\/#primaryimage\",\"url\":\"https:\/\/garudasupplies.com\/wp-content\/uploads\/2019\/06\/smartphone-1445489_1920.jpg\",\"contentUrl\":\"https:\/\/garudasupplies.com\/wp-content\/uploads\/2019\/06\/smartphone-1445489_1920.jpg\",\"width\":1920,\"height\":855},{\"@type\":\"BreadcrumbList\",\"@id\":\"https:\/\/garudasupplies.com\/fr\/dasgboard-fr\/carriere\/#breadcrumb\",\"itemListElement\":[{\"@type\":\"ListItem\",\"position\":1,\"name\":\"Home\",\"item\":\"https:\/\/garudasupplies.com\/en\/\"},{\"@type\":\"ListItem\",\"position\":2,\"name\":\"Dashboard &#8211; FR\",\"item\":\"https:\/\/garudasupplies.com\/fr\/dasgboard-fr\/\"},{\"@type\":\"ListItem\",\"position\":3,\"name\":\"Carri\u00e8re\"}]},{\"@type\":\"WebSite\",\"@id\":\"https:\/\/garudasupplies.com\/en\/#website\",\"url\":\"https:\/\/garudasupplies.com\/en\/\",\"name\":\"Garuda Supplies\",\"description\":\"Garuda Supplies\",\"publisher\":{\"@id\":\"https:\/\/garudasupplies.com\/en\/#organization\"},\"potentialAction\":[{\"@type\":\"SearchAction\",\"target\":{\"@type\":\"EntryPoint\",\"urlTemplate\":\"https:\/\/garudasupplies.com\/en\/?s={search_term_string}\"},\"query-input\":{\"@type\":\"PropertyValueSpecification\",\"valueRequired\":true,\"valueName\":\"search_term_string\"}}],\"inLanguage\":\"fr-FR\"},{\"@type\":\"Organization\",\"@id\":\"https:\/\/garudasupplies.com\/en\/#organization\",\"name\":\"PT Indonesian Supplies\",\"url\":\"https:\/\/garudasupplies.com\/en\/\",\"logo\":{\"@type\":\"ImageObject\",\"inLanguage\":\"fr-FR\",\"@id\":\"https:\/\/garudasupplies.com\/en\/#\/schema\/logo\/image\/\",\"url\":\"https:\/\/garudasupplies.com\/wp-content\/uploads\/2021\/05\/Logo-Indonesian-Supplies-300x352-1.png\",\"contentUrl\":\"https:\/\/garudasupplies.com\/wp-content\/uploads\/2021\/05\/Logo-Indonesian-Supplies-300x352-1.png\",\"width\":300,\"height\":253,\"caption\":\"PT Indonesian Supplies\"},\"image\":{\"@id\":\"https:\/\/garudasupplies.com\/en\/#\/schema\/logo\/image\/\"},\"sameAs\":[\"https:\/\/www.facebook.com\/Indonesian-Supplies-110227014847832\"]}]}<\/script>\n<!-- \/ Yoast SEO plugin. -->","yoast_head_json":{"title":"Carriere @ Garuda Supplies","description":"Rejoignez les experts qui fa\u00e7onnent les industries de demain, avec l'equipe de Garuda Supplies.","robots":{"index":"index","follow":"follow","max-snippet":"max-snippet:-1","max-image-preview":"max-image-preview:large","max-video-preview":"max-video-preview:-1"},"canonical":"https:\/\/garudasupplies.com\/fr\/dasgboard-fr\/carriere\/","twitter_card":"summary_large_image","twitter_title":"Carriere @ Garuda Supplies","twitter_description":"Rejoignez les experts qui fa\u00e7onnent les industries de demain, avec l'equipe de Garuda Supplies.","twitter_image":"https:\/\/garudasupplies.com\/wp-content\/uploads\/2019\/06\/smartphone-1445489_1920.jpg","twitter_misc":{"Est. reading time":"4 minutes"},"schema":{"@context":"https:\/\/schema.org","@graph":[{"@type":"WebPage","@id":"https:\/\/garudasupplies.com\/fr\/dasgboard-fr\/carriere\/","url":"https:\/\/garudasupplies.com\/fr\/dasgboard-fr\/carriere\/","name":"Carriere @ Garuda Supplies","isPartOf":{"@id":"https:\/\/garudasupplies.com\/en\/#website"},"primaryImageOfPage":{"@id":"https:\/\/garudasupplies.com\/fr\/dasgboard-fr\/carriere\/#primaryimage"},"image":{"@id":"https:\/\/garudasupplies.com\/fr\/dasgboard-fr\/carriere\/#primaryimage"},"thumbnailUrl":"https:\/\/garudasupplies.com\/wp-content\/uploads\/2019\/06\/smartphone-1445489_1920.jpg","datePublished":"2020-03-03T08:14:07+00:00","dateModified":"2026-01-13T11:59:38+00:00","description":"Rejoignez les experts qui fa\u00e7onnent les industries de demain, avec l'equipe de Garuda Supplies.","breadcrumb":{"@id":"https:\/\/garudasupplies.com\/fr\/dasgboard-fr\/carriere\/#breadcrumb"},"inLanguage":"fr-FR","potentialAction":[{"@type":"ReadAction","target":["https:\/\/garudasupplies.com\/fr\/dasgboard-fr\/carriere\/"]}]},{"@type":"ImageObject","inLanguage":"fr-FR","@id":"https:\/\/garudasupplies.com\/fr\/dasgboard-fr\/carriere\/#primaryimage","url":"https:\/\/garudasupplies.com\/wp-content\/uploads\/2019\/06\/smartphone-1445489_1920.jpg","contentUrl":"https:\/\/garudasupplies.com\/wp-content\/uploads\/2019\/06\/smartphone-1445489_1920.jpg","width":1920,"height":855},{"@type":"BreadcrumbList","@id":"https:\/\/garudasupplies.com\/fr\/dasgboard-fr\/carriere\/#breadcrumb","itemListElement":[{"@type":"ListItem","position":1,"name":"Home","item":"https:\/\/garudasupplies.com\/en\/"},{"@type":"ListItem","position":2,"name":"Dashboard &#8211; FR","item":"https:\/\/garudasupplies.com\/fr\/dasgboard-fr\/"},{"@type":"ListItem","position":3,"name":"Carri\u00e8re"}]},{"@type":"WebSite","@id":"https:\/\/garudasupplies.com\/en\/#website","url":"https:\/\/garudasupplies.com\/en\/","name":"Garuda Supplies","description":"Garuda Supplies","publisher":{"@id":"https:\/\/garudasupplies.com\/en\/#organization"},"potentialAction":[{"@type":"SearchAction","target":{"@type":"EntryPoint","urlTemplate":"https:\/\/garudasupplies.com\/en\/?s={search_term_string}"},"query-input":{"@type":"PropertyValueSpecification","valueRequired":true,"valueName":"search_term_string"}}],"inLanguage":"fr-FR"},{"@type":"Organization","@id":"https:\/\/garudasupplies.com\/en\/#organization","name":"PT Indonesian Supplies","url":"https:\/\/garudasupplies.com\/en\/","logo":{"@type":"ImageObject","inLanguage":"fr-FR","@id":"https:\/\/garudasupplies.com\/en\/#\/schema\/logo\/image\/","url":"https:\/\/garudasupplies.com\/wp-content\/uploads\/2021\/05\/Logo-Indonesian-Supplies-300x352-1.png","contentUrl":"https:\/\/garudasupplies.com\/wp-content\/uploads\/2021\/05\/Logo-Indonesian-Supplies-300x352-1.png","width":300,"height":253,"caption":"PT Indonesian Supplies"},"image":{"@id":"https:\/\/garudasupplies.com\/en\/#\/schema\/logo\/image\/"},"sameAs":["https:\/\/www.facebook.com\/Indonesian-Supplies-110227014847832"]}]}},"_links":{"self":[{"href":"https:\/\/garudasupplies.com\/fr\/wp-json\/wp\/v2\/pages\/41700","targetHints":{"allow":["GET"]}}],"collection":[{"href":"https:\/\/garudasupplies.com\/fr\/wp-json\/wp\/v2\/pages"}],"about":[{"href":"https:\/\/garudasupplies.com\/fr\/wp-json\/wp\/v2\/types\/page"}],"author":[{"embeddable":true,"href":"https:\/\/garudasupplies.com\/fr\/wp-json\/wp\/v2\/users\/3378"}],"replies":[{"embeddable":true,"href":"https:\/\/garudasupplies.com\/fr\/wp-json\/wp\/v2\/comments?post=41700"}],"version-history":[{"count":9,"href":"https:\/\/garudasupplies.com\/fr\/wp-json\/wp\/v2\/pages\/41700\/revisions"}],"predecessor-version":[{"id":95366,"href":"https:\/\/garudasupplies.com\/fr\/wp-json\/wp\/v2\/pages\/41700\/revisions\/95366"}],"up":[{"embeddable":true,"href":"https:\/\/garudasupplies.com\/fr\/wp-json\/wp\/v2\/pages\/36749"}],"wp:featuredmedia":[{"embeddable":true,"href":"https:\/\/garudasupplies.com\/fr\/wp-json\/wp\/v2\/media\/89037"}],"wp:attachment":[{"href":"https:\/\/garudasupplies.com\/fr\/wp-json\/wp\/v2\/media?parent=41700"}],"wp:term":[{"taxonomy":"simple-restrict-permission","embeddable":true,"href":"https:\/\/garudasupplies.com\/fr\/wp-json\/wp\/v2\/simple-restrict-permission?post=41700"}],"curies":[{"name":"wp","href":"https:\/\/api.w.org\/{rel}","templated":true}]}}