{"id":27735,"date":"2019-07-12T05:15:52","date_gmt":"2019-07-12T04:15:52","guid":{"rendered":"https:\/\/garudasupplies.com\/?page_id=27735"},"modified":"2021-12-24T02:49:47","modified_gmt":"2021-12-24T02:49:47","slug":"instructions-demballage-et-dexpedition","status":"publish","type":"page","link":"https:\/\/garudasupplies.com\/fr\/a-propos-de-nous\/nos-fournisseurs\/instructions-demballage-et-dexpedition\/","title":{"rendered":"Instructions d&#8217;emballage et d&#8217;exp\u00e9dition"},"content":{"rendered":"\t\t<div data-elementor-type=\"wp-page\" data-elementor-id=\"27735\" class=\"elementor elementor-27735 elementor-26132\" data-elementor-post-type=\"page\">\n\t\t\t\t\t\t<section class=\"elementor-section elementor-top-section elementor-element elementor-element-a41c265 elementor-section-stretched elementor-section-boxed elementor-section-height-default elementor-section-height-default elementor-invisible\" data-id=\"a41c265\" data-element_type=\"section\" data-settings=\"{&quot;stretch_section&quot;:&quot;section-stretched&quot;,&quot;background_background&quot;:&quot;classic&quot;,&quot;animation&quot;:&quot;fadeIn&quot;}\">\n\t\t\t\t\t\t<div class=\"elementor-container elementor-column-gap-default\">\n\t\t\t\t\t<div class=\"elementor-column elementor-col-100 elementor-top-column elementor-element elementor-element-bc328d9\" data-id=\"bc328d9\" data-element_type=\"column\">\n\t\t\t<div class=\"elementor-widget-wrap elementor-element-populated\">\n\t\t\t\t\t\t<div class=\"elementor-element elementor-element-d3414f9 elementor-widget elementor-widget-image\" data-id=\"d3414f9\" data-element_type=\"widget\" data-widget_type=\"image.default\">\n\t\t\t\t<div class=\"elementor-widget-container\">\n\t\t\t\t\t\t\t\t\t\t\t\t\t\t\t<img decoding=\"async\" width=\"150\" height=\"133\" src=\"https:\/\/garudasupplies.com\/wp-content\/uploads\/2020\/08\/Logo-Indonesian-Supplies-150x133.png\" class=\"attachment-thumbnail size-thumbnail wp-image-78811\" alt=\"\" srcset=\"https:\/\/garudasupplies.com\/wp-content\/uploads\/2020\/08\/Logo-Indonesian-Supplies-150x133.png 150w, https:\/\/garudasupplies.com\/wp-content\/uploads\/2020\/08\/Logo-Indonesian-Supplies-600x532.png 600w, https:\/\/garudasupplies.com\/wp-content\/uploads\/2020\/08\/Logo-Indonesian-Supplies-300x266.png 300w, https:\/\/garudasupplies.com\/wp-content\/uploads\/2020\/08\/Logo-Indonesian-Supplies-1024x908.png 1024w, https:\/\/garudasupplies.com\/wp-content\/uploads\/2020\/08\/Logo-Indonesian-Supplies-768x681.png 768w, https:\/\/garudasupplies.com\/wp-content\/uploads\/2020\/08\/Logo-Indonesian-Supplies-1536x1361.png 1536w, https:\/\/garudasupplies.com\/wp-content\/uploads\/2020\/08\/Logo-Indonesian-Supplies-2048x1815.png 2048w\" sizes=\"(max-width: 150px) 100vw, 150px\" \/>\t\t\t\t\t\t\t\t\t\t\t\t\t\t\t<\/div>\n\t\t\t\t<\/div>\n\t\t\t\t<div class=\"elementor-element elementor-element-889b1bc elementor-widget elementor-widget-html\" data-id=\"889b1bc\" data-element_type=\"widget\" data-widget_type=\"html.default\">\n\t\t\t\t<div class=\"elementor-widget-container\">\n\t\t\t\t\t<style>\nh1.elementor-heading-title.elementor-size-large {\n    color: #ffd700 !important;\n}\n<\/style>\t\t\t\t<\/div>\n\t\t\t\t<\/div>\n\t\t\t\t<div class=\"elementor-element elementor-element-fe90394 elementor-widget elementor-widget-heading\" data-id=\"fe90394\" data-element_type=\"widget\" data-widget_type=\"heading.default\">\n\t\t\t\t<div class=\"elementor-widget-container\">\n\t\t\t\t\t<h1 class=\"elementor-heading-title elementor-size-large\">Instructions d'emballage et d'exp\u00e9dition<\/h1>\t\t\t\t<\/div>\n\t\t\t\t<\/div>\n\t\t\t\t<div class=\"elementor-element elementor-element-9951dfd elementor-widget elementor-widget-heading\" data-id=\"9951dfd\" data-element_type=\"widget\" data-widget_type=\"heading.default\">\n\t\t\t\t<div class=\"elementor-widget-container\">\n\t\t\t\t\t<h2 class=\"elementor-heading-title elementor-size-large\">Il est de la responsabilit\u00e9 du fournisseur d'emballer les produits de mani\u00e8re \u00e0 \u00e9viter tout dommage pendant le transport du vendeur \u00e0 l'acheteur.<\/h2>\t\t\t\t<\/div>\n\t\t\t\t<\/div>\n\t\t\t\t<div class=\"elementor-element elementor-element-3e337cb elementor-widget elementor-widget-text-editor\" data-id=\"3e337cb\" data-element_type=\"widget\" data-widget_type=\"text-editor.default\">\n\t\t\t\t<div class=\"elementor-widget-container\">\n\t\t\t\t\t\t\t\t\t<p>Les articles dangereux doivent \u00eatre emball\u00e9s et document\u00e9s conform\u00e9ment aux r\u00e9glementations internationales et locales. Le non-respect de cette exigence entra\u00eenera le refus de la livraison par les acheteurs et les fournitures indon\u00e9siennes, le fournisseur \u00e9tant enti\u00e8rement responsable de tous les co\u00fbts en r\u00e9sultant.<\/p><p>Toutes les exigences internationales relatives aux mat\u00e9riaux d&#8217;emballage en bois doivent \u00eatre respect\u00e9es conform\u00e9ment aux lois locales et internationales.<\/p>\t\t\t\t\t\t\t\t<\/div>\n\t\t\t\t<\/div>\n\t\t\t\t\t<\/div>\n\t\t<\/div>\n\t\t\t\t\t<\/div>\n\t\t<\/section>\n\t\t\t\t<section class=\"elementor-section elementor-top-section elementor-element elementor-element-a6aefa5 elementor-section-content-middle elementor-section-stretched elementor-section-boxed elementor-section-height-default elementor-section-height-default elementor-invisible\" data-id=\"a6aefa5\" data-element_type=\"section\" data-settings=\"{&quot;background_background&quot;:&quot;video&quot;,&quot;animation&quot;:&quot;fadeIn&quot;,&quot;stretch_section&quot;:&quot;section-stretched&quot;}\">\n\t\t\t\t\t\t\t<div class=\"elementor-background-overlay\"><\/div>\n\t\t\t\t\t\t\t<div class=\"elementor-container elementor-column-gap-no\">\n\t\t\t\t\t<div class=\"elementor-column elementor-col-100 elementor-top-column elementor-element elementor-element-b8b9715 elementor-invisible\" data-id=\"b8b9715\" data-element_type=\"column\" data-settings=\"{&quot;background_background&quot;:&quot;classic&quot;,&quot;animation&quot;:&quot;fadeInUp&quot;}\">\n\t\t\t<div class=\"elementor-widget-wrap elementor-element-populated\">\n\t\t\t\t\t\t<section class=\"elementor-section elementor-inner-section elementor-element elementor-element-d3a0e19 elementor-section-content-middle elementor-reverse-tablet elementor-section-boxed elementor-section-height-default elementor-section-height-default\" data-id=\"d3a0e19\" data-element_type=\"section\">\n\t\t\t\t\t\t<div class=\"elementor-container elementor-column-gap-wider\">\n\t\t\t\t\t<div class=\"elementor-column elementor-col-50 elementor-inner-column elementor-element elementor-element-d531477\" data-id=\"d531477\" data-element_type=\"column\">\n\t\t\t<div class=\"elementor-widget-wrap elementor-element-populated\">\n\t\t\t\t\t\t<div class=\"elementor-element elementor-element-313aac6 elementor-widget elementor-widget-image\" data-id=\"313aac6\" data-element_type=\"widget\" data-widget_type=\"image.default\">\n\t\t\t\t<div class=\"elementor-widget-container\">\n\t\t\t\t\t\t\t\t\t\t\t\t\t\t\t<img decoding=\"async\" src=\"https:\/\/garudasupplies.com\/wp-content\/uploads\/elementor\/thumbs\/container-1611490_1920-1-qgjizoq2w8b4ysy6ej1z82712qsb1cepazjdyqamhk.jpg\" title=\"container-1611490_1920\" alt=\"container-1611490_1920\" loading=\"lazy\" \/>\t\t\t\t\t\t\t\t\t\t\t\t\t\t\t<\/div>\n\t\t\t\t<\/div>\n\t\t\t\t\t<\/div>\n\t\t<\/div>\n\t\t\t\t<div class=\"elementor-column elementor-col-50 elementor-inner-column elementor-element elementor-element-053e61c\" data-id=\"053e61c\" data-element_type=\"column\">\n\t\t\t<div class=\"elementor-widget-wrap elementor-element-populated\">\n\t\t\t\t\t\t<div class=\"elementor-element elementor-element-aa97c13 elementor-invisible elementor-widget elementor-widget-text-editor\" data-id=\"aa97c13\" data-element_type=\"widget\" data-settings=\"{&quot;_animation&quot;:&quot;fadeInLeft&quot;}\" data-widget_type=\"text-editor.default\">\n\t\t\t\t<div class=\"elementor-widget-container\">\n\t\t\t\t\t\t\t\t\t<p>A l&#8217;ext\u00e9rieur de chaque conteneur d&#8217;emballage, le fournisseur doit avoir au minimum la documentation requise :<\/p><ul><li>\u00c9tiquette d&#8217;exp\u00e9dition comprenant le nom complet et l&#8217;adresse de l&#8217;exp\u00e9diteur et du destinataire<\/li><li>Num\u00e9ro de conteneur (1 de n, 2 de n, etc.)<\/li><li>\u00c9tiquetage de la classe de danger ou \u00e9tiquetage du Syst\u00e8me d&#8217;information sur les mati\u00e8res dangereuses utilis\u00e9es au travail (SIMDUT), le cas \u00e9ch\u00e9ant<\/li><li>Connaissement<\/li><li>Facture commerciale<\/li><li>T &amp; C pour l&#8217;emballage<\/li><\/ul>\t\t\t\t\t\t\t\t<\/div>\n\t\t\t\t<\/div>\n\t\t\t\t<div class=\"elementor-element elementor-element-52b888b elementor-invisible elementor-widget elementor-widget-heading\" data-id=\"52b888b\" data-element_type=\"widget\" data-settings=\"{&quot;_animation&quot;:&quot;fadeIn&quot;}\" data-widget_type=\"heading.default\">\n\t\t\t\t<div class=\"elementor-widget-container\">\n\t\t\t\t\t<h2 class=\"elementor-heading-title elementor-size-default\">Veuillez trouver tous les d\u00e9tails sur les liens ci-dessous:<\/h2>\t\t\t\t<\/div>\n\t\t\t\t<\/div>\n\t\t\t\t<div class=\"elementor-element elementor-element-285ba8a elementor-icon-list--layout-traditional elementor-list-item-link-full_width elementor-invisible elementor-widget elementor-widget-icon-list\" data-id=\"285ba8a\" data-element_type=\"widget\" data-settings=\"{&quot;_animation&quot;:&quot;fadeIn&quot;}\" data-widget_type=\"icon-list.default\">\n\t\t\t\t<div class=\"elementor-widget-container\">\n\t\t\t\t\t\t\t<ul class=\"elementor-icon-list-items\">\n\t\t\t\t\t\t\t<li class=\"elementor-icon-list-item\">\n\t\t\t\t\t\t\t\t\t\t\t<a href=\"https:\/\/garudasupplies.com\/packing-and-shipping-terms-and-conditions\/\">\n\n\t\t\t\t\t\t\t\t\t\t\t\t<span class=\"elementor-icon-list-icon\">\n\t\t\t\t\t\t\t\t\t\t\t\t\t<\/span>\n\t\t\t\t\t\t\t\t\t\t<span class=\"elementor-icon-list-text\">*Packing and Shipping Instructions Terms and Conditions<\/span>\n\t\t\t\t\t\t\t\t\t\t\t<\/a>\n\t\t\t\t\t\t\t\t\t<\/li>\n\t\t\t\t\t\t<\/ul>\n\t\t\t\t\t\t<\/div>\n\t\t\t\t<\/div>\n\t\t\t\t\t<\/div>\n\t\t<\/div>\n\t\t\t\t\t<\/div>\n\t\t<\/section>\n\t\t\t\t\t<\/div>\n\t\t<\/div>\n\t\t\t\t\t<\/div>\n\t\t<\/section>\n\t\t\t\t<\/div>\n\t\t","protected":false},"excerpt":{"rendered":"<p>Instructions d&#8217;emballage et d&#8217;exp\u00e9dition Il est de la responsabilit\u00e9 du fournisseur d&#8217;emballer les produits de mani\u00e8re \u00e0 \u00e9viter tout dommage pendant le transport du vendeur \u00e0 l&#8217;acheteur. Les articles dangereux doivent \u00eatre emball\u00e9s et document\u00e9s conform\u00e9ment aux r\u00e9glementations internationales et locales. Le non-respect de cette exigence entra\u00eenera le refus de la livraison par les acheteurs [&hellip;]<\/p>\n","protected":false},"author":3378,"featured_media":0,"parent":27718,"menu_order":0,"comment_status":"closed","ping_status":"closed","template":"","meta":{"_acf_changed":false,"ocean_post_layout":"","ocean_both_sidebars_style":"","ocean_both_sidebars_content_width":0,"ocean_both_sidebars_sidebars_width":0,"ocean_sidebar":"0","ocean_second_sidebar":"0","ocean_disable_margins":"on","ocean_add_body_class":"","ocean_shortcode_before_top_bar":"","ocean_shortcode_after_top_bar":"","ocean_shortcode_before_header":"","ocean_shortcode_after_header":"","ocean_has_shortcode":"","ocean_shortcode_after_title":"","ocean_shortcode_before_footer_widgets":"","ocean_shortcode_after_footer_widgets":"","ocean_shortcode_before_footer_bottom":"","ocean_shortcode_after_footer_bottom":"","ocean_display_top_bar":"default","ocean_display_header":"default","ocean_header_style":"","ocean_center_header_left_menu":"0","ocean_custom_header_template":"0","ocean_custom_logo":0,"ocean_custom_retina_logo":0,"ocean_custom_logo_max_width":0,"ocean_custom_logo_tablet_max_width":0,"ocean_custom_logo_mobile_max_width":0,"ocean_custom_logo_max_height":0,"ocean_custom_logo_tablet_max_height":0,"ocean_custom_logo_mobile_max_height":0,"ocean_header_custom_menu":"0","ocean_menu_typo_font_family":"0","ocean_menu_typo_font_subset":"","ocean_menu_typo_font_size":0,"ocean_menu_typo_font_size_tablet":0,"ocean_menu_typo_font_size_mobile":0,"ocean_menu_typo_font_size_unit":"px","ocean_menu_typo_font_weight":"","ocean_menu_typo_font_weight_tablet":"","ocean_menu_typo_font_weight_mobile":"","ocean_menu_typo_transform":"","ocean_menu_typo_transform_tablet":"","ocean_menu_typo_transform_mobile":"","ocean_menu_typo_line_height":0,"ocean_menu_typo_line_height_tablet":0,"ocean_menu_typo_line_height_mobile":0,"ocean_menu_typo_line_height_unit":"","ocean_menu_typo_spacing":0,"ocean_menu_typo_spacing_tablet":0,"ocean_menu_typo_spacing_mobile":0,"ocean_menu_typo_spacing_unit":"","ocean_menu_link_color":"","ocean_menu_link_color_hover":"","ocean_menu_link_color_active":"","ocean_menu_link_background":"","ocean_menu_link_hover_background":"","ocean_menu_link_active_background":"","ocean_menu_social_links_bg":"","ocean_menu_social_hover_links_bg":"","ocean_menu_social_links_color":"","ocean_menu_social_hover_links_color":"","ocean_disable_title":"default","ocean_disable_heading":"default","ocean_post_title":"","ocean_post_subheading":"","ocean_post_title_style":"","ocean_post_title_background_color":"","ocean_post_title_background":0,"ocean_post_title_bg_image_position":"","ocean_post_title_bg_image_attachment":"","ocean_post_title_bg_image_repeat":"","ocean_post_title_bg_image_size":"","ocean_post_title_height":0,"ocean_post_title_bg_overlay":0.5,"ocean_post_title_bg_overlay_color":"","ocean_disable_breadcrumbs":"default","ocean_breadcrumbs_color":"","ocean_breadcrumbs_separator_color":"","ocean_breadcrumbs_links_color":"","ocean_breadcrumbs_links_hover_color":"","ocean_display_footer_widgets":"on","ocean_display_footer_bottom":"off","ocean_custom_footer_template":"0","footnotes":""},"simple-restrict-permission":[],"class_list":["post-27735","page","type-page","status-publish","hentry","entry","owp-thumbs-layout-vertical","owp-btn-normal","owp-tabs-layout-horizontal","has-no-thumbnails","has-product-nav"],"acf":[],"yoast_head":"<!-- This site is optimized with the Yoast SEO plugin v26.9 - https:\/\/yoast.com\/product\/yoast-seo-wordpress\/ -->\n<title>Instructions d&#039;emballage et d&#039;exp\u00e9dition<\/title>\n<meta name=\"robots\" content=\"index, follow, max-snippet:-1, max-image-preview:large, max-video-preview:-1\" \/>\n<link rel=\"canonical\" href=\"https:\/\/garudasupplies.com\/en\/about-us\/our-suppliers-2\/packing-shipping-instructions\/\" \/>\n<meta name=\"twitter:card\" content=\"summary_large_image\" \/>\n<meta name=\"twitter:title\" content=\"Instructions d&#039;emballage et d&#039;exp\u00e9dition\" \/>\n<meta name=\"twitter:description\" content=\"Instructions d&#039;emballage et d&#039;exp\u00e9dition Il est de la responsabilit\u00e9 du fournisseur d&#039;emballer les produits de mani\u00e8re \u00e0 \u00e9viter tout dommage pendant le transport du vendeur \u00e0 l&#039;acheteur. Les articles dangereux doivent \u00eatre emball\u00e9s et document\u00e9s conform\u00e9ment aux r\u00e9glementations internationales et locales. Le non-respect de cette exigence entra\u00eenera le refus de la livraison par les acheteurs [&hellip;]\" \/>\n<meta name=\"twitter:image\" content=\"https:\/\/garudasupplies.com\/wp-content\/uploads\/2020\/08\/Logo-Indonesian-Supplies-150x133.png\" \/>\n<meta name=\"twitter:label1\" content=\"Est. reading time\" \/>\n\t<meta name=\"twitter:data1\" content=\"2 minutes\" \/>\n<script type=\"application\/ld+json\" class=\"yoast-schema-graph\">{\"@context\":\"https:\/\/schema.org\",\"@graph\":[{\"@type\":\"WebPage\",\"@id\":\"https:\/\/garudasupplies.com\/en\/about-us\/our-suppliers-2\/packing-shipping-instructions\/\",\"url\":\"https:\/\/garudasupplies.com\/en\/about-us\/our-suppliers-2\/packing-shipping-instructions\/\",\"name\":\"Instructions d'emballage et d'exp\u00e9dition\",\"isPartOf\":{\"@id\":\"https:\/\/garudasupplies.com\/en\/#website\"},\"primaryImageOfPage\":{\"@id\":\"https:\/\/garudasupplies.com\/en\/about-us\/our-suppliers-2\/packing-shipping-instructions\/#primaryimage\"},\"image\":{\"@id\":\"https:\/\/garudasupplies.com\/en\/about-us\/our-suppliers-2\/packing-shipping-instructions\/#primaryimage\"},\"thumbnailUrl\":\"https:\/\/garudasupplies.com\/wp-content\/uploads\/2020\/08\/Logo-Indonesian-Supplies-150x133.png\",\"datePublished\":\"2019-07-12T04:15:52+00:00\",\"dateModified\":\"2021-12-24T02:49:47+00:00\",\"breadcrumb\":{\"@id\":\"https:\/\/garudasupplies.com\/en\/about-us\/our-suppliers-2\/packing-shipping-instructions\/#breadcrumb\"},\"inLanguage\":\"fr-FR\",\"potentialAction\":[{\"@type\":\"ReadAction\",\"target\":[\"https:\/\/garudasupplies.com\/en\/about-us\/our-suppliers-2\/packing-shipping-instructions\/\"]}]},{\"@type\":\"ImageObject\",\"inLanguage\":\"fr-FR\",\"@id\":\"https:\/\/garudasupplies.com\/en\/about-us\/our-suppliers-2\/packing-shipping-instructions\/#primaryimage\",\"url\":\"https:\/\/garudasupplies.com\/wp-content\/uploads\/2020\/08\/Logo-Indonesian-Supplies-150x133.png\",\"contentUrl\":\"https:\/\/garudasupplies.com\/wp-content\/uploads\/2020\/08\/Logo-Indonesian-Supplies-150x133.png\"},{\"@type\":\"BreadcrumbList\",\"@id\":\"https:\/\/garudasupplies.com\/en\/about-us\/our-suppliers-2\/packing-shipping-instructions\/#breadcrumb\",\"itemListElement\":[{\"@type\":\"ListItem\",\"position\":1,\"name\":\"Home\",\"item\":\"https:\/\/garudasupplies.com\/en\/\"},{\"@type\":\"ListItem\",\"position\":2,\"name\":\"\u00c0 Propos De Nous\",\"item\":\"https:\/\/garudasupplies.com\/en\/about-us\/\"},{\"@type\":\"ListItem\",\"position\":3,\"name\":\"Nos Fournisseurs\",\"item\":\"https:\/\/garudasupplies.com\/en\/about-us\/our-suppliers-2\/\"},{\"@type\":\"ListItem\",\"position\":4,\"name\":\"Instructions d&#8217;emballage et d&#8217;exp\u00e9dition\"}]},{\"@type\":\"WebSite\",\"@id\":\"https:\/\/garudasupplies.com\/en\/#website\",\"url\":\"https:\/\/garudasupplies.com\/en\/\",\"name\":\"Garuda Supplies\",\"description\":\"Garuda Supplies\",\"publisher\":{\"@id\":\"https:\/\/garudasupplies.com\/en\/#organization\"},\"potentialAction\":[{\"@type\":\"SearchAction\",\"target\":{\"@type\":\"EntryPoint\",\"urlTemplate\":\"https:\/\/garudasupplies.com\/en\/?s={search_term_string}\"},\"query-input\":{\"@type\":\"PropertyValueSpecification\",\"valueRequired\":true,\"valueName\":\"search_term_string\"}}],\"inLanguage\":\"fr-FR\"},{\"@type\":\"Organization\",\"@id\":\"https:\/\/garudasupplies.com\/en\/#organization\",\"name\":\"PT Indonesian Supplies\",\"url\":\"https:\/\/garudasupplies.com\/en\/\",\"logo\":{\"@type\":\"ImageObject\",\"inLanguage\":\"fr-FR\",\"@id\":\"https:\/\/garudasupplies.com\/en\/#\/schema\/logo\/image\/\",\"url\":\"https:\/\/garudasupplies.com\/wp-content\/uploads\/2021\/05\/Logo-Indonesian-Supplies-300x352-1.png\",\"contentUrl\":\"https:\/\/garudasupplies.com\/wp-content\/uploads\/2021\/05\/Logo-Indonesian-Supplies-300x352-1.png\",\"width\":300,\"height\":253,\"caption\":\"PT Indonesian Supplies\"},\"image\":{\"@id\":\"https:\/\/garudasupplies.com\/en\/#\/schema\/logo\/image\/\"},\"sameAs\":[\"https:\/\/www.facebook.com\/Indonesian-Supplies-110227014847832\"]}]}<\/script>\n<!-- \/ Yoast SEO plugin. -->","yoast_head_json":{"title":"Instructions d'emballage et d'exp\u00e9dition","robots":{"index":"index","follow":"follow","max-snippet":"max-snippet:-1","max-image-preview":"max-image-preview:large","max-video-preview":"max-video-preview:-1"},"canonical":"https:\/\/garudasupplies.com\/en\/about-us\/our-suppliers-2\/packing-shipping-instructions\/","twitter_card":"summary_large_image","twitter_title":"Instructions d'emballage et d'exp\u00e9dition","twitter_description":"Instructions d'emballage et d'exp\u00e9dition Il est de la responsabilit\u00e9 du fournisseur d'emballer les produits de mani\u00e8re \u00e0 \u00e9viter tout dommage pendant le transport du vendeur \u00e0 l'acheteur. Les articles dangereux doivent \u00eatre emball\u00e9s et document\u00e9s conform\u00e9ment aux r\u00e9glementations internationales et locales. Le non-respect de cette exigence entra\u00eenera le refus de la livraison par les acheteurs [&hellip;]","twitter_image":"https:\/\/garudasupplies.com\/wp-content\/uploads\/2020\/08\/Logo-Indonesian-Supplies-150x133.png","twitter_misc":{"Est. reading time":"2 minutes"},"schema":{"@context":"https:\/\/schema.org","@graph":[{"@type":"WebPage","@id":"https:\/\/garudasupplies.com\/en\/about-us\/our-suppliers-2\/packing-shipping-instructions\/","url":"https:\/\/garudasupplies.com\/en\/about-us\/our-suppliers-2\/packing-shipping-instructions\/","name":"Instructions d'emballage et d'exp\u00e9dition","isPartOf":{"@id":"https:\/\/garudasupplies.com\/en\/#website"},"primaryImageOfPage":{"@id":"https:\/\/garudasupplies.com\/en\/about-us\/our-suppliers-2\/packing-shipping-instructions\/#primaryimage"},"image":{"@id":"https:\/\/garudasupplies.com\/en\/about-us\/our-suppliers-2\/packing-shipping-instructions\/#primaryimage"},"thumbnailUrl":"https:\/\/garudasupplies.com\/wp-content\/uploads\/2020\/08\/Logo-Indonesian-Supplies-150x133.png","datePublished":"2019-07-12T04:15:52+00:00","dateModified":"2021-12-24T02:49:47+00:00","breadcrumb":{"@id":"https:\/\/garudasupplies.com\/en\/about-us\/our-suppliers-2\/packing-shipping-instructions\/#breadcrumb"},"inLanguage":"fr-FR","potentialAction":[{"@type":"ReadAction","target":["https:\/\/garudasupplies.com\/en\/about-us\/our-suppliers-2\/packing-shipping-instructions\/"]}]},{"@type":"ImageObject","inLanguage":"fr-FR","@id":"https:\/\/garudasupplies.com\/en\/about-us\/our-suppliers-2\/packing-shipping-instructions\/#primaryimage","url":"https:\/\/garudasupplies.com\/wp-content\/uploads\/2020\/08\/Logo-Indonesian-Supplies-150x133.png","contentUrl":"https:\/\/garudasupplies.com\/wp-content\/uploads\/2020\/08\/Logo-Indonesian-Supplies-150x133.png"},{"@type":"BreadcrumbList","@id":"https:\/\/garudasupplies.com\/en\/about-us\/our-suppliers-2\/packing-shipping-instructions\/#breadcrumb","itemListElement":[{"@type":"ListItem","position":1,"name":"Home","item":"https:\/\/garudasupplies.com\/en\/"},{"@type":"ListItem","position":2,"name":"\u00c0 Propos De Nous","item":"https:\/\/garudasupplies.com\/en\/about-us\/"},{"@type":"ListItem","position":3,"name":"Nos Fournisseurs","item":"https:\/\/garudasupplies.com\/en\/about-us\/our-suppliers-2\/"},{"@type":"ListItem","position":4,"name":"Instructions d&#8217;emballage et d&#8217;exp\u00e9dition"}]},{"@type":"WebSite","@id":"https:\/\/garudasupplies.com\/en\/#website","url":"https:\/\/garudasupplies.com\/en\/","name":"Garuda Supplies","description":"Garuda Supplies","publisher":{"@id":"https:\/\/garudasupplies.com\/en\/#organization"},"potentialAction":[{"@type":"SearchAction","target":{"@type":"EntryPoint","urlTemplate":"https:\/\/garudasupplies.com\/en\/?s={search_term_string}"},"query-input":{"@type":"PropertyValueSpecification","valueRequired":true,"valueName":"search_term_string"}}],"inLanguage":"fr-FR"},{"@type":"Organization","@id":"https:\/\/garudasupplies.com\/en\/#organization","name":"PT Indonesian Supplies","url":"https:\/\/garudasupplies.com\/en\/","logo":{"@type":"ImageObject","inLanguage":"fr-FR","@id":"https:\/\/garudasupplies.com\/en\/#\/schema\/logo\/image\/","url":"https:\/\/garudasupplies.com\/wp-content\/uploads\/2021\/05\/Logo-Indonesian-Supplies-300x352-1.png","contentUrl":"https:\/\/garudasupplies.com\/wp-content\/uploads\/2021\/05\/Logo-Indonesian-Supplies-300x352-1.png","width":300,"height":253,"caption":"PT Indonesian Supplies"},"image":{"@id":"https:\/\/garudasupplies.com\/en\/#\/schema\/logo\/image\/"},"sameAs":["https:\/\/www.facebook.com\/Indonesian-Supplies-110227014847832"]}]}},"_links":{"self":[{"href":"https:\/\/garudasupplies.com\/fr\/wp-json\/wp\/v2\/pages\/27735","targetHints":{"allow":["GET"]}}],"collection":[{"href":"https:\/\/garudasupplies.com\/fr\/wp-json\/wp\/v2\/pages"}],"about":[{"href":"https:\/\/garudasupplies.com\/fr\/wp-json\/wp\/v2\/types\/page"}],"author":[{"embeddable":true,"href":"https:\/\/garudasupplies.com\/fr\/wp-json\/wp\/v2\/users\/3378"}],"replies":[{"embeddable":true,"href":"https:\/\/garudasupplies.com\/fr\/wp-json\/wp\/v2\/comments?post=27735"}],"version-history":[{"count":0,"href":"https:\/\/garudasupplies.com\/fr\/wp-json\/wp\/v2\/pages\/27735\/revisions"}],"up":[{"embeddable":true,"href":"https:\/\/garudasupplies.com\/fr\/wp-json\/wp\/v2\/pages\/27718"}],"wp:attachment":[{"href":"https:\/\/garudasupplies.com\/fr\/wp-json\/wp\/v2\/media?parent=27735"}],"wp:term":[{"taxonomy":"simple-restrict-permission","embeddable":true,"href":"https:\/\/garudasupplies.com\/fr\/wp-json\/wp\/v2\/simple-restrict-permission?post=27735"}],"curies":[{"name":"wp","href":"https:\/\/api.w.org\/{rel}","templated":true}]}}