{"id":27725,"date":"2019-07-12T05:01:18","date_gmt":"2019-07-12T04:01:18","guid":{"rendered":"https:\/\/garudasupplies.com\/?page_id=27725"},"modified":"2021-12-23T09:21:02","modified_gmt":"2021-12-23T09:21:02","slug":"approbation-du-nouveau-fournisseur","status":"publish","type":"page","link":"https:\/\/garudasupplies.com\/fr\/a-propos-de-nous\/nos-fournisseurs\/approbation-du-nouveau-fournisseur\/","title":{"rendered":"Approbation du nouveau fournisseur"},"content":{"rendered":"\t\t<div data-elementor-type=\"wp-page\" data-elementor-id=\"27725\" class=\"elementor elementor-27725 elementor-26339\" data-elementor-post-type=\"page\">\n\t\t\t\t\t\t<section class=\"elementor-section elementor-top-section elementor-element elementor-element-0c49993 elementor-section-stretched elementor-section-boxed elementor-section-height-default elementor-section-height-default elementor-invisible\" data-id=\"0c49993\" data-element_type=\"section\" data-settings=\"{&quot;background_background&quot;:&quot;classic&quot;,&quot;stretch_section&quot;:&quot;section-stretched&quot;,&quot;animation&quot;:&quot;fadeIn&quot;}\">\n\t\t\t\t\t\t\t<div class=\"elementor-background-overlay\"><\/div>\n\t\t\t\t\t\t\t<div class=\"elementor-container elementor-column-gap-default\">\n\t\t\t\t\t<div class=\"elementor-column elementor-col-50 elementor-top-column elementor-element elementor-element-e36c9b6\" data-id=\"e36c9b6\" data-element_type=\"column\">\n\t\t\t<div class=\"elementor-widget-wrap elementor-element-populated\">\n\t\t\t\t\t\t<div class=\"elementor-element elementor-element-d78eae7 elementor-widget elementor-widget-image\" data-id=\"d78eae7\" data-element_type=\"widget\" data-widget_type=\"image.default\">\n\t\t\t\t<div class=\"elementor-widget-container\">\n\t\t\t\t\t\t\t\t\t\t\t\t\t\t\t<img fetchpriority=\"high\" decoding=\"async\" width=\"2147\" height=\"1903\" src=\"https:\/\/garudasupplies.com\/wp-content\/uploads\/2020\/08\/Logo-Indonesian-Supplies.png\" class=\"attachment-full size-full wp-image-78811\" alt=\"\" srcset=\"https:\/\/garudasupplies.com\/wp-content\/uploads\/2020\/08\/Logo-Indonesian-Supplies.png 2147w, https:\/\/garudasupplies.com\/wp-content\/uploads\/2020\/08\/Logo-Indonesian-Supplies-600x532.png 600w, https:\/\/garudasupplies.com\/wp-content\/uploads\/2020\/08\/Logo-Indonesian-Supplies-300x266.png 300w, https:\/\/garudasupplies.com\/wp-content\/uploads\/2020\/08\/Logo-Indonesian-Supplies-1024x908.png 1024w, https:\/\/garudasupplies.com\/wp-content\/uploads\/2020\/08\/Logo-Indonesian-Supplies-150x133.png 150w, https:\/\/garudasupplies.com\/wp-content\/uploads\/2020\/08\/Logo-Indonesian-Supplies-768x681.png 768w, https:\/\/garudasupplies.com\/wp-content\/uploads\/2020\/08\/Logo-Indonesian-Supplies-1536x1361.png 1536w, https:\/\/garudasupplies.com\/wp-content\/uploads\/2020\/08\/Logo-Indonesian-Supplies-2048x1815.png 2048w\" sizes=\"(max-width: 2147px) 100vw, 2147px\" \/>\t\t\t\t\t\t\t\t\t\t\t\t\t\t\t<\/div>\n\t\t\t\t<\/div>\n\t\t\t\t\t<\/div>\n\t\t<\/div>\n\t\t\t\t<div class=\"elementor-column elementor-col-50 elementor-top-column elementor-element elementor-element-79a0ba9\" data-id=\"79a0ba9\" data-element_type=\"column\">\n\t\t\t<div class=\"elementor-widget-wrap elementor-element-populated\">\n\t\t\t\t\t\t<div class=\"elementor-element elementor-element-83af225 elementor-widget elementor-widget-heading\" data-id=\"83af225\" data-element_type=\"widget\" data-widget_type=\"heading.default\">\n\t\t\t\t<div class=\"elementor-widget-container\">\n\t\t\t\t\t<h1 class=\"elementor-heading-title elementor-size-default\">approbation du nouveau fournisseur<\/h1>\t\t\t\t<\/div>\n\t\t\t\t<\/div>\n\t\t\t\t<div class=\"elementor-element elementor-element-c781cc7 elementor-widget-divider--view-line elementor-widget elementor-widget-divider\" data-id=\"c781cc7\" data-element_type=\"widget\" data-widget_type=\"divider.default\">\n\t\t\t\t<div class=\"elementor-widget-container\">\n\t\t\t\t\t\t\t<div class=\"elementor-divider\">\n\t\t\t<span class=\"elementor-divider-separator\">\n\t\t\t\t\t\t<\/span>\n\t\t<\/div>\n\t\t\t\t\t\t<\/div>\n\t\t\t\t<\/div>\n\t\t\t\t\t<\/div>\n\t\t<\/div>\n\t\t\t\t\t<\/div>\n\t\t<\/section>\n\t\t\t\t<section class=\"elementor-section elementor-top-section elementor-element elementor-element-597fbe9 elementor-section-boxed elementor-section-height-default elementor-section-height-default\" data-id=\"597fbe9\" data-element_type=\"section\">\n\t\t\t\t\t\t<div class=\"elementor-container elementor-column-gap-default\">\n\t\t\t\t\t<div class=\"elementor-column elementor-col-100 elementor-top-column elementor-element elementor-element-6db0968\" data-id=\"6db0968\" data-element_type=\"column\">\n\t\t\t<div class=\"elementor-widget-wrap elementor-element-populated\">\n\t\t\t\t\t\t<div class=\"elementor-element elementor-element-3293388 elementor-widget elementor-widget-text-editor\" data-id=\"3293388\" data-element_type=\"widget\" data-settings=\"{&quot;_animation&quot;:&quot;none&quot;}\" data-widget_type=\"text-editor.default\">\n\t\t\t\t<div class=\"elementor-widget-container\">\n\t\t\t\t\t\t\t\t\t<p>Ce contenu vous fournit des informations sur le processus de s\u00e9lection de notre liste de fournisseurs approuv\u00e9s, y compris les fabricants et les distributeurs d&#8217;\u00e9quipements fabriqu\u00e9s.<\/p><p>L&#8217;activit\u00e9 principale d&#8217;Indonesian Supplies consiste \u00e0 se concentrer sur le d\u00e9veloppement de fournisseurs fiables sur des march\u00e9s cl\u00e9s s\u00e9lectionn\u00e9s tels que la logistique, l&#8217;offshore, l&#8217;exploitation mini\u00e8re, les \u00e9nergies alternatives, la gestion de l&#8217;eau, la construction, les produits d&#8217;emballage et d&#8217;accueil et les consommables m\u00e9dicaux.<\/p><p>En tant que proc\u00e9dure de pr\u00e9s\u00e9lection standard, les \u00e9tapes suivantes doivent \u00eatre remplies pour l&#8217;inscription d&#8217;une nouvelle application de fournisseur sur notre place de march\u00e9\u00a0:<\/p>\t\t\t\t\t\t\t\t<\/div>\n\t\t\t\t<\/div>\n\t\t\t\t<div class=\"elementor-element elementor-element-cd7eb5e elementor-icon-list--layout-traditional elementor-list-item-link-full_width elementor-widget elementor-widget-icon-list\" data-id=\"cd7eb5e\" data-element_type=\"widget\" data-widget_type=\"icon-list.default\">\n\t\t\t\t<div class=\"elementor-widget-container\">\n\t\t\t\t\t\t\t<ul class=\"elementor-icon-list-items\">\n\t\t\t\t\t\t\t<li class=\"elementor-icon-list-item\">\n\t\t\t\t\t\t\t\t\t\t\t<a href=\"https:\/\/garudasupplies.com\/contact-information-form\/\">\n\n\t\t\t\t\t\t\t\t\t\t\t\t<span class=\"elementor-icon-list-icon\">\n\t\t\t\t\t\t\t<i aria-hidden=\"true\" class=\"fas fa-check\"><\/i>\t\t\t\t\t\t<\/span>\n\t\t\t\t\t\t\t\t\t\t<span class=\"elementor-icon-list-text\">Formulaire de demande \u00e9lectronique, \u00e9galement appel\u00e9 \" Formulaire d'informations de contact \"<\/span>\n\t\t\t\t\t\t\t\t\t\t\t<\/a>\n\t\t\t\t\t\t\t\t\t<\/li>\n\t\t\t\t\t\t\t\t<li class=\"elementor-icon-list-item\">\n\t\t\t\t\t\t\t\t\t\t\t<a href=\"https:\/\/garudasupplies.com\/about-us\/our-suppliers-2\/ownership-form\/\">\n\n\t\t\t\t\t\t\t\t\t\t\t\t<span class=\"elementor-icon-list-icon\">\n\t\t\t\t\t\t\t<i aria-hidden=\"true\" class=\"fas fa-check\"><\/i>\t\t\t\t\t\t<\/span>\n\t\t\t\t\t\t\t\t\t\t<span class=\"elementor-icon-list-text\">Remplissage du \"\u00a0Formulaire de propri\u00e9t\u00e9 \" de l'entreprise<\/span>\n\t\t\t\t\t\t\t\t\t\t\t<\/a>\n\t\t\t\t\t\t\t\t\t<\/li>\n\t\t\t\t\t\t\t\t<li class=\"elementor-icon-list-item\">\n\t\t\t\t\t\t\t\t\t\t\t<a href=\"https:\/\/garudasupplies.com\/capability-information-form\/\">\n\n\t\t\t\t\t\t\t\t\t\t\t\t<span class=\"elementor-icon-list-icon\">\n\t\t\t\t\t\t\t<i aria-hidden=\"true\" class=\"fas fa-check\"><\/i>\t\t\t\t\t\t<\/span>\n\t\t\t\t\t\t\t\t\t\t<span class=\"elementor-icon-list-text\">Formulaire de pr\u00e9-audit rempli, intitul\u00e9 \"\u00a0Formulaire d'informations sur les capacit\u00e9s\u00a0\"<\/span>\n\t\t\t\t\t\t\t\t\t\t\t<\/a>\n\t\t\t\t\t\t\t\t\t<\/li>\n\t\t\t\t\t\t\t\t<li class=\"elementor-icon-list-item\">\n\t\t\t\t\t\t\t\t\t\t\t<a href=\"https:\/\/garudasupplies.com\/about-us\/our-suppliers-2\/financial-information-form\/\">\n\n\t\t\t\t\t\t\t\t\t\t\t\t<span class=\"elementor-icon-list-icon\">\n\t\t\t\t\t\t\t<i aria-hidden=\"true\" class=\"fas fa-check\"><\/i>\t\t\t\t\t\t<\/span>\n\t\t\t\t\t\t\t\t\t\t<span class=\"elementor-icon-list-text\">Rapport financier, nomm\u00e9 \" Formulaire d'information financi\u00e8re \"<\/span>\n\t\t\t\t\t\t\t\t\t\t\t<\/a>\n\t\t\t\t\t\t\t\t\t<\/li>\n\t\t\t\t\t\t<\/ul>\n\t\t\t\t\t\t<\/div>\n\t\t\t\t<\/div>\n\t\t\t\t<div class=\"elementor-element elementor-element-42b0957 elementor-widget elementor-widget-text-editor\" data-id=\"42b0957\" data-element_type=\"widget\" data-settings=\"{&quot;_animation&quot;:&quot;none&quot;}\" data-widget_type=\"text-editor.default\">\n\t\t\t\t<div class=\"elementor-widget-container\">\n\t\t\t\t\t\t\t\t\t<p>Les formulaires en ligne ci-dessus ci-dessus doivent nous fournir des informations g\u00e9n\u00e9rales sur la structure et le mod\u00e8le commercial de l&#8217;entreprise.<\/p><p>La liste des fournisseurs approuv\u00e9s par Indonesian Supplies a pour objectif de promouvoir et de partager des informations avec nos membres sur les capacit\u00e9s des fournisseurs indon\u00e9siens dans notre portefeuille d&#8217;acheteurs, d&#8217;acheteurs, de fournisseurs et de services d&#8217;approvisionnement s\u00e9lectionn\u00e9s d&#8217;entreprises cl\u00e9s sur les principaux march\u00e9s s\u00e9lectionn\u00e9s par Indonesian Supplies.<br \/>En outre, certaines informations sur l&#8217;inspection par des tiers sont fournies pour chaque type d&#8217;\u00e9quipement, qui doivent \u00eatre distribu\u00e9es et prises en compte par les acheteurs.<\/p><p>Si vous devez utiliser la liste de fournisseurs approuv\u00e9s suivante, vous devez effectuer votre propre \u00e9valuation de pr\u00e9-qualification ou pouvez demander \u00e0 l&#8217;\u00e9quipe d&#8217;approvisionnement des fournitures indon\u00e9siennes d&#8217;effectuer et d&#8217;auditer au nom de votre entreprise (sous r\u00e9serve d&#8217;une facturation suppl\u00e9mentaire). Nous soulignons que ces fabricants sont r\u00e9pertori\u00e9s ici uniquement parce qu&#8217;ils ont d\u00e9j\u00e0 \u00e9t\u00e9 \u00e9valu\u00e9s par Indonesian Supplies et sont pr\u00eats \u00e0 se conformer aux conditions g\u00e9n\u00e9rales d&#8217;Indonesian Supplies et au processus d&#8217;\u00e9valuation des fournisseurs.<\/p>\t\t\t\t\t\t\t\t<\/div>\n\t\t\t\t<\/div>\n\t\t\t\t\t<\/div>\n\t\t<\/div>\n\t\t\t\t\t<\/div>\n\t\t<\/section>\n\t\t\t\t<\/div>\n\t\t","protected":false},"excerpt":{"rendered":"<p>approbation du nouveau fournisseur Ce contenu vous fournit des informations sur le processus de s\u00e9lection de notre liste de fournisseurs approuv\u00e9s, y compris les fabricants et les distributeurs d&#8217;\u00e9quipements fabriqu\u00e9s. L&#8217;activit\u00e9 principale d&#8217;Indonesian Supplies consiste \u00e0 se concentrer sur le d\u00e9veloppement de fournisseurs fiables sur des march\u00e9s cl\u00e9s s\u00e9lectionn\u00e9s tels que la logistique, l&#8217;offshore, l&#8217;exploitation [&hellip;]<\/p>\n","protected":false},"author":3378,"featured_media":0,"parent":27718,"menu_order":0,"comment_status":"closed","ping_status":"closed","template":"","meta":{"_acf_changed":false,"ocean_post_layout":"","ocean_both_sidebars_style":"","ocean_both_sidebars_content_width":0,"ocean_both_sidebars_sidebars_width":0,"ocean_sidebar":"0","ocean_second_sidebar":"0","ocean_disable_margins":"on","ocean_add_body_class":"","ocean_shortcode_before_top_bar":"","ocean_shortcode_after_top_bar":"","ocean_shortcode_before_header":"","ocean_shortcode_after_header":"","ocean_has_shortcode":"","ocean_shortcode_after_title":"","ocean_shortcode_before_footer_widgets":"","ocean_shortcode_after_footer_widgets":"","ocean_shortcode_before_footer_bottom":"","ocean_shortcode_after_footer_bottom":"","ocean_display_top_bar":"default","ocean_display_header":"default","ocean_header_style":"","ocean_center_header_left_menu":"0","ocean_custom_header_template":"0","ocean_custom_logo":0,"ocean_custom_retina_logo":0,"ocean_custom_logo_max_width":0,"ocean_custom_logo_tablet_max_width":0,"ocean_custom_logo_mobile_max_width":0,"ocean_custom_logo_max_height":0,"ocean_custom_logo_tablet_max_height":0,"ocean_custom_logo_mobile_max_height":0,"ocean_header_custom_menu":"0","ocean_menu_typo_font_family":"0","ocean_menu_typo_font_subset":"","ocean_menu_typo_font_size":0,"ocean_menu_typo_font_size_tablet":0,"ocean_menu_typo_font_size_mobile":0,"ocean_menu_typo_font_size_unit":"px","ocean_menu_typo_font_weight":"","ocean_menu_typo_font_weight_tablet":"","ocean_menu_typo_font_weight_mobile":"","ocean_menu_typo_transform":"","ocean_menu_typo_transform_tablet":"","ocean_menu_typo_transform_mobile":"","ocean_menu_typo_line_height":0,"ocean_menu_typo_line_height_tablet":0,"ocean_menu_typo_line_height_mobile":0,"ocean_menu_typo_line_height_unit":"","ocean_menu_typo_spacing":0,"ocean_menu_typo_spacing_tablet":0,"ocean_menu_typo_spacing_mobile":0,"ocean_menu_typo_spacing_unit":"","ocean_menu_link_color":"","ocean_menu_link_color_hover":"","ocean_menu_link_color_active":"","ocean_menu_link_background":"","ocean_menu_link_hover_background":"","ocean_menu_link_active_background":"","ocean_menu_social_links_bg":"","ocean_menu_social_hover_links_bg":"","ocean_menu_social_links_color":"","ocean_menu_social_hover_links_color":"","ocean_disable_title":"default","ocean_disable_heading":"default","ocean_post_title":"","ocean_post_subheading":"","ocean_post_title_style":"","ocean_post_title_background_color":"","ocean_post_title_background":0,"ocean_post_title_bg_image_position":"","ocean_post_title_bg_image_attachment":"","ocean_post_title_bg_image_repeat":"","ocean_post_title_bg_image_size":"","ocean_post_title_height":0,"ocean_post_title_bg_overlay":0.5,"ocean_post_title_bg_overlay_color":"","ocean_disable_breadcrumbs":"default","ocean_breadcrumbs_color":"","ocean_breadcrumbs_separator_color":"","ocean_breadcrumbs_links_color":"","ocean_breadcrumbs_links_hover_color":"","ocean_display_footer_widgets":"on","ocean_display_footer_bottom":"off","ocean_custom_footer_template":"0","footnotes":""},"simple-restrict-permission":[],"class_list":["post-27725","page","type-page","status-publish","hentry","entry","owp-thumbs-layout-vertical","owp-btn-normal","owp-tabs-layout-horizontal","has-no-thumbnails","has-product-nav"],"acf":[],"yoast_head":"<!-- This site is optimized with the Yoast SEO plugin v26.9 - https:\/\/yoast.com\/product\/yoast-seo-wordpress\/ -->\n<title>Approbation du nouveau fournisseur<\/title>\n<meta name=\"robots\" content=\"index, follow, max-snippet:-1, max-image-preview:large, max-video-preview:-1\" \/>\n<link rel=\"canonical\" href=\"https:\/\/garudasupplies.com\/en\/about-us\/our-suppliers-2\/new-supplier-approval\/\" \/>\n<meta name=\"twitter:card\" content=\"summary_large_image\" \/>\n<meta name=\"twitter:title\" content=\"Approbation du nouveau fournisseur\" \/>\n<meta name=\"twitter:description\" content=\"approbation du nouveau fournisseur Ce contenu vous fournit des informations sur le processus de s\u00e9lection de notre liste de fournisseurs approuv\u00e9s, y compris les fabricants et les distributeurs d&#039;\u00e9quipements fabriqu\u00e9s. L&#039;activit\u00e9 principale d&#039;Indonesian Supplies consiste \u00e0 se concentrer sur le d\u00e9veloppement de fournisseurs fiables sur des march\u00e9s cl\u00e9s s\u00e9lectionn\u00e9s tels que la logistique, l&#039;offshore, l&#039;exploitation [&hellip;]\" \/>\n<meta name=\"twitter:image\" content=\"https:\/\/garudasupplies.com\/wp-content\/uploads\/2020\/08\/Logo-Indonesian-Supplies.png\" \/>\n<meta name=\"twitter:label1\" content=\"Est. reading time\" \/>\n\t<meta name=\"twitter:data1\" content=\"2 minutes\" \/>\n<script type=\"application\/ld+json\" class=\"yoast-schema-graph\">{\"@context\":\"https:\/\/schema.org\",\"@graph\":[{\"@type\":\"WebPage\",\"@id\":\"https:\/\/garudasupplies.com\/en\/about-us\/our-suppliers-2\/new-supplier-approval\/\",\"url\":\"https:\/\/garudasupplies.com\/en\/about-us\/our-suppliers-2\/new-supplier-approval\/\",\"name\":\"Approbation du nouveau fournisseur\",\"isPartOf\":{\"@id\":\"https:\/\/garudasupplies.com\/en\/#website\"},\"primaryImageOfPage\":{\"@id\":\"https:\/\/garudasupplies.com\/en\/about-us\/our-suppliers-2\/new-supplier-approval\/#primaryimage\"},\"image\":{\"@id\":\"https:\/\/garudasupplies.com\/en\/about-us\/our-suppliers-2\/new-supplier-approval\/#primaryimage\"},\"thumbnailUrl\":\"https:\/\/garudasupplies.com\/wp-content\/uploads\/2020\/08\/Logo-Indonesian-Supplies.png\",\"datePublished\":\"2019-07-12T04:01:18+00:00\",\"dateModified\":\"2021-12-23T09:21:02+00:00\",\"breadcrumb\":{\"@id\":\"https:\/\/garudasupplies.com\/en\/about-us\/our-suppliers-2\/new-supplier-approval\/#breadcrumb\"},\"inLanguage\":\"fr-FR\",\"potentialAction\":[{\"@type\":\"ReadAction\",\"target\":[\"https:\/\/garudasupplies.com\/en\/about-us\/our-suppliers-2\/new-supplier-approval\/\"]}]},{\"@type\":\"ImageObject\",\"inLanguage\":\"fr-FR\",\"@id\":\"https:\/\/garudasupplies.com\/en\/about-us\/our-suppliers-2\/new-supplier-approval\/#primaryimage\",\"url\":\"https:\/\/garudasupplies.com\/wp-content\/uploads\/2020\/08\/Logo-Indonesian-Supplies.png\",\"contentUrl\":\"https:\/\/garudasupplies.com\/wp-content\/uploads\/2020\/08\/Logo-Indonesian-Supplies.png\"},{\"@type\":\"BreadcrumbList\",\"@id\":\"https:\/\/garudasupplies.com\/en\/about-us\/our-suppliers-2\/new-supplier-approval\/#breadcrumb\",\"itemListElement\":[{\"@type\":\"ListItem\",\"position\":1,\"name\":\"Home\",\"item\":\"https:\/\/garudasupplies.com\/en\/\"},{\"@type\":\"ListItem\",\"position\":2,\"name\":\"\u00c0 Propos De Nous\",\"item\":\"https:\/\/garudasupplies.com\/en\/about-us\/\"},{\"@type\":\"ListItem\",\"position\":3,\"name\":\"Nos Fournisseurs\",\"item\":\"https:\/\/garudasupplies.com\/en\/about-us\/our-suppliers-2\/\"},{\"@type\":\"ListItem\",\"position\":4,\"name\":\"Approbation du nouveau fournisseur\"}]},{\"@type\":\"WebSite\",\"@id\":\"https:\/\/garudasupplies.com\/en\/#website\",\"url\":\"https:\/\/garudasupplies.com\/en\/\",\"name\":\"Garuda Supplies\",\"description\":\"Garuda Supplies\",\"publisher\":{\"@id\":\"https:\/\/garudasupplies.com\/en\/#organization\"},\"potentialAction\":[{\"@type\":\"SearchAction\",\"target\":{\"@type\":\"EntryPoint\",\"urlTemplate\":\"https:\/\/garudasupplies.com\/en\/?s={search_term_string}\"},\"query-input\":{\"@type\":\"PropertyValueSpecification\",\"valueRequired\":true,\"valueName\":\"search_term_string\"}}],\"inLanguage\":\"fr-FR\"},{\"@type\":\"Organization\",\"@id\":\"https:\/\/garudasupplies.com\/en\/#organization\",\"name\":\"PT Indonesian Supplies\",\"url\":\"https:\/\/garudasupplies.com\/en\/\",\"logo\":{\"@type\":\"ImageObject\",\"inLanguage\":\"fr-FR\",\"@id\":\"https:\/\/garudasupplies.com\/en\/#\/schema\/logo\/image\/\",\"url\":\"https:\/\/garudasupplies.com\/wp-content\/uploads\/2021\/05\/Logo-Indonesian-Supplies-300x352-1.png\",\"contentUrl\":\"https:\/\/garudasupplies.com\/wp-content\/uploads\/2021\/05\/Logo-Indonesian-Supplies-300x352-1.png\",\"width\":300,\"height\":253,\"caption\":\"PT Indonesian Supplies\"},\"image\":{\"@id\":\"https:\/\/garudasupplies.com\/en\/#\/schema\/logo\/image\/\"},\"sameAs\":[\"https:\/\/www.facebook.com\/Indonesian-Supplies-110227014847832\"]}]}<\/script>\n<!-- \/ Yoast SEO plugin. -->","yoast_head_json":{"title":"Approbation du nouveau fournisseur","robots":{"index":"index","follow":"follow","max-snippet":"max-snippet:-1","max-image-preview":"max-image-preview:large","max-video-preview":"max-video-preview:-1"},"canonical":"https:\/\/garudasupplies.com\/en\/about-us\/our-suppliers-2\/new-supplier-approval\/","twitter_card":"summary_large_image","twitter_title":"Approbation du nouveau fournisseur","twitter_description":"approbation du nouveau fournisseur Ce contenu vous fournit des informations sur le processus de s\u00e9lection de notre liste de fournisseurs approuv\u00e9s, y compris les fabricants et les distributeurs d'\u00e9quipements fabriqu\u00e9s. L'activit\u00e9 principale d'Indonesian Supplies consiste \u00e0 se concentrer sur le d\u00e9veloppement de fournisseurs fiables sur des march\u00e9s cl\u00e9s s\u00e9lectionn\u00e9s tels que la logistique, l'offshore, l'exploitation [&hellip;]","twitter_image":"https:\/\/garudasupplies.com\/wp-content\/uploads\/2020\/08\/Logo-Indonesian-Supplies.png","twitter_misc":{"Est. reading time":"2 minutes"},"schema":{"@context":"https:\/\/schema.org","@graph":[{"@type":"WebPage","@id":"https:\/\/garudasupplies.com\/en\/about-us\/our-suppliers-2\/new-supplier-approval\/","url":"https:\/\/garudasupplies.com\/en\/about-us\/our-suppliers-2\/new-supplier-approval\/","name":"Approbation du nouveau fournisseur","isPartOf":{"@id":"https:\/\/garudasupplies.com\/en\/#website"},"primaryImageOfPage":{"@id":"https:\/\/garudasupplies.com\/en\/about-us\/our-suppliers-2\/new-supplier-approval\/#primaryimage"},"image":{"@id":"https:\/\/garudasupplies.com\/en\/about-us\/our-suppliers-2\/new-supplier-approval\/#primaryimage"},"thumbnailUrl":"https:\/\/garudasupplies.com\/wp-content\/uploads\/2020\/08\/Logo-Indonesian-Supplies.png","datePublished":"2019-07-12T04:01:18+00:00","dateModified":"2021-12-23T09:21:02+00:00","breadcrumb":{"@id":"https:\/\/garudasupplies.com\/en\/about-us\/our-suppliers-2\/new-supplier-approval\/#breadcrumb"},"inLanguage":"fr-FR","potentialAction":[{"@type":"ReadAction","target":["https:\/\/garudasupplies.com\/en\/about-us\/our-suppliers-2\/new-supplier-approval\/"]}]},{"@type":"ImageObject","inLanguage":"fr-FR","@id":"https:\/\/garudasupplies.com\/en\/about-us\/our-suppliers-2\/new-supplier-approval\/#primaryimage","url":"https:\/\/garudasupplies.com\/wp-content\/uploads\/2020\/08\/Logo-Indonesian-Supplies.png","contentUrl":"https:\/\/garudasupplies.com\/wp-content\/uploads\/2020\/08\/Logo-Indonesian-Supplies.png"},{"@type":"BreadcrumbList","@id":"https:\/\/garudasupplies.com\/en\/about-us\/our-suppliers-2\/new-supplier-approval\/#breadcrumb","itemListElement":[{"@type":"ListItem","position":1,"name":"Home","item":"https:\/\/garudasupplies.com\/en\/"},{"@type":"ListItem","position":2,"name":"\u00c0 Propos De Nous","item":"https:\/\/garudasupplies.com\/en\/about-us\/"},{"@type":"ListItem","position":3,"name":"Nos Fournisseurs","item":"https:\/\/garudasupplies.com\/en\/about-us\/our-suppliers-2\/"},{"@type":"ListItem","position":4,"name":"Approbation du nouveau fournisseur"}]},{"@type":"WebSite","@id":"https:\/\/garudasupplies.com\/en\/#website","url":"https:\/\/garudasupplies.com\/en\/","name":"Garuda Supplies","description":"Garuda Supplies","publisher":{"@id":"https:\/\/garudasupplies.com\/en\/#organization"},"potentialAction":[{"@type":"SearchAction","target":{"@type":"EntryPoint","urlTemplate":"https:\/\/garudasupplies.com\/en\/?s={search_term_string}"},"query-input":{"@type":"PropertyValueSpecification","valueRequired":true,"valueName":"search_term_string"}}],"inLanguage":"fr-FR"},{"@type":"Organization","@id":"https:\/\/garudasupplies.com\/en\/#organization","name":"PT Indonesian Supplies","url":"https:\/\/garudasupplies.com\/en\/","logo":{"@type":"ImageObject","inLanguage":"fr-FR","@id":"https:\/\/garudasupplies.com\/en\/#\/schema\/logo\/image\/","url":"https:\/\/garudasupplies.com\/wp-content\/uploads\/2021\/05\/Logo-Indonesian-Supplies-300x352-1.png","contentUrl":"https:\/\/garudasupplies.com\/wp-content\/uploads\/2021\/05\/Logo-Indonesian-Supplies-300x352-1.png","width":300,"height":253,"caption":"PT Indonesian Supplies"},"image":{"@id":"https:\/\/garudasupplies.com\/en\/#\/schema\/logo\/image\/"},"sameAs":["https:\/\/www.facebook.com\/Indonesian-Supplies-110227014847832"]}]}},"_links":{"self":[{"href":"https:\/\/garudasupplies.com\/fr\/wp-json\/wp\/v2\/pages\/27725","targetHints":{"allow":["GET"]}}],"collection":[{"href":"https:\/\/garudasupplies.com\/fr\/wp-json\/wp\/v2\/pages"}],"about":[{"href":"https:\/\/garudasupplies.com\/fr\/wp-json\/wp\/v2\/types\/page"}],"author":[{"embeddable":true,"href":"https:\/\/garudasupplies.com\/fr\/wp-json\/wp\/v2\/users\/3378"}],"replies":[{"embeddable":true,"href":"https:\/\/garudasupplies.com\/fr\/wp-json\/wp\/v2\/comments?post=27725"}],"version-history":[{"count":0,"href":"https:\/\/garudasupplies.com\/fr\/wp-json\/wp\/v2\/pages\/27725\/revisions"}],"up":[{"embeddable":true,"href":"https:\/\/garudasupplies.com\/fr\/wp-json\/wp\/v2\/pages\/27718"}],"wp:attachment":[{"href":"https:\/\/garudasupplies.com\/fr\/wp-json\/wp\/v2\/media?parent=27725"}],"wp:term":[{"taxonomy":"simple-restrict-permission","embeddable":true,"href":"https:\/\/garudasupplies.com\/fr\/wp-json\/wp\/v2\/simple-restrict-permission?post=27725"}],"curies":[{"name":"wp","href":"https:\/\/api.w.org\/{rel}","templated":true}]}}