{"id":27661,"date":"2019-07-11T10:32:46","date_gmt":"2019-07-11T09:32:46","guid":{"rendered":"https:\/\/garudasupplies.com\/?page_id=27661"},"modified":"2026-01-30T13:11:44","modified_gmt":"2026-01-30T12:11:44","slug":"niveaux-dadhesion","status":"publish","type":"page","link":"https:\/\/garudasupplies.com\/fr\/adhesion\/niveaux-dadhesion\/","title":{"rendered":"Niveaux d&#8217;adh\u00e9sion"},"content":{"rendered":"\t\t<div data-elementor-type=\"wp-page\" data-elementor-id=\"27661\" class=\"elementor elementor-27661 elementor-1302\" data-elementor-post-type=\"page\">\n\t\t\t\t\t\t<section class=\"elementor-section elementor-top-section elementor-element elementor-element-67c44f8 elementor-section-height-min-height elementor-section-stretched animated-slow elementor-section-boxed elementor-section-height-default elementor-section-items-middle elementor-invisible\" data-id=\"67c44f8\" data-element_type=\"section\" data-settings=\"{&quot;background_background&quot;:&quot;classic&quot;,&quot;stretch_section&quot;:&quot;section-stretched&quot;,&quot;animation&quot;:&quot;fadeIn&quot;}\">\n\t\t\t\t\t\t\t<div class=\"elementor-background-overlay\"><\/div>\n\t\t\t\t\t\t\t<div class=\"elementor-container elementor-column-gap-default\">\n\t\t\t\t\t<div class=\"elementor-column elementor-col-100 elementor-top-column elementor-element elementor-element-ce0f1a8\" data-id=\"ce0f1a8\" data-element_type=\"column\">\n\t\t\t<div class=\"elementor-widget-wrap elementor-element-populated\">\n\t\t\t\t\t\t<div class=\"elementor-element elementor-element-cc3fe6c animated-slow elementor-invisible elementor-widget elementor-widget-heading\" data-id=\"cc3fe6c\" data-element_type=\"widget\" data-settings=\"{&quot;_animation&quot;:&quot;fadeIn&quot;,&quot;_animation_delay&quot;:400}\" data-widget_type=\"heading.default\">\n\t\t\t\t<div class=\"elementor-widget-container\">\n\t\t\t\t\t<h2 class=\"elementor-heading-title elementor-size-default\">Programme d\u2019Adh\u00e9sion pour Acheteurs Garuda Supplies<\/h2>\t\t\t\t<\/div>\n\t\t\t\t<\/div>\n\t\t\t\t\t<\/div>\n\t\t<\/div>\n\t\t\t\t\t<\/div>\n\t\t<\/section>\n\t\t\t\t<section class=\"elementor-section elementor-top-section elementor-element elementor-element-628c764 elementor-section-boxed elementor-section-height-default elementor-section-height-default\" data-id=\"628c764\" data-element_type=\"section\">\n\t\t\t\t\t\t<div class=\"elementor-container elementor-column-gap-default\">\n\t\t\t\t\t<div class=\"elementor-column elementor-col-100 elementor-top-column elementor-element elementor-element-41987f5\" data-id=\"41987f5\" data-element_type=\"column\">\n\t\t\t<div class=\"elementor-widget-wrap elementor-element-populated\">\n\t\t\t\t\t\t<div class=\"elementor-element elementor-element-f09060f elementor-widget elementor-widget-shortcode\" data-id=\"f09060f\" data-element_type=\"widget\" data-widget_type=\"shortcode.default\">\n\t\t\t\t<div class=\"elementor-widget-container\">\n\t\t\t\t\t\t\t<div class=\"elementor-shortcode\"><div id=\"rpt_pricr\" class=\"rpt_plans rpt_3_plans rpt_style_basic\"><div class=\"\"><div class=\"rpt_plan   rpt_plan_0  \"><div style=\"text-align:left;\" class=\"rpt_title rpt_title_0\">Silver Members<\/div><div class=\"rpt_head rpt_head_0\"><div class=\"rpt_recurrence rpt_recurrence_0\">Ann\u00e9e<\/div><div class=\"rpt_price rpt_price_0\"><sup class=\"rpt_currency\">GBP<\/sup>12500<\/div><div style=\"color:#81d742;\" class=\"rpt_subtitle rpt_subtitle_0\">8 heures d'assistance<\/div><div class=\"rpt_description rpt_description_0\">un acc\u00e8s complet \u00e0 notre place de march\u00e9<\/div><\/div><div class=\"rpt_features rpt_features_0\"><div style=\"color:black;\" class=\"rpt_feature rpt_feature_0-0\">Acc\u00e8s \u00e0 notre place de march\u00e9\r<\/div><div style=\"color:black;\" class=\"rpt_feature rpt_feature_0-1\">Inscription \u00e0 l'annuaire des membres\r<\/div><div style=\"color:black;\" class=\"rpt_feature rpt_feature_0-2\">Acc\u00e9der a nos prix n\u00e9goci\u00e9s\r<\/div><div style=\"color:black;\" class=\"rpt_feature rpt_feature_0-3\">Termes et conditions n\u00e9goci\u00e9s\r<\/div><div style=\"color:black;\" class=\"rpt_feature rpt_feature_0-4\">Solutions de financement n\u00e9goci\u00e9s\r<\/div><div style=\"color:black;\" class=\"rpt_feature rpt_feature_0-5\">Visite Virtuelle 3D par Drone\r<\/div><div style=\"color:black;\" class=\"rpt_feature rpt_feature_0-6\">Visite virtuelle a 360\u00b0\r<\/div><div style=\"color:black;\" class=\"rpt_feature rpt_feature_0-7\">T\u00e9l\u00e9charger les certificats de propri\u00e9t\u00e9\r<\/div><div style=\"color:black;\" class=\"rpt_feature rpt_feature_0-8\">T\u00e9l\u00e9charger les rapports d'audit\r<\/div><div style=\"color:black;\" class=\"rpt_feature rpt_feature_0-9\">T\u00e9l\u00e9charger les rapports financiers\r<\/div><div style=\"color:black;\" class=\"rpt_feature rpt_feature_0-10\">T\u00e9l\u00e9charger les risques Pays\r<\/div><div style=\"color:black;\" class=\"rpt_feature rpt_feature_0-11\">8 heures d'assistance\r<\/div><div style=\"color:black;\" class=\"rpt_feature rpt_feature_0-12\">Assistance par e-mail\r<\/div><div style=\"color:black;\" class=\"rpt_feature rpt_feature_0-13\">OBS &amp; Services Logistique\r<\/div><div style=\"color:black;\" class=\"rpt_feature rpt_feature_0-14\">Application mobile disponible\r<\/div><div style=\"color:black;\" class=\"rpt_feature rpt_feature_0-15\">Invitation aux \u00e9v\u00e9nements et r\u00e9unions\r<\/div><div style=\"color:black;\" class=\"rpt_feature rpt_feature_0-16\">Cours en ligne pour nos membres\r<\/div><div style=\"color:black;\" class=\"rpt_feature rpt_feature_0-17\">Recevez nos Newsletters<\/div><\/div><a target=\"_blank\" href=\"https:\/\/garudasupplies.com\/gold-membership-french\/\" style=\"background:#81d742\" class=\"rpt_foot rpt_foot_0\">Choisir cette Offre<\/a><\/div><div class=\"rpt_plan   rpt_plan_1  \"><div style=\"text-align:left;\" class=\"rpt_title rpt_title_1\">Gold Members<\/div><div class=\"rpt_head rpt_head_1\"><div class=\"rpt_recurrence rpt_recurrence_1\">Ann\u00e9e<\/div><div class=\"rpt_price rpt_price_1\"><sup class=\"rpt_currency\">GBP<\/sup>24500<\/div><div style=\"color:#dd9933;\" class=\"rpt_subtitle rpt_subtitle_1\">1 audits de soci\u00e9t\u00e9 inclus<\/div><div class=\"rpt_description rpt_description_1\">un acc\u00e8s complet \u00e0 notre place de march\u00e9<\/div><\/div><div class=\"rpt_features rpt_features_1\"><div style=\"color:black;\" class=\"rpt_feature rpt_feature_1-0\">Acc\u00e8s \u00e0 notre place de march\u00e9\r<\/div><div style=\"color:black;\" class=\"rpt_feature rpt_feature_1-1\">Inscription \u00e0 l'annuaire des membres\r<\/div><div style=\"color:black;\" class=\"rpt_feature rpt_feature_1-2\">Acc\u00e9der a nos prix n\u00e9goci\u00e9s\r<\/div><div style=\"color:black;\" class=\"rpt_feature rpt_feature_1-3\">Termes et conditions n\u00e9goci\u00e9s\r<\/div><div style=\"color:black;\" class=\"rpt_feature rpt_feature_1-4\">Solutions de financement n\u00e9goci\u00e9s\r<\/div><div style=\"color:black;\" class=\"rpt_feature rpt_feature_1-5\">Visite Virtuelle 3D par Drone\r<\/div><div style=\"color:black;\" class=\"rpt_feature rpt_feature_1-6\">Visite virtuelle a 360\u00b0\r<\/div><div style=\"color:black;\" class=\"rpt_feature rpt_feature_1-7\">T\u00e9l\u00e9charger les certificats de propri\u00e9t\u00e9\r<\/div><div style=\"color:black;\" class=\"rpt_feature rpt_feature_1-8\">T\u00e9l\u00e9charger les rapports d'audit\r<\/div><div style=\"color:black;\" class=\"rpt_feature rpt_feature_1-9\">T\u00e9l\u00e9charger les rapports financiers\r<\/div><div style=\"color:black;\" class=\"rpt_feature rpt_feature_1-10\">T\u00e9l\u00e9charger les risques Pays\r<\/div><div style=\"color:black;\" class=\"rpt_feature rpt_feature_1-11\">16 heures d'assistance\r<\/div><div style=\"color:black;\" class=\"rpt_feature rpt_feature_1-12\">Assistance par e-mail\r<\/div><div style=\"color:black;\" class=\"rpt_feature rpt_feature_1-13\">OBS &amp; Services Logistique\r<\/div><div style=\"color:black;\" class=\"rpt_feature rpt_feature_1-14\">Application mobile disponible\r<\/div><div style=\"color:black;\" class=\"rpt_feature rpt_feature_1-15\">Invitation aux \u00e9v\u00e9nements et r\u00e9unions\r<\/div><div style=\"color:black;\" class=\"rpt_feature rpt_feature_1-16\">Cours en ligne pour nos membres\r<\/div><div style=\"color:black;\" class=\"rpt_feature rpt_feature_1-17\">Recevez nos Newsletters\r<\/div><div style=\"color:black;\" class=\"rpt_feature rpt_feature_1-18\">1 Audit (hors co\u00fbt de transport)<\/div><\/div><a target=\"_blank\" href=\"https:\/\/garudasupplies.com\/platinum-membership-french\/\" style=\"background:#dd9933\" class=\"rpt_foot rpt_foot_1\">Choisir cette offre<\/a><\/div><div class=\"rpt_plan   rpt_plan_2  \"><div style=\"text-align:left;\" class=\"rpt_title rpt_title_2\">Platinium Members<\/div><div class=\"rpt_head rpt_head_2\"><div class=\"rpt_recurrence rpt_recurrence_2\">Ann\u00e9e<\/div><div class=\"rpt_price rpt_price_2\"><sup class=\"rpt_currency\">GBP<\/sup>36500<\/div><div style=\"color:#dd3333;\" class=\"rpt_subtitle rpt_subtitle_2\">3 audits &amp; 1 Inspection inclus<\/div><div class=\"rpt_description rpt_description_2\">un acc\u00e8s complet \u00e0 notre place de march\u00e9<\/div><\/div><div class=\"rpt_features rpt_features_2\"><div style=\"color:black;\" class=\"rpt_feature rpt_feature_2-0\">Acc\u00e8s \u00e0 notre place de march\u00e9\r<\/div><div style=\"color:black;\" class=\"rpt_feature rpt_feature_2-1\">Inscription \u00e0 l'annuaire des membres\r<\/div><div style=\"color:black;\" class=\"rpt_feature rpt_feature_2-2\">Acc\u00e9der a nos prix n\u00e9goci\u00e9s\r<\/div><div style=\"color:black;\" class=\"rpt_feature rpt_feature_2-3\">Termes et conditions n\u00e9goci\u00e9s\r<\/div><div style=\"color:black;\" class=\"rpt_feature rpt_feature_2-4\">Solutions de financement n\u00e9goci\u00e9s\r<\/div><div style=\"color:black;\" class=\"rpt_feature rpt_feature_2-5\">Visite Virtuelle 3D par Drone\r<\/div><div style=\"color:black;\" class=\"rpt_feature rpt_feature_2-6\">Visite virtuelle a 360\u00b0\r<\/div><div style=\"color:black;\" class=\"rpt_feature rpt_feature_2-7\">T\u00e9l\u00e9charger les certificats de propri\u00e9t\u00e9\r<\/div><div style=\"color:black;\" class=\"rpt_feature rpt_feature_2-8\">T\u00e9l\u00e9charger les rapports d'audit\r<\/div><div style=\"color:black;\" class=\"rpt_feature rpt_feature_2-9\">T\u00e9l\u00e9charger les rapports financiers\r<\/div><div style=\"color:black;\" class=\"rpt_feature rpt_feature_2-10\">T\u00e9l\u00e9charger les risques Pays\r<\/div><div style=\"color:black;\" class=\"rpt_feature rpt_feature_2-11\">24 heures d'assistance\r<\/div><div style=\"color:black;\" class=\"rpt_feature rpt_feature_2-12\">Assistance par e-mail\r<\/div><div style=\"color:black;\" class=\"rpt_feature rpt_feature_2-13\">OBS &amp; Services Logistique\r<\/div><div style=\"color:black;\" class=\"rpt_feature rpt_feature_2-14\">Application mobile disponible\r<\/div><div style=\"color:black;\" class=\"rpt_feature rpt_feature_2-15\">Invitation aux \u00e9v\u00e9nements et r\u00e9unions\r<\/div><div style=\"color:black;\" class=\"rpt_feature rpt_feature_2-16\">Cours en ligne pour nos membres\r<\/div><div style=\"color:black;\" class=\"rpt_feature rpt_feature_2-17\">Recevez nos Newsletters\r<\/div><div style=\"color:black;\" class=\"rpt_feature rpt_feature_2-18\">3 Audits (hors co\u00fbt de transport)\r<\/div><div style=\"color:black;\" class=\"rpt_feature rpt_feature_2-19\">1 Inspection Technique (hors co\u00fbt de transport)<\/div><\/div><a target=\"_blank\" href=\"https:\/\/garudasupplies.com\/platinum-membership-french\/\" style=\"background:#dd3333\" class=\"rpt_foot rpt_foot_2\">Choisir cette offre<\/a><\/div><\/div><\/div><div style=\"clear:both;\"><\/div><\/div>\n\t\t\t\t\t\t<\/div>\n\t\t\t\t<\/div>\n\t\t\t\t<div class=\"elementor-element elementor-element-6c6f4ca elementor-widget-divider--view-line elementor-widget elementor-widget-divider\" data-id=\"6c6f4ca\" data-element_type=\"widget\" data-widget_type=\"divider.default\">\n\t\t\t\t<div class=\"elementor-widget-container\">\n\t\t\t\t\t\t\t<div class=\"elementor-divider\">\n\t\t\t<span class=\"elementor-divider-separator\">\n\t\t\t\t\t\t<\/span>\n\t\t<\/div>\n\t\t\t\t\t\t<\/div>\n\t\t\t\t<\/div>\n\t\t\t\t<div class=\"elementor-element elementor-element-1eb5af0 elementor-widget elementor-widget-text-editor\" data-id=\"1eb5af0\" data-element_type=\"widget\" data-widget_type=\"text-editor.default\">\n\t\t\t\t<div class=\"elementor-widget-container\">\n\t\t\t\t\t\t\t\t\t<p><strong>L&#8217;adh\u00e9sion des fournisseurs est un programme B2B sp\u00e9cialis\u00e9 con\u00e7u pour les fournisseurs et les distributeurs<\/strong> afin de se connecter avec des acheteurs du monde entier. <strong>Notre objectif est de vous aider \u00e0 accro\u00eetre votre visibilit\u00e9 et \u00e0 augmenter votre volume de ventes.<\/strong><\/p>\t\t\t\t\t\t\t\t<\/div>\n\t\t\t\t<\/div>\n\t\t\t\t\t<\/div>\n\t\t<\/div>\n\t\t\t\t\t<\/div>\n\t\t<\/section>\n\t\t\t\t<\/div>\n\t\t","protected":false},"excerpt":{"rendered":"<p>Programme d\u2019Adh\u00e9sion pour Acheteurs Garuda Supplies L&#8217;adh\u00e9sion des fournisseurs est un programme B2B sp\u00e9cialis\u00e9 con\u00e7u pour les fournisseurs et les distributeurs afin de se connecter avec des acheteurs du monde entier. Notre objectif est de vous aider \u00e0 accro\u00eetre votre visibilit\u00e9 et \u00e0 augmenter votre volume de ventes.<\/p>\n","protected":false},"author":3378,"featured_media":0,"parent":59457,"menu_order":0,"comment_status":"closed","ping_status":"closed","template":"","meta":{"_acf_changed":false,"ocean_post_layout":"","ocean_both_sidebars_style":"","ocean_both_sidebars_content_width":0,"ocean_both_sidebars_sidebars_width":0,"ocean_sidebar":"0","ocean_second_sidebar":"0","ocean_disable_margins":"on","ocean_add_body_class":"","ocean_shortcode_before_top_bar":"","ocean_shortcode_after_top_bar":"","ocean_shortcode_before_header":"","ocean_shortcode_after_header":"","ocean_has_shortcode":"","ocean_shortcode_after_title":"","ocean_shortcode_before_footer_widgets":"","ocean_shortcode_after_footer_widgets":"","ocean_shortcode_before_footer_bottom":"","ocean_shortcode_after_footer_bottom":"","ocean_display_top_bar":"default","ocean_display_header":"default","ocean_header_style":"","ocean_center_header_left_menu":"0","ocean_custom_header_template":"0","ocean_custom_logo":0,"ocean_custom_retina_logo":0,"ocean_custom_logo_max_width":0,"ocean_custom_logo_tablet_max_width":0,"ocean_custom_logo_mobile_max_width":0,"ocean_custom_logo_max_height":0,"ocean_custom_logo_tablet_max_height":0,"ocean_custom_logo_mobile_max_height":0,"ocean_header_custom_menu":"0","ocean_menu_typo_font_family":"0","ocean_menu_typo_font_subset":"","ocean_menu_typo_font_size":0,"ocean_menu_typo_font_size_tablet":0,"ocean_menu_typo_font_size_mobile":0,"ocean_menu_typo_font_size_unit":"px","ocean_menu_typo_font_weight":"","ocean_menu_typo_font_weight_tablet":"","ocean_menu_typo_font_weight_mobile":"","ocean_menu_typo_transform":"","ocean_menu_typo_transform_tablet":"","ocean_menu_typo_transform_mobile":"","ocean_menu_typo_line_height":0,"ocean_menu_typo_line_height_tablet":0,"ocean_menu_typo_line_height_mobile":0,"ocean_menu_typo_line_height_unit":"","ocean_menu_typo_spacing":0,"ocean_menu_typo_spacing_tablet":0,"ocean_menu_typo_spacing_mobile":0,"ocean_menu_typo_spacing_unit":"","ocean_menu_link_color":"","ocean_menu_link_color_hover":"","ocean_menu_link_color_active":"","ocean_menu_link_background":"","ocean_menu_link_hover_background":"","ocean_menu_link_active_background":"","ocean_menu_social_links_bg":"","ocean_menu_social_hover_links_bg":"","ocean_menu_social_links_color":"","ocean_menu_social_hover_links_color":"","ocean_disable_title":"default","ocean_disable_heading":"default","ocean_post_title":"","ocean_post_subheading":"","ocean_post_title_style":"","ocean_post_title_background_color":"","ocean_post_title_background":0,"ocean_post_title_bg_image_position":"","ocean_post_title_bg_image_attachment":"","ocean_post_title_bg_image_repeat":"","ocean_post_title_bg_image_size":"","ocean_post_title_height":0,"ocean_post_title_bg_overlay":0.5,"ocean_post_title_bg_overlay_color":"","ocean_disable_breadcrumbs":"default","ocean_breadcrumbs_color":"","ocean_breadcrumbs_separator_color":"","ocean_breadcrumbs_links_color":"","ocean_breadcrumbs_links_hover_color":"","ocean_display_footer_widgets":"on","ocean_display_footer_bottom":"off","ocean_custom_footer_template":"0","footnotes":""},"simple-restrict-permission":[],"class_list":["post-27661","page","type-page","status-publish","hentry","entry","owp-thumbs-layout-vertical","owp-btn-normal","owp-tabs-layout-horizontal","has-no-thumbnails","has-product-nav"],"acf":[],"yoast_head":"<!-- This site is optimized with the Yoast SEO plugin v26.9 - https:\/\/yoast.com\/product\/yoast-seo-wordpress\/ -->\n<title>Garuda Supplies Membership<\/title>\n<meta name=\"description\" content=\"Garuda Supplies aide les entreprises \u00e0 naviguer dans des march\u00e9s mondiaux complexes gr\u00e2ce \u00e0 des solutions innovantes, durables et sur mesure.\" \/>\n<meta name=\"robots\" content=\"index, follow, max-snippet:-1, max-image-preview:large, max-video-preview:-1\" \/>\n<link rel=\"canonical\" href=\"https:\/\/garudasupplies.com\/en\/buyer-membership\/membership-levels\/\" \/>\n<meta name=\"twitter:card\" content=\"summary_large_image\" \/>\n<meta name=\"twitter:title\" content=\"Garuda Supplies Membership\" \/>\n<meta name=\"twitter:description\" content=\"Garuda Supplies aide les entreprises \u00e0 naviguer dans des march\u00e9s mondiaux complexes gr\u00e2ce \u00e0 des solutions innovantes, durables et sur mesure.\" \/>\n<meta name=\"twitter:label1\" content=\"Est. reading time\" \/>\n\t<meta name=\"twitter:data1\" content=\"2 minutes\" \/>\n<script type=\"application\/ld+json\" class=\"yoast-schema-graph\">{\"@context\":\"https:\/\/schema.org\",\"@graph\":[{\"@type\":\"WebPage\",\"@id\":\"https:\/\/garudasupplies.com\/en\/buyer-membership\/membership-levels\/\",\"url\":\"https:\/\/garudasupplies.com\/en\/buyer-membership\/membership-levels\/\",\"name\":\"Garuda Supplies Membership\",\"isPartOf\":{\"@id\":\"https:\/\/garudasupplies.com\/en\/#website\"},\"datePublished\":\"2019-07-11T09:32:46+00:00\",\"dateModified\":\"2026-01-30T12:11:44+00:00\",\"description\":\"Garuda Supplies aide les entreprises \u00e0 naviguer dans des march\u00e9s mondiaux complexes gr\u00e2ce \u00e0 des solutions innovantes, durables et sur mesure.\",\"breadcrumb\":{\"@id\":\"https:\/\/garudasupplies.com\/en\/buyer-membership\/membership-levels\/#breadcrumb\"},\"inLanguage\":\"fr-FR\",\"potentialAction\":[{\"@type\":\"ReadAction\",\"target\":[\"https:\/\/garudasupplies.com\/en\/buyer-membership\/membership-levels\/\"]}]},{\"@type\":\"BreadcrumbList\",\"@id\":\"https:\/\/garudasupplies.com\/en\/buyer-membership\/membership-levels\/#breadcrumb\",\"itemListElement\":[{\"@type\":\"ListItem\",\"position\":1,\"name\":\"Home\",\"item\":\"https:\/\/garudasupplies.com\/en\/\"},{\"@type\":\"ListItem\",\"position\":2,\"name\":\"Adh\u00e9sion\",\"item\":\"https:\/\/garudasupplies.com\/en\/buyer-membership\/\"},{\"@type\":\"ListItem\",\"position\":3,\"name\":\"Niveaux d&#8217;adh\u00e9sion\"}]},{\"@type\":\"WebSite\",\"@id\":\"https:\/\/garudasupplies.com\/en\/#website\",\"url\":\"https:\/\/garudasupplies.com\/en\/\",\"name\":\"Garuda Supplies\",\"description\":\"Garuda Supplies\",\"publisher\":{\"@id\":\"https:\/\/garudasupplies.com\/en\/#organization\"},\"potentialAction\":[{\"@type\":\"SearchAction\",\"target\":{\"@type\":\"EntryPoint\",\"urlTemplate\":\"https:\/\/garudasupplies.com\/en\/?s={search_term_string}\"},\"query-input\":{\"@type\":\"PropertyValueSpecification\",\"valueRequired\":true,\"valueName\":\"search_term_string\"}}],\"inLanguage\":\"fr-FR\"},{\"@type\":\"Organization\",\"@id\":\"https:\/\/garudasupplies.com\/en\/#organization\",\"name\":\"PT Indonesian Supplies\",\"url\":\"https:\/\/garudasupplies.com\/en\/\",\"logo\":{\"@type\":\"ImageObject\",\"inLanguage\":\"fr-FR\",\"@id\":\"https:\/\/garudasupplies.com\/en\/#\/schema\/logo\/image\/\",\"url\":\"https:\/\/garudasupplies.com\/wp-content\/uploads\/2021\/05\/Logo-Indonesian-Supplies-300x352-1.png\",\"contentUrl\":\"https:\/\/garudasupplies.com\/wp-content\/uploads\/2021\/05\/Logo-Indonesian-Supplies-300x352-1.png\",\"width\":300,\"height\":253,\"caption\":\"PT Indonesian Supplies\"},\"image\":{\"@id\":\"https:\/\/garudasupplies.com\/en\/#\/schema\/logo\/image\/\"},\"sameAs\":[\"https:\/\/www.facebook.com\/Indonesian-Supplies-110227014847832\"]}]}<\/script>\n<!-- \/ Yoast SEO plugin. -->","yoast_head_json":{"title":"Garuda Supplies Membership","description":"Garuda Supplies aide les entreprises \u00e0 naviguer dans des march\u00e9s mondiaux complexes gr\u00e2ce \u00e0 des solutions innovantes, durables et sur mesure.","robots":{"index":"index","follow":"follow","max-snippet":"max-snippet:-1","max-image-preview":"max-image-preview:large","max-video-preview":"max-video-preview:-1"},"canonical":"https:\/\/garudasupplies.com\/en\/buyer-membership\/membership-levels\/","twitter_card":"summary_large_image","twitter_title":"Garuda Supplies Membership","twitter_description":"Garuda Supplies aide les entreprises \u00e0 naviguer dans des march\u00e9s mondiaux complexes gr\u00e2ce \u00e0 des solutions innovantes, durables et sur mesure.","twitter_misc":{"Est. reading time":"2 minutes"},"schema":{"@context":"https:\/\/schema.org","@graph":[{"@type":"WebPage","@id":"https:\/\/garudasupplies.com\/en\/buyer-membership\/membership-levels\/","url":"https:\/\/garudasupplies.com\/en\/buyer-membership\/membership-levels\/","name":"Garuda Supplies Membership","isPartOf":{"@id":"https:\/\/garudasupplies.com\/en\/#website"},"datePublished":"2019-07-11T09:32:46+00:00","dateModified":"2026-01-30T12:11:44+00:00","description":"Garuda Supplies aide les entreprises \u00e0 naviguer dans des march\u00e9s mondiaux complexes gr\u00e2ce \u00e0 des solutions innovantes, durables et sur mesure.","breadcrumb":{"@id":"https:\/\/garudasupplies.com\/en\/buyer-membership\/membership-levels\/#breadcrumb"},"inLanguage":"fr-FR","potentialAction":[{"@type":"ReadAction","target":["https:\/\/garudasupplies.com\/en\/buyer-membership\/membership-levels\/"]}]},{"@type":"BreadcrumbList","@id":"https:\/\/garudasupplies.com\/en\/buyer-membership\/membership-levels\/#breadcrumb","itemListElement":[{"@type":"ListItem","position":1,"name":"Home","item":"https:\/\/garudasupplies.com\/en\/"},{"@type":"ListItem","position":2,"name":"Adh\u00e9sion","item":"https:\/\/garudasupplies.com\/en\/buyer-membership\/"},{"@type":"ListItem","position":3,"name":"Niveaux d&#8217;adh\u00e9sion"}]},{"@type":"WebSite","@id":"https:\/\/garudasupplies.com\/en\/#website","url":"https:\/\/garudasupplies.com\/en\/","name":"Garuda Supplies","description":"Garuda Supplies","publisher":{"@id":"https:\/\/garudasupplies.com\/en\/#organization"},"potentialAction":[{"@type":"SearchAction","target":{"@type":"EntryPoint","urlTemplate":"https:\/\/garudasupplies.com\/en\/?s={search_term_string}"},"query-input":{"@type":"PropertyValueSpecification","valueRequired":true,"valueName":"search_term_string"}}],"inLanguage":"fr-FR"},{"@type":"Organization","@id":"https:\/\/garudasupplies.com\/en\/#organization","name":"PT Indonesian Supplies","url":"https:\/\/garudasupplies.com\/en\/","logo":{"@type":"ImageObject","inLanguage":"fr-FR","@id":"https:\/\/garudasupplies.com\/en\/#\/schema\/logo\/image\/","url":"https:\/\/garudasupplies.com\/wp-content\/uploads\/2021\/05\/Logo-Indonesian-Supplies-300x352-1.png","contentUrl":"https:\/\/garudasupplies.com\/wp-content\/uploads\/2021\/05\/Logo-Indonesian-Supplies-300x352-1.png","width":300,"height":253,"caption":"PT Indonesian Supplies"},"image":{"@id":"https:\/\/garudasupplies.com\/en\/#\/schema\/logo\/image\/"},"sameAs":["https:\/\/www.facebook.com\/Indonesian-Supplies-110227014847832"]}]}},"_links":{"self":[{"href":"https:\/\/garudasupplies.com\/fr\/wp-json\/wp\/v2\/pages\/27661","targetHints":{"allow":["GET"]}}],"collection":[{"href":"https:\/\/garudasupplies.com\/fr\/wp-json\/wp\/v2\/pages"}],"about":[{"href":"https:\/\/garudasupplies.com\/fr\/wp-json\/wp\/v2\/types\/page"}],"author":[{"embeddable":true,"href":"https:\/\/garudasupplies.com\/fr\/wp-json\/wp\/v2\/users\/3378"}],"replies":[{"embeddable":true,"href":"https:\/\/garudasupplies.com\/fr\/wp-json\/wp\/v2\/comments?post=27661"}],"version-history":[{"count":9,"href":"https:\/\/garudasupplies.com\/fr\/wp-json\/wp\/v2\/pages\/27661\/revisions"}],"predecessor-version":[{"id":96456,"href":"https:\/\/garudasupplies.com\/fr\/wp-json\/wp\/v2\/pages\/27661\/revisions\/96456"}],"up":[{"embeddable":true,"href":"https:\/\/garudasupplies.com\/fr\/wp-json\/wp\/v2\/pages\/59457"}],"wp:attachment":[{"href":"https:\/\/garudasupplies.com\/fr\/wp-json\/wp\/v2\/media?parent=27661"}],"wp:term":[{"taxonomy":"simple-restrict-permission","embeddable":true,"href":"https:\/\/garudasupplies.com\/fr\/wp-json\/wp\/v2\/simple-restrict-permission?post=27661"}],"curies":[{"name":"wp","href":"https:\/\/api.w.org\/{rel}","templated":true}]}}