{"id":36995,"date":"2019-11-14T11:40:29","date_gmt":"2019-11-14T11:40:29","guid":{"rendered":"https:\/\/garudasupplies.com\/en\/products-for-visitors\/washer-extractors-fs-line-fs800\/"},"modified":"2019-11-14T11:40:29","modified_gmt":"2019-11-14T11:40:29","slug":"washer-extractors-fs-line-fs800","status":"publish","type":"product","link":"https:\/\/garudasupplies.com\/en\/product\/washer-extractors-fs-line-fs800\/","title":{"rendered":"Washer Extractors \u2013 FS Line \u2013 FS800"},"content":{"rendered":"<p><span style=\"color: rgb(122, 122, 122); font-family: Roboto, sans-serif; text-align: justify;\">Product features Standard XControl Plus microprocessor Large door opening (\u00d854 cm) Large drain valves (2x\u00d876 mm) PowerWash\u00ae perforated lifting ribs Patented soap dispenser with 5 removable compartments Standard liquid soap connections Spesifications Capacity 80 kg G-Factor 350 Drum volume 807 l Drum diameter 1110 mm Frequency controlled motor standard Standard wash speed 35 rpm Max. spin speed 750 rpm Stainless steel drum standard Electrical heating 67,5 kW Water inlet 3\u00d71 1\/2\u201c inch Dimensions (H\u00d7W\u00d7D) 1985x1495x1940 mm Packed dimensions (H\u00d7W\u00d7D) 2220x1690x1950 mm Net weight 2640 kg Gross weight 2830 kg XControl Plus microprocessor programmer standard Stainless steel cabinet standard Steam high pressure heating 3-8 bar Electrical connection 3\u00d7380-480V 50\/60Hz (3\u00d7208-240V 50\/60Hz) Volume (packed) 7,2 m3 Water consumption of cold\/hot water per load (60\u00b0C programme without prewash) 815 l Water consumption per 1 kg of load 10,1 l Steam inlet 1 inch Compressed air inlet 1\/3 inch Drain 103 mm<\/span><br data-mce-bogus=\"1\"><\/p>\n","protected":false},"excerpt":{"rendered":"<p><br data-mce-bogus=\"1\"><\/p>\n","protected":false},"featured_media":36994,"comment_status":"open","ping_status":"closed","template":"","meta":{"_acf_changed":false,"ocean_post_layout":"","ocean_both_sidebars_style":"","ocean_both_sidebars_content_width":0,"ocean_both_sidebars_sidebars_width":0,"ocean_sidebar":"","ocean_second_sidebar":"","ocean_disable_margins":"enable","ocean_add_body_class":"","ocean_shortcode_before_top_bar":"","ocean_shortcode_after_top_bar":"","ocean_shortcode_before_header":"","ocean_shortcode_after_header":"","ocean_has_shortcode":"","ocean_shortcode_after_title":"","ocean_shortcode_before_footer_widgets":"","ocean_shortcode_after_footer_widgets":"","ocean_shortcode_before_footer_bottom":"","ocean_shortcode_after_footer_bottom":"","ocean_display_top_bar":"default","ocean_display_header":"default","ocean_header_style":"","ocean_center_header_left_menu":"","ocean_custom_header_template":"","ocean_custom_logo":0,"ocean_custom_retina_logo":0,"ocean_custom_logo_max_width":0,"ocean_custom_logo_tablet_max_width":0,"ocean_custom_logo_mobile_max_width":0,"ocean_custom_logo_max_height":0,"ocean_custom_logo_tablet_max_height":0,"ocean_custom_logo_mobile_max_height":0,"ocean_header_custom_menu":"","ocean_menu_typo_font_family":"","ocean_menu_typo_font_subset":"","ocean_menu_typo_font_size":0,"ocean_menu_typo_font_size_tablet":0,"ocean_menu_typo_font_size_mobile":0,"ocean_menu_typo_font_size_unit":"px","ocean_menu_typo_font_weight":"","ocean_menu_typo_font_weight_tablet":"","ocean_menu_typo_font_weight_mobile":"","ocean_menu_typo_transform":"","ocean_menu_typo_transform_tablet":"","ocean_menu_typo_transform_mobile":"","ocean_menu_typo_line_height":0,"ocean_menu_typo_line_height_tablet":0,"ocean_menu_typo_line_height_mobile":0,"ocean_menu_typo_line_height_unit":"","ocean_menu_typo_spacing":0,"ocean_menu_typo_spacing_tablet":0,"ocean_menu_typo_spacing_mobile":0,"ocean_menu_typo_spacing_unit":"","ocean_menu_link_color":"","ocean_menu_link_color_hover":"","ocean_menu_link_color_active":"","ocean_menu_link_background":"","ocean_menu_link_hover_background":"","ocean_menu_link_active_background":"","ocean_menu_social_links_bg":"","ocean_menu_social_hover_links_bg":"","ocean_menu_social_links_color":"","ocean_menu_social_hover_links_color":"","ocean_disable_title":"default","ocean_disable_heading":"default","ocean_post_title":"","ocean_post_subheading":"","ocean_post_title_style":"","ocean_post_title_background_color":"","ocean_post_title_background":0,"ocean_post_title_bg_image_position":"","ocean_post_title_bg_image_attachment":"","ocean_post_title_bg_image_repeat":"","ocean_post_title_bg_image_size":"","ocean_post_title_height":0,"ocean_post_title_bg_overlay":0.5,"ocean_post_title_bg_overlay_color":"","ocean_disable_breadcrumbs":"default","ocean_breadcrumbs_color":"","ocean_breadcrumbs_separator_color":"","ocean_breadcrumbs_links_color":"","ocean_breadcrumbs_links_hover_color":"","ocean_display_footer_widgets":"default","ocean_display_footer_bottom":"default","ocean_custom_footer_template":""},"product_brand":[],"product_cat":[2663],"product_tag":[2661,2662,1366,2660,2672,2703,2659],"availability":[],"location_product":[],"market_product":[],"certificate":[],"vendor_type":[],"condition":[],"coupon_value":[],"class_list":{"0":"post-36995","1":"product","2":"type-product","3":"status-publish","4":"has-post-thumbnail","6":"product_cat-washing-machine","7":"product_tag-bali","8":"product_tag-duta-indah-abadi","9":"product_tag-indonesia","10":"product_tag-laundry","11":"product_tag-primus","12":"product_tag-washer-extractors-fs-line-fs800","13":"product_tag-washing-machine","14":"pa_product-type-product-to-purchase","16":"entry","17":"has-media","19":"first","20":"instock","21":"taxable","22":"shipping-taxable","23":"product-type-simple","24":"has-product-nav","25":"col","26":"span_1_of_4","27":"owp-content-center","28":"owp-thumbs-layout-vertical","29":"owp-btn-normal","30":"owp-tabs-layout-horizontal","31":"has-no-thumbnails"},"acf":[],"yoast_head":"<!-- This site is optimized with the Yoast SEO plugin v26.9 - https:\/\/yoast.com\/product\/yoast-seo-wordpress\/ -->\n<title>Washer Extractors \u2013 FS Line \u2013 FS800<\/title>\n<meta name=\"robots\" content=\"index, follow, max-snippet:-1, max-image-preview:large, max-video-preview:-1\" \/>\n<link rel=\"canonical\" href=\"https:\/\/garudasupplies.com\/en\/product\/washer-extractors-fs-line-fs800\/\" \/>\n<meta name=\"twitter:card\" content=\"summary_large_image\" \/>\n<meta name=\"twitter:title\" content=\"Washer Extractors \u2013 FS Line \u2013 FS800\" \/>\n<meta name=\"twitter:image\" content=\"https:\/\/garudasupplies.com\/wp-content\/uploads\/2019\/11\/e3d995a152e18bb86fa197fdc98b26b8_M.jpg\" \/>\n<meta name=\"twitter:label1\" content=\"Est. reading time\" \/>\n\t<meta name=\"twitter:data1\" content=\"1 minute\" \/>\n<script type=\"application\/ld+json\" class=\"yoast-schema-graph\">{\"@context\":\"https:\/\/schema.org\",\"@graph\":[{\"@type\":\"WebPage\",\"@id\":\"https:\/\/garudasupplies.com\/en\/product\/washer-extractors-fs-line-fs800\/\",\"url\":\"https:\/\/garudasupplies.com\/en\/product\/washer-extractors-fs-line-fs800\/\",\"name\":\"Washer Extractors \u2013 FS Line \u2013 FS800\",\"isPartOf\":{\"@id\":\"https:\/\/garudasupplies.com\/en\/#website\"},\"primaryImageOfPage\":{\"@id\":\"https:\/\/garudasupplies.com\/en\/product\/washer-extractors-fs-line-fs800\/#primaryimage\"},\"image\":{\"@id\":\"https:\/\/garudasupplies.com\/en\/product\/washer-extractors-fs-line-fs800\/#primaryimage\"},\"thumbnailUrl\":\"https:\/\/garudasupplies.com\/wp-content\/uploads\/2019\/11\/e3d995a152e18bb86fa197fdc98b26b8_M.jpg\",\"datePublished\":\"2019-11-14T11:40:29+00:00\",\"breadcrumb\":{\"@id\":\"https:\/\/garudasupplies.com\/en\/product\/washer-extractors-fs-line-fs800\/#breadcrumb\"},\"inLanguage\":\"en-US\",\"potentialAction\":[{\"@type\":\"ReadAction\",\"target\":[\"https:\/\/garudasupplies.com\/en\/product\/washer-extractors-fs-line-fs800\/\"]}]},{\"@type\":\"ImageObject\",\"inLanguage\":\"en-US\",\"@id\":\"https:\/\/garudasupplies.com\/en\/product\/washer-extractors-fs-line-fs800\/#primaryimage\",\"url\":\"https:\/\/garudasupplies.com\/wp-content\/uploads\/2019\/11\/e3d995a152e18bb86fa197fdc98b26b8_M.jpg\",\"contentUrl\":\"https:\/\/garudasupplies.com\/wp-content\/uploads\/2019\/11\/e3d995a152e18bb86fa197fdc98b26b8_M.jpg\",\"width\":200,\"height\":200},{\"@type\":\"BreadcrumbList\",\"@id\":\"https:\/\/garudasupplies.com\/en\/product\/washer-extractors-fs-line-fs800\/#breadcrumb\",\"itemListElement\":[{\"@type\":\"ListItem\",\"position\":1,\"name\":\"Home\",\"item\":\"https:\/\/garudasupplies.com\/en\/\"},{\"@type\":\"ListItem\",\"position\":2,\"name\":\"Products For Visitors\",\"item\":\"https:\/\/garudasupplies.com\/en\/products-for-visitors\/\"},{\"@type\":\"ListItem\",\"position\":3,\"name\":\"Washer Extractors \u2013 FS Line \u2013 FS800\"}]},{\"@type\":\"WebSite\",\"@id\":\"https:\/\/garudasupplies.com\/en\/#website\",\"url\":\"https:\/\/garudasupplies.com\/en\/\",\"name\":\"Garuda Supplies\",\"description\":\"Garuda Supplies\",\"publisher\":{\"@id\":\"https:\/\/garudasupplies.com\/en\/#organization\"},\"potentialAction\":[{\"@type\":\"SearchAction\",\"target\":{\"@type\":\"EntryPoint\",\"urlTemplate\":\"https:\/\/garudasupplies.com\/en\/?s={search_term_string}\"},\"query-input\":{\"@type\":\"PropertyValueSpecification\",\"valueRequired\":true,\"valueName\":\"search_term_string\"}}],\"inLanguage\":\"en-US\"},{\"@type\":\"Organization\",\"@id\":\"https:\/\/garudasupplies.com\/en\/#organization\",\"name\":\"PT Indonesian Supplies\",\"url\":\"https:\/\/garudasupplies.com\/en\/\",\"logo\":{\"@type\":\"ImageObject\",\"inLanguage\":\"en-US\",\"@id\":\"https:\/\/garudasupplies.com\/en\/#\/schema\/logo\/image\/\",\"url\":\"https:\/\/garudasupplies.com\/wp-content\/uploads\/2021\/05\/Logo-Indonesian-Supplies-300x352-1.png\",\"contentUrl\":\"https:\/\/garudasupplies.com\/wp-content\/uploads\/2021\/05\/Logo-Indonesian-Supplies-300x352-1.png\",\"width\":300,\"height\":253,\"caption\":\"PT Indonesian Supplies\"},\"image\":{\"@id\":\"https:\/\/garudasupplies.com\/en\/#\/schema\/logo\/image\/\"},\"sameAs\":[\"https:\/\/www.facebook.com\/Indonesian-Supplies-110227014847832\"]}]}<\/script>\n<!-- \/ Yoast SEO plugin. -->","yoast_head_json":{"title":"Washer Extractors \u2013 FS Line \u2013 FS800","robots":{"index":"index","follow":"follow","max-snippet":"max-snippet:-1","max-image-preview":"max-image-preview:large","max-video-preview":"max-video-preview:-1"},"canonical":"https:\/\/garudasupplies.com\/en\/product\/washer-extractors-fs-line-fs800\/","twitter_card":"summary_large_image","twitter_title":"Washer Extractors \u2013 FS Line \u2013 FS800","twitter_image":"https:\/\/garudasupplies.com\/wp-content\/uploads\/2019\/11\/e3d995a152e18bb86fa197fdc98b26b8_M.jpg","twitter_misc":{"Est. reading time":"1 minute"},"schema":{"@context":"https:\/\/schema.org","@graph":[{"@type":"WebPage","@id":"https:\/\/garudasupplies.com\/en\/product\/washer-extractors-fs-line-fs800\/","url":"https:\/\/garudasupplies.com\/en\/product\/washer-extractors-fs-line-fs800\/","name":"Washer Extractors \u2013 FS Line \u2013 FS800","isPartOf":{"@id":"https:\/\/garudasupplies.com\/en\/#website"},"primaryImageOfPage":{"@id":"https:\/\/garudasupplies.com\/en\/product\/washer-extractors-fs-line-fs800\/#primaryimage"},"image":{"@id":"https:\/\/garudasupplies.com\/en\/product\/washer-extractors-fs-line-fs800\/#primaryimage"},"thumbnailUrl":"https:\/\/garudasupplies.com\/wp-content\/uploads\/2019\/11\/e3d995a152e18bb86fa197fdc98b26b8_M.jpg","datePublished":"2019-11-14T11:40:29+00:00","breadcrumb":{"@id":"https:\/\/garudasupplies.com\/en\/product\/washer-extractors-fs-line-fs800\/#breadcrumb"},"inLanguage":"en-US","potentialAction":[{"@type":"ReadAction","target":["https:\/\/garudasupplies.com\/en\/product\/washer-extractors-fs-line-fs800\/"]}]},{"@type":"ImageObject","inLanguage":"en-US","@id":"https:\/\/garudasupplies.com\/en\/product\/washer-extractors-fs-line-fs800\/#primaryimage","url":"https:\/\/garudasupplies.com\/wp-content\/uploads\/2019\/11\/e3d995a152e18bb86fa197fdc98b26b8_M.jpg","contentUrl":"https:\/\/garudasupplies.com\/wp-content\/uploads\/2019\/11\/e3d995a152e18bb86fa197fdc98b26b8_M.jpg","width":200,"height":200},{"@type":"BreadcrumbList","@id":"https:\/\/garudasupplies.com\/en\/product\/washer-extractors-fs-line-fs800\/#breadcrumb","itemListElement":[{"@type":"ListItem","position":1,"name":"Home","item":"https:\/\/garudasupplies.com\/en\/"},{"@type":"ListItem","position":2,"name":"Products For Visitors","item":"https:\/\/garudasupplies.com\/en\/products-for-visitors\/"},{"@type":"ListItem","position":3,"name":"Washer Extractors \u2013 FS Line \u2013 FS800"}]},{"@type":"WebSite","@id":"https:\/\/garudasupplies.com\/en\/#website","url":"https:\/\/garudasupplies.com\/en\/","name":"Garuda Supplies","description":"Garuda Supplies","publisher":{"@id":"https:\/\/garudasupplies.com\/en\/#organization"},"potentialAction":[{"@type":"SearchAction","target":{"@type":"EntryPoint","urlTemplate":"https:\/\/garudasupplies.com\/en\/?s={search_term_string}"},"query-input":{"@type":"PropertyValueSpecification","valueRequired":true,"valueName":"search_term_string"}}],"inLanguage":"en-US"},{"@type":"Organization","@id":"https:\/\/garudasupplies.com\/en\/#organization","name":"PT Indonesian Supplies","url":"https:\/\/garudasupplies.com\/en\/","logo":{"@type":"ImageObject","inLanguage":"en-US","@id":"https:\/\/garudasupplies.com\/en\/#\/schema\/logo\/image\/","url":"https:\/\/garudasupplies.com\/wp-content\/uploads\/2021\/05\/Logo-Indonesian-Supplies-300x352-1.png","contentUrl":"https:\/\/garudasupplies.com\/wp-content\/uploads\/2021\/05\/Logo-Indonesian-Supplies-300x352-1.png","width":300,"height":253,"caption":"PT Indonesian Supplies"},"image":{"@id":"https:\/\/garudasupplies.com\/en\/#\/schema\/logo\/image\/"},"sameAs":["https:\/\/www.facebook.com\/Indonesian-Supplies-110227014847832"]}]}},"_links":{"self":[{"href":"https:\/\/garudasupplies.com\/en\/wp-json\/wp\/v2\/product\/36995","targetHints":{"allow":["GET"]}}],"collection":[{"href":"https:\/\/garudasupplies.com\/en\/wp-json\/wp\/v2\/product"}],"about":[{"href":"https:\/\/garudasupplies.com\/en\/wp-json\/wp\/v2\/types\/product"}],"replies":[{"embeddable":true,"href":"https:\/\/garudasupplies.com\/en\/wp-json\/wp\/v2\/comments?post=36995"}],"version-history":[{"count":0,"href":"https:\/\/garudasupplies.com\/en\/wp-json\/wp\/v2\/product\/36995\/revisions"}],"wp:featuredmedia":[{"embeddable":true,"href":"https:\/\/garudasupplies.com\/en\/wp-json\/wp\/v2\/media\/36994"}],"wp:attachment":[{"href":"https:\/\/garudasupplies.com\/en\/wp-json\/wp\/v2\/media?parent=36995"}],"wp:term":[{"taxonomy":"product_brand","embeddable":true,"href":"https:\/\/garudasupplies.com\/en\/wp-json\/wp\/v2\/product_brand?post=36995"},{"taxonomy":"product_cat","embeddable":true,"href":"https:\/\/garudasupplies.com\/en\/wp-json\/wp\/v2\/product_cat?post=36995"},{"taxonomy":"product_tag","embeddable":true,"href":"https:\/\/garudasupplies.com\/en\/wp-json\/wp\/v2\/product_tag?post=36995"},{"taxonomy":"availability","embeddable":true,"href":"https:\/\/garudasupplies.com\/en\/wp-json\/wp\/v2\/availability?post=36995"},{"taxonomy":"location_product","embeddable":true,"href":"https:\/\/garudasupplies.com\/en\/wp-json\/wp\/v2\/location_product?post=36995"},{"taxonomy":"market_product","embeddable":true,"href":"https:\/\/garudasupplies.com\/en\/wp-json\/wp\/v2\/market_product?post=36995"},{"taxonomy":"certificate","embeddable":true,"href":"https:\/\/garudasupplies.com\/en\/wp-json\/wp\/v2\/certificate?post=36995"},{"taxonomy":"vendor_type","embeddable":true,"href":"https:\/\/garudasupplies.com\/en\/wp-json\/wp\/v2\/vendor_type?post=36995"},{"taxonomy":"condition","embeddable":true,"href":"https:\/\/garudasupplies.com\/en\/wp-json\/wp\/v2\/condition?post=36995"},{"taxonomy":"coupon_value","embeddable":true,"href":"https:\/\/garudasupplies.com\/en\/wp-json\/wp\/v2\/coupon_value?post=36995"}],"curies":[{"name":"wp","href":"https:\/\/api.w.org\/{rel}","templated":true}]}}